{"id":1434,"date":"2022-06-02T11:54:04","date_gmt":"2022-06-02T11:54:04","guid":{"rendered":"https:\/\/bico.com\/se\/?page_id=1434"},"modified":"2022-06-23T08:49:23","modified_gmt":"2022-06-23T08:49:23","slug":"kvartalsdata","status":"publish","type":"page","link":"https:\/\/bico.com\/se\/investerare\/finansiell-information\/kvartalsdata\/","title":{"rendered":"Kvartalsdata"},"content":{"rendered":"\t\t<div data-elementor-type=\"wp-page\" data-elementor-id=\"1434\" class=\"elementor elementor-1434\" data-elementor-post-type=\"page\">\n\t\t\t\t\t\t<section class=\"elementor-section elementor-top-section elementor-element elementor-element-00d2398 elementor-section-full_width elementor-section-height-default elementor-section-height-default\" data-id=\"00d2398\" data-element_type=\"section\">\n\t\t\t\t\t\t<div class=\"elementor-container elementor-column-gap-default\">\n\t\t\t\t\t<div class=\"elementor-column elementor-col-100 elementor-top-column elementor-element elementor-element-6351528\" data-id=\"6351528\" data-element_type=\"column\">\n\t\t\t<div class=\"elementor-widget-wrap elementor-element-populated\">\n\t\t\t\t\t\t<div class=\"elementor-element elementor-element-fc8e39c elementor-widget elementor-widget-bico_table\" data-id=\"fc8e39c\" data-element_type=\"widget\" data-widget_type=\"bico_table.default\">\n\t\t\t\t<div class=\"elementor-widget-container\">\n\t\t\t\t\t<h2 class=\"table-header\">Kvartalsdata<\/h2>        <style>\n        tr:nth-child(even) {\n            background-color: #f2f2f2;\n        }\n        table tbody td:first-child, table th:first-child span {\n            padding-left: 10px;\n        }\n        table th span {\n            white-space: nowrap;\n        }\n        table tbody tr {\n            border-bottom: none;\n        }\n        table tbody td {\n            padding-right: 10px\n        }\n        <\/style>\n        <table class=\"table generic-table responsive-table table-striped table-data-50\"><thead><tr><th><span>MSEK<\/span><\/th><th class=\"number-column\"><span>Jan-mars 2026<\/span><\/th><th class=\"number-column\"><span>Okt-dec 2025<\/span><\/th><th class=\"number-column\"><span>Juli-Sept 2025<\/span><\/th><th class=\"number-column\"><span>April-Juni 2025<\/span><\/th><th class=\"number-column\"><span>Jan-Mar 2025<\/span><\/th><th class=\"number-column\"><span>Okt-Dec 2024<\/span><\/th><th class=\"number-column\"><span>Juli-Sept 2024<\/span><\/th><th class=\"number-column\"><span>April-Juni 2024<\/span><\/th><th class=\"number-column\"><span>Jan-Mar 2024<\/span><\/th><\/tr><\/thead><tbody><tr><td data-title=\"MSEK\">Nettooms\u00e4ttning<\/td><td class=\"number number-column\" data-title=\"Jan-mars 2026\">329,9<\/td><td class=\"number number-column\" data-title=\"Okt-dec 2025\">451,3<\/td><td class=\"number number-column\" data-title=\"Juli-Sept 2025\">386,9<\/td><td class=\"number number-column\" data-title=\"April-Juni 2025\">324,2<\/td><td class=\"number number-column\" data-title=\"Jan-Mar 2025\">334,7<\/td><td class=\"number number-column\" data-title=\"Okt-Dec 2024\">515,1<\/td><td class=\"number number-column\" data-title=\"Juli-Sept 2024\">369,1<\/td><td class=\"number number-column\" data-title=\"April-Juni 2024\">423,3<\/td><td class=\"number number-column\" data-title=\"Jan-Mar 2024\">419,6<\/td><\/tr><tr><td data-title=\"MSEK\">Organisk tillv\u00e4xt, %<\/td><td class=\"number number-column\" data-title=\"Jan-mars 2026\">11,0%<\/td><td class=\"number number-column\" data-title=\"Okt-dec 2025\">-3.7%<\/td><td class=\"number number-column\" data-title=\"Juli-Sept 2025\">12,3%<\/td><td class=\"number number-column\" data-title=\"April-Juni 2025\">-17,0%<\/td><td class=\"number number-column\" data-title=\"Jan-Mar 2025\">-21,8%<\/td><td class=\"number number-column\" data-title=\"Okt-Dec 2024\">-0,6%<\/td><td class=\"number number-column\" data-title=\"Juli-Sept 2024\">-17,7%<\/td><td class=\"number number-column\" data-title=\"April-Juni 2024\">1,3%<\/td><td class=\"number number-column\" data-title=\"Jan-Mar 2024\">5,4%<\/td><\/tr><tr><td data-title=\"MSEK\">Bruttoresultat*<\/td><td class=\"number number-column\" data-title=\"Jan-mars 2026\">178,6<\/td><td class=\"number number-column\" data-title=\"Okt-dec 2025\">235,4<\/td><td class=\"number number-column\" data-title=\"Juli-Sept 2025\">212,7<\/td><td class=\"number number-column\" data-title=\"April-Juni 2025\">142,4<\/td><td class=\"number number-column\" data-title=\"Jan-Mar 2025\">189,7<\/td><td class=\"number number-column\" data-title=\"Okt-Dec 2024\">308,0<\/td><td class=\"number number-column\" data-title=\"Juli-Sept 2024\">200,3<\/td><td class=\"number number-column\" data-title=\"April-Juni 2024\">221,6<\/td><td class=\"number number-column\" data-title=\"Jan-Mar 2024\">192,2<\/td><\/tr><tr><td data-title=\"MSEK\">Bruttomarginal*, %<\/td><td class=\"number number-column\" data-title=\"Jan-mars 2026\">54,1%<\/td><td class=\"number number-column\" data-title=\"Okt-dec 2025\">52,2%<\/td><td class=\"number number-column\" data-title=\"Juli-Sept 2025\">55,0%<\/td><td class=\"number number-column\" data-title=\"April-Juni 2025\">43,9%<\/td><td class=\"number number-column\" data-title=\"Jan-Mar 2025\">56,7%<\/td><td class=\"number number-column\" data-title=\"Okt-Dec 2024\">59,8%<\/td><td class=\"number number-column\" data-title=\"Juli-Sept 2024\">54,3%<\/td><td class=\"number number-column\" data-title=\"April-Juni 2024\">52,3%<\/td><td class=\"number number-column\" data-title=\"Jan-Mar 2024\">45,8%<\/td><\/tr><tr><td data-title=\"MSEK\">R\u00f6relseresultat f\u00f6re avskrivningar (EBITDA)<\/td><td class=\"number number-column\" data-title=\"Jan-mars 2026\">-42,4<\/td><td class=\"number number-column\" data-title=\"Okt-dec 2025\">36,8<\/td><td class=\"number number-column\" data-title=\"Juli-Sept 2025\">4,8<\/td><td class=\"number number-column\" data-title=\"April-Juni 2025\">-52,5<\/td><td class=\"number number-column\" data-title=\"Jan-Mar 2025\">-21,4<\/td><td class=\"number number-column\" data-title=\"Okt-Dec 2024\">107,5<\/td><td class=\"number number-column\" data-title=\"Juli-Sept 2024\">4,3<\/td><td class=\"number number-column\" data-title=\"April-Juni 2024\">13,4<\/td><td class=\"number number-column\" data-title=\"Jan-Mar 2024\">-22,1<\/td><\/tr><tr><td data-title=\"MSEK\">R\u00f6relseresultat f\u00f6re avskrivningar (EBITDA), %<\/td><td class=\"number number-column\" data-title=\"Jan-mars 2026\">-12,9%<\/td><td class=\"number number-column\" data-title=\"Okt-dec 2025\">8,1%<\/td><td class=\"number number-column\" data-title=\"Juli-Sept 2025\">1,2%<\/td><td class=\"number number-column\" data-title=\"April-Juni 2025\">-16,2%<\/td><td class=\"number number-column\" data-title=\"Jan-Mar 2025\">-6,4%<\/td><td class=\"number number-column\" data-title=\"Okt-Dec 2024\">20,9%<\/td><td class=\"number number-column\" data-title=\"Juli-Sept 2024\">1,2%<\/td><td class=\"number number-column\" data-title=\"April-Juni 2024\">3,2%<\/td><td class=\"number number-column\" data-title=\"Jan-Mar 2024\">-5,3%<\/td><\/tr><tr><td data-title=\"MSEK\">R\u00f6relseresultat (EBIT)<\/td><td class=\"number number-column\" data-title=\"Jan-mars 2026\">-113,5<\/td><td class=\"number number-column\" data-title=\"Okt-dec 2025\">-25,9<\/td><td class=\"number number-column\" data-title=\"Juli-Sept 2025\">-1 083,3<\/td><td class=\"number number-column\" data-title=\"April-Juni 2025\">-105,4<\/td><td class=\"number number-column\" data-title=\"Jan-Mar 2025\">-77,9<\/td><td class=\"number number-column\" data-title=\"Okt-Dec 2024\">-8,3<\/td><td class=\"number number-column\" data-title=\"Juli-Sept 2024\">-64,3<\/td><td class=\"number number-column\" data-title=\"April-Juni 2024\">-49,6<\/td><td class=\"number number-column\" data-title=\"Jan-Mar 2024\">-178,9<\/td><\/tr><tr><td data-title=\"MSEK\">R\u00f6relseresultat (EBIT), %<\/td><td class=\"number number-column\" data-title=\"Jan-mars 2026\">-34,4%<\/td><td class=\"number number-column\" data-title=\"Okt-dec 2025\">-5,7%<\/td><td class=\"number number-column\" data-title=\"Juli-Sept 2025\">-280,0%<\/td><td class=\"number number-column\" data-title=\"April-Juni 2025\">-32,5%<\/td><td class=\"number number-column\" data-title=\"Jan-Mar 2025\">-23,3%<\/td><td class=\"number number-column\" data-title=\"Okt-Dec 2024\">-1,6%<\/td><td class=\"number number-column\" data-title=\"Juli-Sept 2024\">-17,4%<\/td><td class=\"number number-column\" data-title=\"April-Juni 2024\">-11,7%<\/td><td class=\"number number-column\" data-title=\"Jan-Mar 2024\">-42,6%<\/td><\/tr><tr><td data-title=\"MSEK\">Periodens resultat fr\u00e5n kvarvarande verksamheter<\/td><td class=\"number number-column\" data-title=\"Jan-mars 2026\">-131,3<\/td><td class=\"number number-column\" data-title=\"Okt-dec 2025\">-59,2<\/td><td class=\"number number-column\" data-title=\"Juli-Sept 2025\">-1 107,5<\/td><td class=\"number number-column\" data-title=\"April-Juni 2025\">-181,7<\/td><td class=\"number number-column\" data-title=\"Jan-Mar 2025\">-235,4<\/td><td class=\"number number-column\" data-title=\"Okt-Dec 2024\">250,5<\/td><td class=\"number number-column\" data-title=\"Juli-Sept 2024\">-260,8<\/td><td class=\"number number-column\" data-title=\"April-Juni 2024\">-81,2<\/td><td class=\"number number-column\" data-title=\"Jan-Mar 2024\">-18,6<\/td><\/tr><tr><td data-title=\"MSEK\">Kassafl\u00f6de fr\u00e5n den l\u00f6pande verksamheten<\/td><td class=\"number number-column\" data-title=\"Jan-mars 2026\">47,3<\/td><td class=\"number number-column\" data-title=\"Okt-dec 2025\">51,5<\/td><td class=\"number number-column\" data-title=\"Juli-Sept 2025\">-31,5<\/td><td class=\"number number-column\" data-title=\"April-Juni 2025\">-28,2<\/td><td class=\"number number-column\" data-title=\"Jan-Mar 2025\">76,6<\/td><td class=\"number number-column\" data-title=\"Okt-Dec 2024\">181,6<\/td><td class=\"number number-column\" data-title=\"Juli-Sept 2024\">45,0<\/td><td class=\"number number-column\" data-title=\"April-Juni 2024\">-50,9<\/td><td class=\"number number-column\" data-title=\"Jan-Mar 2024\">-17,3<\/td><\/tr><tr><td data-title=\"MSEK\">Genomsnittligt antal aktier<\/td><td class=\"number number-column\" data-title=\"Jan-mars 2026\">70 574 895<\/td><td class=\"number number-column\" data-title=\"Okt-dec 2025\">70 574 895<\/td><td class=\"number number-column\" data-title=\"Juli-Sept 2025\">70 574 895<\/td><td class=\"number number-column\" data-title=\"April-Juni 2025\">70 574 895<\/td><td class=\"number number-column\" data-title=\"Jan-Mar 2025\">70 574 895<\/td><td class=\"number number-column\" data-title=\"Okt-Dec 2024\">70 574 895<\/td><td class=\"number number-column\" data-title=\"Juli-Sept 2024\">70 574 895<\/td><td class=\"number number-column\" data-title=\"April-Juni 2024\">70 574 895<\/td><td class=\"number number-column\" data-title=\"Jan-Mar 2024\">70 574 895<\/td><\/tr><tr><td data-title=\"MSEK\">Antal aktier vid periodens slut<\/td><td class=\"number number-column\" data-title=\"Jan-mars 2026\">70 574 895<\/td><td class=\"number number-column\" data-title=\"Okt-dec 2025\">70 574 895<\/td><td class=\"number number-column\" data-title=\"Juli-Sept 2025\">70 574 895<\/td><td class=\"number number-column\" data-title=\"April-Juni 2025\">70 574 895<\/td><td class=\"number number-column\" data-title=\"Jan-Mar 2025\">70 574 895<\/td><td class=\"number number-column\" data-title=\"Okt-Dec 2024\">70 574 895<\/td><td class=\"number number-column\" data-title=\"Juli-Sept 2024\">70 574 895<\/td><td class=\"number number-column\" data-title=\"April-Juni 2024\">70 574 895<\/td><td class=\"number number-column\" data-title=\"Jan-Mar 2024\">70 574 895<\/td><\/tr><tr><td data-title=\"MSEK\">Resultat per aktie efter utsp\u00e4dning, SEK<\/td><td class=\"number number-column\" data-title=\"Jan-mars 2026\">-1,86<\/td><td class=\"number number-column\" data-title=\"Okt-dec 2025\">-0,84<\/td><td class=\"number number-column\" data-title=\"Juli-Sept 2025\">-15,68<\/td><td class=\"number number-column\" data-title=\"April-Juni 2025\">-2,55<\/td><td class=\"number number-column\" data-title=\"Jan-Mar 2025\">-3,32<\/td><td class=\"number number-column\" data-title=\"Okt-Dec 2024\">3,56<\/td><td class=\"number number-column\" data-title=\"Juli-Sept 2024\">-3,68<\/td><td class=\"number number-column\" data-title=\"April-Juni 2024\">-1,14<\/td><td class=\"number number-column\" data-title=\"Jan-Mar 2024\">-0,25<\/td><\/tr><tr><td data-title=\"MSEK\">Aktiekurs p\u00e5 balansdagen, SEK<\/td><td class=\"number number-column\" data-title=\"Jan-mars 2026\">17<\/td><td class=\"number number-column\" data-title=\"Okt-dec 2025\">21<\/td><td class=\"number number-column\" data-title=\"Juli-Sept 2025\">20<\/td><td class=\"number number-column\" data-title=\"April-Juni 2025\">36<\/td><td class=\"number number-column\" data-title=\"Jan-Mar 2025\">31<\/td><td class=\"number number-column\" data-title=\"Okt-Dec 2024\">32<\/td><td class=\"number number-column\" data-title=\"Juli-Sept 2024\">45<\/td><td class=\"number number-column\" data-title=\"April-Juni 2024\">44<\/td><td class=\"number number-column\" data-title=\"Jan-Mar 2024\">47<\/td><\/tr><tr><td data-title=\"MSEK\">B\u00f6rsv\u00e4rde p\u00e5 balansdagen, MDSEK<\/td><td class=\"number number-column\" data-title=\"Jan-mars 2026\">1,2<\/td><td class=\"number number-column\" data-title=\"Okt-dec 2025\">1,5<\/td><td class=\"number number-column\" data-title=\"Juli-Sept 2025\">1,4<\/td><td class=\"number number-column\" data-title=\"April-Juni 2025\">2,5<\/td><td class=\"number number-column\" data-title=\"Jan-Mar 2025\">2,2<\/td><td class=\"number number-column\" data-title=\"Okt-Dec 2024\">2,3<\/td><td class=\"number number-column\" data-title=\"Juli-Sept 2024\">3,1<\/td><td class=\"number number-column\" data-title=\"April-Juni 2024\">3,1<\/td><td class=\"number number-column\" data-title=\"Jan-Mar 2024\">3,3<\/td><\/tr><tr><td data-title=\"MSEK\">Antal medarbetare vid periodens utg\u00e5ng i kvarvarande verksamheter<\/td><td class=\"number number-column\" data-title=\"Jan-mars 2026\">557<\/td><td class=\"number number-column\" data-title=\"Okt-dec 2025\">567<\/td><td class=\"number number-column\" data-title=\"Juli-Sept 2025\">586<\/td><td class=\"number number-column\" data-title=\"April-Juni 2025\">599<\/td><td class=\"number number-column\" data-title=\"Jan-Mar 2025\">606<\/td><td class=\"number number-column\" data-title=\"Okt-Dec 2024\">621<\/td><td class=\"number number-column\" data-title=\"Juli-Sept 2024\">627<\/td><td class=\"number number-column\" data-title=\"April-Juni 2024\">642<\/td><td class=\"number number-column\" data-title=\"Jan-Mar 2024\">648<\/td><\/tr><\/tbody><\/table>\r\n\r\nAlla siffror p\u00e5 denna sida avser att Ginolis klassificerats som avvecklad verksamhet fr\u00e5n Q4 2023, Nanoscribe fr\u00e5n Q4 2024 och Mattek och Visikol fr\u00e5n Q3 2025 med retroaktiv effekt.\r\n\r\n* Fr\u00e5n och med f\u00f6rsta kvartalet 2024 har BICO \u00f6verg\u00e5tt till funktionsindelad resultatr\u00e4kning med retroaktiv effekt, vilket fr\u00e4mst p\u00e5verkar redovisningen av bruttoresultat och bruttomarginal j\u00e4mf\u00f6rt med tidigare perioder.\t\t\t\t<\/div>\n\t\t\t\t<\/div>\n\t\t\t\t\t<\/div>\n\t\t<\/div>\n\t\t\t\t\t<\/div>\n\t\t<\/section>\n\t\t\t\t<\/div>\n\t\t","protected":false},"excerpt":{"rendered":"<p>Kvartalsdata<\/p>\n","protected":false},"author":4,"featured_media":0,"parent":1625,"menu_order":0,"comment_status":"closed","ping_status":"closed","template":"","meta":{"_acf_changed":false,"content-type":"","footnotes":""},"class_list":["post-1434","page","type-page","status-publish","hentry"],"acf":[],"yoast_head":"<!-- This site is optimized with the Yoast SEO Premium plugin v19.3 (Yoast SEO v24.8.1) - https:\/\/yoast.com\/wordpress\/plugins\/seo\/ -->\n<title>Kvartalsdata - BICO Sverige<\/title>\n<meta name=\"description\" content=\"Tabell \u00f6ver kvartalsdata f\u00f6r BICO Group AB.\" \/>\n<meta name=\"robots\" content=\"index, follow, max-snippet:-1, max-image-preview:large, max-video-preview:-1\" \/>\n<link rel=\"canonical\" href=\"https:\/\/bico.com\/se\/investerare\/finansiell-information\/kvartalsdata\/\" \/>\n<meta property=\"og:locale\" content=\"sv_SE\" \/>\n<meta property=\"og:type\" content=\"article\" \/>\n<meta property=\"og:title\" content=\"Kvartalsdata\" \/>\n<meta property=\"og:description\" content=\"Tabell \u00f6ver kvartalsdata f\u00f6r BICO Group AB.\" \/>\n<meta property=\"og:url\" content=\"https:\/\/bico.com\/se\/investerare\/finansiell-information\/kvartalsdata\/\" \/>\n<meta property=\"og:site_name\" content=\"BICO Sverige\" \/>\n<meta property=\"article:publisher\" content=\"https:\/\/www.facebook.com\/bico.group.ab\" \/>\n<meta property=\"article:modified_time\" content=\"2022-06-23T08:49:23+00:00\" \/>\n<meta name=\"twitter:card\" content=\"summary_large_image\" \/>\n<meta name=\"twitter:site\" content=\"@theBICOgroup\" \/>\n<meta name=\"twitter:label1\" content=\"Ber\u00e4knad l\u00e4stid\" \/>\n\t<meta name=\"twitter:data1\" content=\"2 minuter\" \/>\n<script type=\"application\/ld+json\" class=\"yoast-schema-graph\">{\"@context\":\"https:\/\/schema.org\",\"@graph\":[{\"@type\":\"WebPage\",\"@id\":\"https:\/\/bico.com\/se\/investerare\/finansiell-information\/kvartalsdata\/\",\"url\":\"https:\/\/bico.com\/se\/investerare\/finansiell-information\/kvartalsdata\/\",\"name\":\"Kvartalsdata - BICO Sverige\",\"isPartOf\":{\"@id\":\"https:\/\/bico.com\/se\/#website\"},\"datePublished\":\"2022-06-02T11:54:04+00:00\",\"dateModified\":\"2022-06-23T08:49:23+00:00\",\"description\":\"Tabell \u00f6ver kvartalsdata f\u00f6r BICO Group AB.\",\"breadcrumb\":{\"@id\":\"https:\/\/bico.com\/se\/investerare\/finansiell-information\/kvartalsdata\/#breadcrumb\"},\"inLanguage\":\"sv-SE\",\"potentialAction\":[{\"@type\":\"ReadAction\",\"target\":[\"https:\/\/bico.com\/se\/investerare\/finansiell-information\/kvartalsdata\/\"]}]},{\"@type\":\"BreadcrumbList\",\"@id\":\"https:\/\/bico.com\/se\/investerare\/finansiell-information\/kvartalsdata\/#breadcrumb\",\"itemListElement\":[{\"@type\":\"ListItem\",\"position\":1,\"name\":\"Hem\",\"item\":\"https:\/\/bico.com\/se\/\"},{\"@type\":\"ListItem\",\"position\":2,\"name\":\"Investerare\",\"item\":\"https:\/\/bico.com\/se\/investerare\/\"},{\"@type\":\"ListItem\",\"position\":3,\"name\":\"Finansiell information\",\"item\":\"https:\/\/bico.com\/se\/investerare\/finansiell-information\/\"},{\"@type\":\"ListItem\",\"position\":4,\"name\":\"Kvartalsdata\"}]},{\"@type\":\"WebSite\",\"@id\":\"https:\/\/bico.com\/se\/#website\",\"url\":\"https:\/\/bico.com\/se\/\",\"name\":\"BICO Sverige\",\"description\":\"Vi m\u00f6jligg\u00f6r och automatiserar framtidens life-science lab\",\"publisher\":{\"@id\":\"https:\/\/bico.com\/se\/#organization\"},\"potentialAction\":[{\"@type\":\"SearchAction\",\"target\":{\"@type\":\"EntryPoint\",\"urlTemplate\":\"https:\/\/bico.com\/se\/?s={search_term_string}\"},\"query-input\":{\"@type\":\"PropertyValueSpecification\",\"valueRequired\":true,\"valueName\":\"search_term_string\"}}],\"inLanguage\":\"sv-SE\"},{\"@type\":\"Organization\",\"@id\":\"https:\/\/bico.com\/se\/#organization\",\"name\":\"BICO Group AB\",\"url\":\"https:\/\/bico.com\/se\/\",\"logo\":{\"@type\":\"ImageObject\",\"inLanguage\":\"sv-SE\",\"@id\":\"https:\/\/bico.com\/se\/#\/schema\/logo\/image\/\",\"url\":\"https:\/\/bico.com\/se\/wp-content\/uploads\/sites\/2\/2021\/07\/press-bico-logo.png\",\"contentUrl\":\"https:\/\/bico.com\/se\/wp-content\/uploads\/sites\/2\/2021\/07\/press-bico-logo.png\",\"width\":1920,\"height\":1280,\"caption\":\"BICO Group AB\"},\"image\":{\"@id\":\"https:\/\/bico.com\/se\/#\/schema\/logo\/image\/\"},\"sameAs\":[\"https:\/\/www.facebook.com\/bico.group.ab\",\"https:\/\/x.com\/theBICOgroup\",\"https:\/\/www.instagram.com\/bicogroup_\/\",\"https:\/\/www.linkedin.com\/company\/bico\/\"]}]}<\/script>\n<!-- \/ Yoast SEO Premium plugin. -->","yoast_head_json":{"title":"Kvartalsdata - BICO Sverige","description":"Tabell \u00f6ver kvartalsdata f\u00f6r BICO Group AB.","robots":{"index":"index","follow":"follow","max-snippet":"max-snippet:-1","max-image-preview":"max-image-preview:large","max-video-preview":"max-video-preview:-1"},"canonical":"https:\/\/bico.com\/se\/investerare\/finansiell-information\/kvartalsdata\/","og_locale":"sv_SE","og_type":"article","og_title":"Kvartalsdata","og_description":"Tabell \u00f6ver kvartalsdata f\u00f6r BICO Group AB.","og_url":"https:\/\/bico.com\/se\/investerare\/finansiell-information\/kvartalsdata\/","og_site_name":"BICO Sverige","article_publisher":"https:\/\/www.facebook.com\/bico.group.ab","article_modified_time":"2022-06-23T08:49:23+00:00","twitter_card":"summary_large_image","twitter_site":"@theBICOgroup","twitter_misc":{"Ber\u00e4knad l\u00e4stid":"2 minuter"},"schema":{"@context":"https:\/\/schema.org","@graph":[{"@type":"WebPage","@id":"https:\/\/bico.com\/se\/investerare\/finansiell-information\/kvartalsdata\/","url":"https:\/\/bico.com\/se\/investerare\/finansiell-information\/kvartalsdata\/","name":"Kvartalsdata - BICO Sverige","isPartOf":{"@id":"https:\/\/bico.com\/se\/#website"},"datePublished":"2022-06-02T11:54:04+00:00","dateModified":"2022-06-23T08:49:23+00:00","description":"Tabell \u00f6ver kvartalsdata f\u00f6r BICO Group AB.","breadcrumb":{"@id":"https:\/\/bico.com\/se\/investerare\/finansiell-information\/kvartalsdata\/#breadcrumb"},"inLanguage":"sv-SE","potentialAction":[{"@type":"ReadAction","target":["https:\/\/bico.com\/se\/investerare\/finansiell-information\/kvartalsdata\/"]}]},{"@type":"BreadcrumbList","@id":"https:\/\/bico.com\/se\/investerare\/finansiell-information\/kvartalsdata\/#breadcrumb","itemListElement":[{"@type":"ListItem","position":1,"name":"Hem","item":"https:\/\/bico.com\/se\/"},{"@type":"ListItem","position":2,"name":"Investerare","item":"https:\/\/bico.com\/se\/investerare\/"},{"@type":"ListItem","position":3,"name":"Finansiell information","item":"https:\/\/bico.com\/se\/investerare\/finansiell-information\/"},{"@type":"ListItem","position":4,"name":"Kvartalsdata"}]},{"@type":"WebSite","@id":"https:\/\/bico.com\/se\/#website","url":"https:\/\/bico.com\/se\/","name":"BICO Sverige","description":"Vi m\u00f6jligg\u00f6r och automatiserar framtidens life-science lab","publisher":{"@id":"https:\/\/bico.com\/se\/#organization"},"potentialAction":[{"@type":"SearchAction","target":{"@type":"EntryPoint","urlTemplate":"https:\/\/bico.com\/se\/?s={search_term_string}"},"query-input":{"@type":"PropertyValueSpecification","valueRequired":true,"valueName":"search_term_string"}}],"inLanguage":"sv-SE"},{"@type":"Organization","@id":"https:\/\/bico.com\/se\/#organization","name":"BICO Group AB","url":"https:\/\/bico.com\/se\/","logo":{"@type":"ImageObject","inLanguage":"sv-SE","@id":"https:\/\/bico.com\/se\/#\/schema\/logo\/image\/","url":"https:\/\/bico.com\/se\/wp-content\/uploads\/sites\/2\/2021\/07\/press-bico-logo.png","contentUrl":"https:\/\/bico.com\/se\/wp-content\/uploads\/sites\/2\/2021\/07\/press-bico-logo.png","width":1920,"height":1280,"caption":"BICO Group AB"},"image":{"@id":"https:\/\/bico.com\/se\/#\/schema\/logo\/image\/"},"sameAs":["https:\/\/www.facebook.com\/bico.group.ab","https:\/\/x.com\/theBICOgroup","https:\/\/www.instagram.com\/bicogroup_\/","https:\/\/www.linkedin.com\/company\/bico\/"]}]}},"_links":{"self":[{"href":"https:\/\/bico.com\/se\/wp-json\/wp\/v2\/pages\/1434","targetHints":{"allow":["GET"]}}],"collection":[{"href":"https:\/\/bico.com\/se\/wp-json\/wp\/v2\/pages"}],"about":[{"href":"https:\/\/bico.com\/se\/wp-json\/wp\/v2\/types\/page"}],"author":[{"embeddable":true,"href":"https:\/\/bico.com\/se\/wp-json\/wp\/v2\/users\/4"}],"replies":[{"embeddable":true,"href":"https:\/\/bico.com\/se\/wp-json\/wp\/v2\/comments?post=1434"}],"version-history":[{"count":0,"href":"https:\/\/bico.com\/se\/wp-json\/wp\/v2\/pages\/1434\/revisions"}],"up":[{"embeddable":true,"href":"https:\/\/bico.com\/se\/wp-json\/wp\/v2\/pages\/1625"}],"wp:attachment":[{"href":"https:\/\/bico.com\/se\/wp-json\/wp\/v2\/media?parent=1434"}],"curies":[{"name":"wp","href":"https:\/\/api.w.org\/{rel}","templated":true}]}}