{"id":1453,"date":"2022-06-02T11:58:29","date_gmt":"2022-06-02T11:58:29","guid":{"rendered":"https:\/\/bico.com\/se\/?page_id=1453"},"modified":"2022-09-05T10:54:29","modified_gmt":"2022-09-05T10:54:29","slug":"finansiell-kalender","status":"publish","type":"page","link":"https:\/\/bico.com\/se\/investerare\/finansiell-information\/finansiell-kalender\/","title":{"rendered":"Finansiell kalender\u200b"},"content":{"rendered":"\t\t<div data-elementor-type=\"wp-page\" data-elementor-id=\"1453\" class=\"elementor elementor-1453\" data-elementor-post-type=\"page\">\n\t\t\t\t\t\t<section class=\"elementor-section elementor-top-section elementor-element elementor-element-8441ac5 elementor-section-full_width elementor-section-height-default elementor-section-height-default\" data-id=\"8441ac5\" data-element_type=\"section\">\n\t\t\t\t\t\t<div class=\"elementor-container elementor-column-gap-default\">\n\t\t\t\t\t<div class=\"elementor-column elementor-col-50 elementor-top-column elementor-element elementor-element-5da30b3\" data-id=\"5da30b3\" data-element_type=\"column\">\n\t\t\t<div class=\"elementor-widget-wrap elementor-element-populated\">\n\t\t\t\t\t\t<div class=\"elementor-element elementor-element-5e69590 elementor-widget elementor-widget-shortcode\" data-id=\"5e69590\" data-element_type=\"widget\" data-widget_type=\"shortcode.default\">\n\t\t\t\t<div class=\"elementor-widget-container\">\n\t\t\t\t\t\t\t<div class=\"elementor-shortcode\">\n        <script>\n            if(!window._MF){\n                let b = document.createElement(\"script\");\n                b.type = \"text\/javascript\";\n                b.async = true;\n                b.src =  \" https:\/\/widget.datablocks.se\/api\/rose\/assets\/js\/loader-v4.js\";\n                document.getElementsByTagName(\"body\")[0].appendChild(b);\n\n                window._MF = window._MF || {\n                    data: [],\n                    url: \" https:\/\/widget.datablocks.se\/api\/rose\",\n                    ready: !!0,\n                    render: function() {\n                        window._MF.ready = !0\n                    },\n                    push: function(conf){\n                        this.data.push(conf)\n                    }\n                }\n            }\n            var widget = {\"query\":\"#widget-calendar-493496058\",\"widget\":\"calendar\",\"locale\":\"sv\",\"c\":\"\",\"token\":\"b1576d2f-011a-4636-8c59-2b47d8e35a37\",\"demo\":false,\"class\":\"\"};\n\n            window._MF.push(widget);\n        <\/script>\n        <div class=\"widget widget_mf_widget\"><div id='widget-calendar-493496058'><\/div><\/div>\n\n<\/div>\n\t\t\t\t\t\t<\/div>\n\t\t\t\t<\/div>\n\t\t\t\t\t<\/div>\n\t\t<\/div>\n\t\t\t\t<div class=\"elementor-column elementor-col-50 elementor-top-column elementor-element elementor-element-8bb1e71\" data-id=\"8bb1e71\" data-element_type=\"column\">\n\t\t\t<div class=\"elementor-widget-wrap\">\n\t\t\t\t\t\t\t<\/div>\n\t\t<\/div>\n\t\t\t\t\t<\/div>\n\t\t<\/section>\n\t\t\t\t<section class=\"elementor-section elementor-top-section elementor-element elementor-element-f0a6e36 elementor-hidden-desktop elementor-hidden-tablet elementor-hidden-phone elementor-section-boxed elementor-section-height-default elementor-section-height-default\" data-id=\"f0a6e36\" data-element_type=\"section\">\n\t\t\t\t\t\t<div class=\"elementor-container elementor-column-gap-default\">\n\t\t\t\t\t<div class=\"elementor-column elementor-col-100 elementor-top-column elementor-element elementor-element-37942e1\" data-id=\"37942e1\" data-element_type=\"column\">\n\t\t\t<div class=\"elementor-widget-wrap elementor-element-populated\">\n\t\t\t\t\t\t<div class=\"elementor-element elementor-element-8a5ca49 elementor-widget elementor-widget-shortcode\" data-id=\"8a5ca49\" data-element_type=\"widget\" data-widget_type=\"shortcode.default\">\n\t\t\t\t<div class=\"elementor-widget-container\">\n\t\t\t\t\t\t\t<div class=\"elementor-shortcode\">    <div class=\"ir-box \">\n        <div class=\"ir-box_content\">\n                                <div class=\"ir-box_row\"><span class=\"ir-box_date\">2022-05-18<\/span>Del\u00e5rsrapport januari-mars 2022<\/div>\n                                    <div class=\"ir-box_row\"><span class=\"ir-box_date\">2022-08-24<\/span>Del\u00e5rsrapport januari-juni 2022<\/div>\n                                    <div class=\"ir-box_row\"><span class=\"ir-box_date\">2022-11-09<\/span>Del\u00e5rsrapport januari-september 2022<\/div>\n                                    <div class=\"ir-box_row\"><span class=\"ir-box_date\">2023-02-22<\/span>Bokslutskommunik\u00e9 2022<\/div>\n                        <\/div>\n    <\/div>\n\n    <\/div>\n\t\t\t\t\t\t<\/div>\n\t\t\t\t<\/div>\n\t\t\t\t\t<\/div>\n\t\t<\/div>\n\t\t\t\t\t<\/div>\n\t\t<\/section>\n\t\t\t\t<\/div>\n\t\t","protected":false},"excerpt":{"rendered":"","protected":false},"author":4,"featured_media":0,"parent":1625,"menu_order":0,"comment_status":"closed","ping_status":"closed","template":"","meta":{"_acf_changed":false,"content-type":"","footnotes":""},"class_list":["post-1453","page","type-page","status-publish","hentry"],"acf":[],"yoast_head":"<!-- This site is optimized with the Yoast SEO Premium plugin v19.3 (Yoast SEO v24.8.1) - https:\/\/yoast.com\/wordpress\/plugins\/seo\/ -->\n<title>Finansiell kalender\u200b - BICO Sverige<\/title>\n<meta name=\"description\" content=\"N\u00e4r publicerar BICO Group AB rapport? I v\u00e5r finansiella kalender hittar du datum f\u00f6r n\u00e4sta kvartalsrapport, \u00e5rsredovisning eller bokslutskommunik\u00e9.\" \/>\n<meta name=\"robots\" content=\"index, follow, max-snippet:-1, max-image-preview:large, max-video-preview:-1\" \/>\n<link rel=\"canonical\" href=\"https:\/\/bico.com\/se\/investerare\/finansiell-information\/finansiell-kalender\/\" \/>\n<meta property=\"og:locale\" content=\"sv_SE\" \/>\n<meta property=\"og:type\" content=\"article\" \/>\n<meta property=\"og:title\" content=\"Finansiell kalender\u200b\" \/>\n<meta property=\"og:description\" content=\"N\u00e4r publicerar BICO Group AB rapport? I v\u00e5r finansiella kalender hittar du datum f\u00f6r n\u00e4sta kvartalsrapport, \u00e5rsredovisning eller bokslutskommunik\u00e9.\" \/>\n<meta property=\"og:url\" content=\"https:\/\/bico.com\/se\/investerare\/finansiell-information\/finansiell-kalender\/\" \/>\n<meta property=\"og:site_name\" content=\"BICO Sverige\" \/>\n<meta property=\"article:publisher\" content=\"https:\/\/www.facebook.com\/bico.group.ab\" \/>\n<meta property=\"article:modified_time\" content=\"2022-09-05T10:54:29+00:00\" \/>\n<meta name=\"twitter:card\" content=\"summary_large_image\" \/>\n<meta name=\"twitter:site\" content=\"@theBICOgroup\" \/>\n<meta name=\"twitter:label1\" content=\"Ber\u00e4knad l\u00e4stid\" \/>\n\t<meta name=\"twitter:data1\" content=\"1 minut\" \/>\n<script type=\"application\/ld+json\" class=\"yoast-schema-graph\">{\"@context\":\"https:\/\/schema.org\",\"@graph\":[{\"@type\":\"WebPage\",\"@id\":\"https:\/\/bico.com\/se\/investerare\/finansiell-information\/finansiell-kalender\/\",\"url\":\"https:\/\/bico.com\/se\/investerare\/finansiell-information\/finansiell-kalender\/\",\"name\":\"Finansiell kalender\u200b - BICO Sverige\",\"isPartOf\":{\"@id\":\"https:\/\/bico.com\/se\/#website\"},\"datePublished\":\"2022-06-02T11:58:29+00:00\",\"dateModified\":\"2022-09-05T10:54:29+00:00\",\"description\":\"N\u00e4r publicerar BICO Group AB rapport? I v\u00e5r finansiella kalender hittar du datum f\u00f6r n\u00e4sta kvartalsrapport, \u00e5rsredovisning eller bokslutskommunik\u00e9.\",\"breadcrumb\":{\"@id\":\"https:\/\/bico.com\/se\/investerare\/finansiell-information\/finansiell-kalender\/#breadcrumb\"},\"inLanguage\":\"sv-SE\",\"potentialAction\":[{\"@type\":\"ReadAction\",\"target\":[\"https:\/\/bico.com\/se\/investerare\/finansiell-information\/finansiell-kalender\/\"]}]},{\"@type\":\"BreadcrumbList\",\"@id\":\"https:\/\/bico.com\/se\/investerare\/finansiell-information\/finansiell-kalender\/#breadcrumb\",\"itemListElement\":[{\"@type\":\"ListItem\",\"position\":1,\"name\":\"Hem\",\"item\":\"https:\/\/bico.com\/se\/\"},{\"@type\":\"ListItem\",\"position\":2,\"name\":\"Investerare\",\"item\":\"https:\/\/bico.com\/se\/investerare\/\"},{\"@type\":\"ListItem\",\"position\":3,\"name\":\"Finansiell information\",\"item\":\"https:\/\/bico.com\/se\/investerare\/finansiell-information\/\"},{\"@type\":\"ListItem\",\"position\":4,\"name\":\"Finansiell kalender\u200b\"}]},{\"@type\":\"WebSite\",\"@id\":\"https:\/\/bico.com\/se\/#website\",\"url\":\"https:\/\/bico.com\/se\/\",\"name\":\"BICO Sverige\",\"description\":\"Vi m\u00f6jligg\u00f6r och automatiserar framtidens life-science lab\",\"publisher\":{\"@id\":\"https:\/\/bico.com\/se\/#organization\"},\"potentialAction\":[{\"@type\":\"SearchAction\",\"target\":{\"@type\":\"EntryPoint\",\"urlTemplate\":\"https:\/\/bico.com\/se\/?s={search_term_string}\"},\"query-input\":{\"@type\":\"PropertyValueSpecification\",\"valueRequired\":true,\"valueName\":\"search_term_string\"}}],\"inLanguage\":\"sv-SE\"},{\"@type\":\"Organization\",\"@id\":\"https:\/\/bico.com\/se\/#organization\",\"name\":\"BICO Group AB\",\"url\":\"https:\/\/bico.com\/se\/\",\"logo\":{\"@type\":\"ImageObject\",\"inLanguage\":\"sv-SE\",\"@id\":\"https:\/\/bico.com\/se\/#\/schema\/logo\/image\/\",\"url\":\"https:\/\/bico.com\/se\/wp-content\/uploads\/sites\/2\/2021\/07\/press-bico-logo.png\",\"contentUrl\":\"https:\/\/bico.com\/se\/wp-content\/uploads\/sites\/2\/2021\/07\/press-bico-logo.png\",\"width\":1920,\"height\":1280,\"caption\":\"BICO Group AB\"},\"image\":{\"@id\":\"https:\/\/bico.com\/se\/#\/schema\/logo\/image\/\"},\"sameAs\":[\"https:\/\/www.facebook.com\/bico.group.ab\",\"https:\/\/x.com\/theBICOgroup\",\"https:\/\/www.instagram.com\/bicogroup_\/\",\"https:\/\/www.linkedin.com\/company\/bico\/\"]}]}<\/script>\n<!-- \/ Yoast SEO Premium plugin. -->","yoast_head_json":{"title":"Finansiell kalender\u200b - BICO Sverige","description":"N\u00e4r publicerar BICO Group AB rapport? I v\u00e5r finansiella kalender hittar du datum f\u00f6r n\u00e4sta kvartalsrapport, \u00e5rsredovisning eller bokslutskommunik\u00e9.","robots":{"index":"index","follow":"follow","max-snippet":"max-snippet:-1","max-image-preview":"max-image-preview:large","max-video-preview":"max-video-preview:-1"},"canonical":"https:\/\/bico.com\/se\/investerare\/finansiell-information\/finansiell-kalender\/","og_locale":"sv_SE","og_type":"article","og_title":"Finansiell kalender\u200b","og_description":"N\u00e4r publicerar BICO Group AB rapport? I v\u00e5r finansiella kalender hittar du datum f\u00f6r n\u00e4sta kvartalsrapport, \u00e5rsredovisning eller bokslutskommunik\u00e9.","og_url":"https:\/\/bico.com\/se\/investerare\/finansiell-information\/finansiell-kalender\/","og_site_name":"BICO Sverige","article_publisher":"https:\/\/www.facebook.com\/bico.group.ab","article_modified_time":"2022-09-05T10:54:29+00:00","twitter_card":"summary_large_image","twitter_site":"@theBICOgroup","twitter_misc":{"Ber\u00e4knad l\u00e4stid":"1 minut"},"schema":{"@context":"https:\/\/schema.org","@graph":[{"@type":"WebPage","@id":"https:\/\/bico.com\/se\/investerare\/finansiell-information\/finansiell-kalender\/","url":"https:\/\/bico.com\/se\/investerare\/finansiell-information\/finansiell-kalender\/","name":"Finansiell kalender\u200b - BICO Sverige","isPartOf":{"@id":"https:\/\/bico.com\/se\/#website"},"datePublished":"2022-06-02T11:58:29+00:00","dateModified":"2022-09-05T10:54:29+00:00","description":"N\u00e4r publicerar BICO Group AB rapport? I v\u00e5r finansiella kalender hittar du datum f\u00f6r n\u00e4sta kvartalsrapport, \u00e5rsredovisning eller bokslutskommunik\u00e9.","breadcrumb":{"@id":"https:\/\/bico.com\/se\/investerare\/finansiell-information\/finansiell-kalender\/#breadcrumb"},"inLanguage":"sv-SE","potentialAction":[{"@type":"ReadAction","target":["https:\/\/bico.com\/se\/investerare\/finansiell-information\/finansiell-kalender\/"]}]},{"@type":"BreadcrumbList","@id":"https:\/\/bico.com\/se\/investerare\/finansiell-information\/finansiell-kalender\/#breadcrumb","itemListElement":[{"@type":"ListItem","position":1,"name":"Hem","item":"https:\/\/bico.com\/se\/"},{"@type":"ListItem","position":2,"name":"Investerare","item":"https:\/\/bico.com\/se\/investerare\/"},{"@type":"ListItem","position":3,"name":"Finansiell information","item":"https:\/\/bico.com\/se\/investerare\/finansiell-information\/"},{"@type":"ListItem","position":4,"name":"Finansiell kalender\u200b"}]},{"@type":"WebSite","@id":"https:\/\/bico.com\/se\/#website","url":"https:\/\/bico.com\/se\/","name":"BICO Sverige","description":"Vi m\u00f6jligg\u00f6r och automatiserar framtidens life-science lab","publisher":{"@id":"https:\/\/bico.com\/se\/#organization"},"potentialAction":[{"@type":"SearchAction","target":{"@type":"EntryPoint","urlTemplate":"https:\/\/bico.com\/se\/?s={search_term_string}"},"query-input":{"@type":"PropertyValueSpecification","valueRequired":true,"valueName":"search_term_string"}}],"inLanguage":"sv-SE"},{"@type":"Organization","@id":"https:\/\/bico.com\/se\/#organization","name":"BICO Group AB","url":"https:\/\/bico.com\/se\/","logo":{"@type":"ImageObject","inLanguage":"sv-SE","@id":"https:\/\/bico.com\/se\/#\/schema\/logo\/image\/","url":"https:\/\/bico.com\/se\/wp-content\/uploads\/sites\/2\/2021\/07\/press-bico-logo.png","contentUrl":"https:\/\/bico.com\/se\/wp-content\/uploads\/sites\/2\/2021\/07\/press-bico-logo.png","width":1920,"height":1280,"caption":"BICO Group AB"},"image":{"@id":"https:\/\/bico.com\/se\/#\/schema\/logo\/image\/"},"sameAs":["https:\/\/www.facebook.com\/bico.group.ab","https:\/\/x.com\/theBICOgroup","https:\/\/www.instagram.com\/bicogroup_\/","https:\/\/www.linkedin.com\/company\/bico\/"]}]}},"_links":{"self":[{"href":"https:\/\/bico.com\/se\/wp-json\/wp\/v2\/pages\/1453","targetHints":{"allow":["GET"]}}],"collection":[{"href":"https:\/\/bico.com\/se\/wp-json\/wp\/v2\/pages"}],"about":[{"href":"https:\/\/bico.com\/se\/wp-json\/wp\/v2\/types\/page"}],"author":[{"embeddable":true,"href":"https:\/\/bico.com\/se\/wp-json\/wp\/v2\/users\/4"}],"replies":[{"embeddable":true,"href":"https:\/\/bico.com\/se\/wp-json\/wp\/v2\/comments?post=1453"}],"version-history":[{"count":0,"href":"https:\/\/bico.com\/se\/wp-json\/wp\/v2\/pages\/1453\/revisions"}],"up":[{"embeddable":true,"href":"https:\/\/bico.com\/se\/wp-json\/wp\/v2\/pages\/1625"}],"wp:attachment":[{"href":"https:\/\/bico.com\/se\/wp-json\/wp\/v2\/media?parent=1453"}],"curies":[{"name":"wp","href":"https:\/\/api.w.org\/{rel}","templated":true}]}}