{"id":1458,"date":"2022-06-02T11:59:31","date_gmt":"2022-06-02T11:59:31","guid":{"rendered":"https:\/\/bico.com\/se\/?page_id=1458"},"modified":"2024-10-07T09:10:21","modified_gmt":"2024-10-07T07:10:21","slug":"finansiella-mal","status":"publish","type":"page","link":"https:\/\/bico.com\/se\/investerare\/aktien\/finansiella-mal\/","title":{"rendered":"Finansiella m\u00e5l"},"content":{"rendered":"\t\t<div data-elementor-type=\"wp-page\" data-elementor-id=\"1458\" class=\"elementor elementor-1458\" data-elementor-post-type=\"page\">\n\t\t\t\t\t\t<section class=\"elementor-section elementor-top-section elementor-element elementor-element-f4ded9c elementor-section-boxed elementor-section-height-default elementor-section-height-default\" data-id=\"f4ded9c\" data-element_type=\"section\">\n\t\t\t\t\t\t<div class=\"elementor-container elementor-column-gap-default\">\n\t\t\t\t\t<div class=\"elementor-column elementor-col-50 elementor-top-column elementor-element elementor-element-6c4bab3\" data-id=\"6c4bab3\" data-element_type=\"column\">\n\t\t\t<div class=\"elementor-widget-wrap elementor-element-populated\">\n\t\t\t\t\t\t<section class=\"elementor-section elementor-inner-section elementor-element elementor-element-dc9e208 elementor-section-content-middle elementor-section-boxed elementor-section-height-default elementor-section-height-default\" data-id=\"dc9e208\" data-element_type=\"section\">\n\t\t\t\t\t\t<div class=\"elementor-container elementor-column-gap-default\">\n\t\t\t\t\t<div class=\"elementor-column elementor-col-100 elementor-inner-column elementor-element elementor-element-f653428\" data-id=\"f653428\" data-element_type=\"column\">\n\t\t\t<div class=\"elementor-widget-wrap elementor-element-populated\">\n\t\t\t\t\t\t<div class=\"elementor-element elementor-element-c906c7c elementor-widget elementor-widget-heading\" data-id=\"c906c7c\" data-element_type=\"widget\" data-widget_type=\"heading.default\">\n\t\t\t\t<div class=\"elementor-widget-container\">\n\t\t\t\t\t<h4 class=\"elementor-heading-title elementor-size-default\">Finansiella m\u00e5l\n<\/h4>\t\t\t\t<\/div>\n\t\t\t\t<\/div>\n\t\t\t\t<div class=\"elementor-element elementor-element-97c7975 elementor-widget elementor-widget-text-editor\" data-id=\"97c7975\" data-element_type=\"widget\" data-widget_type=\"text-editor.default\">\n\t\t\t\t<div class=\"elementor-widget-container\">\n\t\t\t\t\t\t\t\t\t<p>&#8211; Tv\u00e5siffrig organisk tillv\u00e4xt exklusive valutaeffekter<br \/>&#8211; EBITDA-marginal minus balanserade utvecklingskostnader &gt; 10 procent<br \/>&#8211; Nettoskuld\/ EBITDA &lt; 3,0 x<\/p>\t\t\t\t\t\t\t\t<\/div>\n\t\t\t\t<\/div>\n\t\t\t\t\t<\/div>\n\t\t<\/div>\n\t\t\t\t\t<\/div>\n\t\t<\/section>\n\t\t\t\t<section class=\"elementor-section elementor-inner-section elementor-element elementor-element-4f7edcd elementor-section-content-middle elementor-section-boxed elementor-section-height-default elementor-section-height-default\" data-id=\"4f7edcd\" data-element_type=\"section\">\n\t\t\t\t\t\t<div class=\"elementor-container elementor-column-gap-default\">\n\t\t\t\t\t<div class=\"elementor-column elementor-col-100 elementor-inner-column elementor-element elementor-element-cc43584\" data-id=\"cc43584\" data-element_type=\"column\">\n\t\t\t<div class=\"elementor-widget-wrap elementor-element-populated\">\n\t\t\t\t\t\t<div class=\"elementor-element elementor-element-6db2c9d elementor-widget elementor-widget-heading\" data-id=\"6db2c9d\" data-element_type=\"widget\" data-widget_type=\"heading.default\">\n\t\t\t\t<div class=\"elementor-widget-container\">\n\t\t\t\t\t<h4 class=\"elementor-heading-title elementor-size-default\">Ramverk f\u00f6r de finansiella m\u00e5len<\/h4>\t\t\t\t<\/div>\n\t\t\t\t<\/div>\n\t\t\t\t<div class=\"elementor-element elementor-element-276dd50 elementor-widget elementor-widget-text-editor\" data-id=\"276dd50\" data-element_type=\"widget\" data-widget_type=\"text-editor.default\">\n\t\t\t\t<div class=\"elementor-widget-container\">\n\t\t\t\t\t\t\t\t\t<p>\u2013 Introducerades under kapitalmarknadsdagen i november 2022<\/p><p>\u2013 Upprepades under kapitalmarknadsdagen i september 2024<\/p><p>\u2013 Uppdaterade l\u00e5ngsiktiga finansiella m\u00e5l ska definieras efter att nuvarande m\u00e5l har uppn\u00e5tts<\/p><p>\u2013 Tillv\u00e4xtm\u00e5len speglar m\u00f6jligheter f\u00f6r marknadstillv\u00e4xt<\/p><p>\u2013 Marginalm\u00e5let s\u00e4kerst\u00e4ller v\u00e5rt fokus p\u00e5 l\u00f6nsamhet, inklusive totala forsknings- och utvecklingsutgifter, och m\u00f6jligg\u00f6r ett positivt kassafl\u00f6de exklusive f\u00f6rv\u00e4rvsrelaterade poster<\/p><p>\u2013 Nettoskuldm\u00e5let m\u00f6jligg\u00f6r flexibilitet i framtida finansieringsalternativ<\/p>\t\t\t\t\t\t\t\t<\/div>\n\t\t\t\t<\/div>\n\t\t\t\t\t<\/div>\n\t\t<\/div>\n\t\t\t\t\t<\/div>\n\t\t<\/section>\n\t\t\t\t\t<\/div>\n\t\t<\/div>\n\t\t\t\t<div class=\"elementor-column elementor-col-50 elementor-top-column elementor-element elementor-element-431e761\" data-id=\"431e761\" data-element_type=\"column\">\n\t\t\t<div class=\"elementor-widget-wrap\">\n\t\t\t\t\t\t\t<\/div>\n\t\t<\/div>\n\t\t\t\t\t<\/div>\n\t\t<\/section>\n\t\t\t\t<\/div>\n\t\t","protected":false},"excerpt":{"rendered":"<p>Finansiella m\u00e5l &#8211; Tv\u00e5siffrig organisk tillv\u00e4xt exklusive valutaeffekter&#8211; EBITDA-marginal minus balanserade utvecklingskostnader &gt; 10 procent&#8211; Nettoskuld\/ EBITDA &lt; 3,0 x Ramverk f\u00f6r de finansiella m\u00e5len \u2013 Introducerades under kapitalmarknadsdagen i november 2022 \u2013 Upprepades under kapitalmarknadsdagen i september 2024 \u2013 Uppdaterade l\u00e5ngsiktiga finansiella m\u00e5l ska definieras efter att nuvarande m\u00e5l har uppn\u00e5tts \u2013 Tillv\u00e4xtm\u00e5len speglar [&hellip;]<\/p>\n","protected":false},"author":4,"featured_media":0,"parent":1495,"menu_order":0,"comment_status":"closed","ping_status":"closed","template":"","meta":{"_acf_changed":false,"content-type":"","footnotes":""},"class_list":["post-1458","page","type-page","status-publish","hentry"],"acf":[],"yoast_head":"<!-- This site is optimized with the Yoast SEO Premium plugin v19.3 (Yoast SEO v24.8.1) - https:\/\/yoast.com\/wordpress\/plugins\/seo\/ -->\n<title>Finansiella m\u00e5l - BICO Sverige<\/title>\n<meta name=\"description\" content=\"H\u00e4r hittar du BICO Group AB&#039;s finansiella m\u00e5l och strategier f\u00f6r f\u00f6rs\u00e4ljning, l\u00f6nsamhet, utdelning och kapitalstruktur.\" \/>\n<meta name=\"robots\" content=\"index, follow, max-snippet:-1, max-image-preview:large, max-video-preview:-1\" \/>\n<link rel=\"canonical\" href=\"https:\/\/bico.com\/se\/investerare\/aktien\/finansiella-mal\/\" \/>\n<meta property=\"og:locale\" content=\"sv_SE\" \/>\n<meta property=\"og:type\" content=\"article\" \/>\n<meta property=\"og:title\" content=\"Finansiella m\u00e5l\" \/>\n<meta property=\"og:description\" content=\"H\u00e4r hittar du BICO Group AB&#039;s finansiella m\u00e5l och strategier f\u00f6r f\u00f6rs\u00e4ljning, l\u00f6nsamhet, utdelning och kapitalstruktur.\" \/>\n<meta property=\"og:url\" content=\"https:\/\/bico.com\/se\/investerare\/aktien\/finansiella-mal\/\" \/>\n<meta property=\"og:site_name\" content=\"BICO Sverige\" \/>\n<meta property=\"article:publisher\" content=\"https:\/\/www.facebook.com\/bico.group.ab\" \/>\n<meta property=\"article:modified_time\" content=\"2024-10-07T07:10:21+00:00\" \/>\n<meta name=\"twitter:card\" content=\"summary_large_image\" \/>\n<meta name=\"twitter:site\" content=\"@theBICOgroup\" \/>\n<meta name=\"twitter:label1\" content=\"Ber\u00e4knad l\u00e4stid\" \/>\n\t<meta name=\"twitter:data1\" content=\"1 minut\" \/>\n<script type=\"application\/ld+json\" class=\"yoast-schema-graph\">{\"@context\":\"https:\/\/schema.org\",\"@graph\":[{\"@type\":\"WebPage\",\"@id\":\"https:\/\/bico.com\/se\/investerare\/aktien\/finansiella-mal\/\",\"url\":\"https:\/\/bico.com\/se\/investerare\/aktien\/finansiella-mal\/\",\"name\":\"Finansiella m\u00e5l - BICO Sverige\",\"isPartOf\":{\"@id\":\"https:\/\/bico.com\/se\/#website\"},\"datePublished\":\"2022-06-02T11:59:31+00:00\",\"dateModified\":\"2024-10-07T07:10:21+00:00\",\"description\":\"H\u00e4r hittar du BICO Group AB's finansiella m\u00e5l och strategier f\u00f6r f\u00f6rs\u00e4ljning, l\u00f6nsamhet, utdelning och kapitalstruktur.\",\"breadcrumb\":{\"@id\":\"https:\/\/bico.com\/se\/investerare\/aktien\/finansiella-mal\/#breadcrumb\"},\"inLanguage\":\"sv-SE\",\"potentialAction\":[{\"@type\":\"ReadAction\",\"target\":[\"https:\/\/bico.com\/se\/investerare\/aktien\/finansiella-mal\/\"]}]},{\"@type\":\"BreadcrumbList\",\"@id\":\"https:\/\/bico.com\/se\/investerare\/aktien\/finansiella-mal\/#breadcrumb\",\"itemListElement\":[{\"@type\":\"ListItem\",\"position\":1,\"name\":\"Hem\",\"item\":\"https:\/\/bico.com\/se\/\"},{\"@type\":\"ListItem\",\"position\":2,\"name\":\"Investerare\",\"item\":\"https:\/\/bico.com\/se\/investerare\/\"},{\"@type\":\"ListItem\",\"position\":3,\"name\":\"Aktien\",\"item\":\"https:\/\/bico.com\/se\/investerare\/aktien\/\"},{\"@type\":\"ListItem\",\"position\":4,\"name\":\"Finansiella m\u00e5l\"}]},{\"@type\":\"WebSite\",\"@id\":\"https:\/\/bico.com\/se\/#website\",\"url\":\"https:\/\/bico.com\/se\/\",\"name\":\"BICO Sverige\",\"description\":\"Vi m\u00f6jligg\u00f6r och automatiserar framtidens life-science lab\",\"publisher\":{\"@id\":\"https:\/\/bico.com\/se\/#organization\"},\"potentialAction\":[{\"@type\":\"SearchAction\",\"target\":{\"@type\":\"EntryPoint\",\"urlTemplate\":\"https:\/\/bico.com\/se\/?s={search_term_string}\"},\"query-input\":{\"@type\":\"PropertyValueSpecification\",\"valueRequired\":true,\"valueName\":\"search_term_string\"}}],\"inLanguage\":\"sv-SE\"},{\"@type\":\"Organization\",\"@id\":\"https:\/\/bico.com\/se\/#organization\",\"name\":\"BICO Group AB\",\"url\":\"https:\/\/bico.com\/se\/\",\"logo\":{\"@type\":\"ImageObject\",\"inLanguage\":\"sv-SE\",\"@id\":\"https:\/\/bico.com\/se\/#\/schema\/logo\/image\/\",\"url\":\"https:\/\/bico.com\/se\/wp-content\/uploads\/sites\/2\/2021\/07\/press-bico-logo.png\",\"contentUrl\":\"https:\/\/bico.com\/se\/wp-content\/uploads\/sites\/2\/2021\/07\/press-bico-logo.png\",\"width\":1920,\"height\":1280,\"caption\":\"BICO Group AB\"},\"image\":{\"@id\":\"https:\/\/bico.com\/se\/#\/schema\/logo\/image\/\"},\"sameAs\":[\"https:\/\/www.facebook.com\/bico.group.ab\",\"https:\/\/x.com\/theBICOgroup\",\"https:\/\/www.instagram.com\/bicogroup_\/\",\"https:\/\/www.linkedin.com\/company\/bico\/\"]}]}<\/script>\n<!-- \/ Yoast SEO Premium plugin. -->","yoast_head_json":{"title":"Finansiella m\u00e5l - BICO Sverige","description":"H\u00e4r hittar du BICO Group AB's finansiella m\u00e5l och strategier f\u00f6r f\u00f6rs\u00e4ljning, l\u00f6nsamhet, utdelning och kapitalstruktur.","robots":{"index":"index","follow":"follow","max-snippet":"max-snippet:-1","max-image-preview":"max-image-preview:large","max-video-preview":"max-video-preview:-1"},"canonical":"https:\/\/bico.com\/se\/investerare\/aktien\/finansiella-mal\/","og_locale":"sv_SE","og_type":"article","og_title":"Finansiella m\u00e5l","og_description":"H\u00e4r hittar du BICO Group AB's finansiella m\u00e5l och strategier f\u00f6r f\u00f6rs\u00e4ljning, l\u00f6nsamhet, utdelning och kapitalstruktur.","og_url":"https:\/\/bico.com\/se\/investerare\/aktien\/finansiella-mal\/","og_site_name":"BICO Sverige","article_publisher":"https:\/\/www.facebook.com\/bico.group.ab","article_modified_time":"2024-10-07T07:10:21+00:00","twitter_card":"summary_large_image","twitter_site":"@theBICOgroup","twitter_misc":{"Ber\u00e4knad l\u00e4stid":"1 minut"},"schema":{"@context":"https:\/\/schema.org","@graph":[{"@type":"WebPage","@id":"https:\/\/bico.com\/se\/investerare\/aktien\/finansiella-mal\/","url":"https:\/\/bico.com\/se\/investerare\/aktien\/finansiella-mal\/","name":"Finansiella m\u00e5l - BICO Sverige","isPartOf":{"@id":"https:\/\/bico.com\/se\/#website"},"datePublished":"2022-06-02T11:59:31+00:00","dateModified":"2024-10-07T07:10:21+00:00","description":"H\u00e4r hittar du BICO Group AB's finansiella m\u00e5l och strategier f\u00f6r f\u00f6rs\u00e4ljning, l\u00f6nsamhet, utdelning och kapitalstruktur.","breadcrumb":{"@id":"https:\/\/bico.com\/se\/investerare\/aktien\/finansiella-mal\/#breadcrumb"},"inLanguage":"sv-SE","potentialAction":[{"@type":"ReadAction","target":["https:\/\/bico.com\/se\/investerare\/aktien\/finansiella-mal\/"]}]},{"@type":"BreadcrumbList","@id":"https:\/\/bico.com\/se\/investerare\/aktien\/finansiella-mal\/#breadcrumb","itemListElement":[{"@type":"ListItem","position":1,"name":"Hem","item":"https:\/\/bico.com\/se\/"},{"@type":"ListItem","position":2,"name":"Investerare","item":"https:\/\/bico.com\/se\/investerare\/"},{"@type":"ListItem","position":3,"name":"Aktien","item":"https:\/\/bico.com\/se\/investerare\/aktien\/"},{"@type":"ListItem","position":4,"name":"Finansiella m\u00e5l"}]},{"@type":"WebSite","@id":"https:\/\/bico.com\/se\/#website","url":"https:\/\/bico.com\/se\/","name":"BICO Sverige","description":"Vi m\u00f6jligg\u00f6r och automatiserar framtidens life-science lab","publisher":{"@id":"https:\/\/bico.com\/se\/#organization"},"potentialAction":[{"@type":"SearchAction","target":{"@type":"EntryPoint","urlTemplate":"https:\/\/bico.com\/se\/?s={search_term_string}"},"query-input":{"@type":"PropertyValueSpecification","valueRequired":true,"valueName":"search_term_string"}}],"inLanguage":"sv-SE"},{"@type":"Organization","@id":"https:\/\/bico.com\/se\/#organization","name":"BICO Group AB","url":"https:\/\/bico.com\/se\/","logo":{"@type":"ImageObject","inLanguage":"sv-SE","@id":"https:\/\/bico.com\/se\/#\/schema\/logo\/image\/","url":"https:\/\/bico.com\/se\/wp-content\/uploads\/sites\/2\/2021\/07\/press-bico-logo.png","contentUrl":"https:\/\/bico.com\/se\/wp-content\/uploads\/sites\/2\/2021\/07\/press-bico-logo.png","width":1920,"height":1280,"caption":"BICO Group AB"},"image":{"@id":"https:\/\/bico.com\/se\/#\/schema\/logo\/image\/"},"sameAs":["https:\/\/www.facebook.com\/bico.group.ab","https:\/\/x.com\/theBICOgroup","https:\/\/www.instagram.com\/bicogroup_\/","https:\/\/www.linkedin.com\/company\/bico\/"]}]}},"_links":{"self":[{"href":"https:\/\/bico.com\/se\/wp-json\/wp\/v2\/pages\/1458","targetHints":{"allow":["GET"]}}],"collection":[{"href":"https:\/\/bico.com\/se\/wp-json\/wp\/v2\/pages"}],"about":[{"href":"https:\/\/bico.com\/se\/wp-json\/wp\/v2\/types\/page"}],"author":[{"embeddable":true,"href":"https:\/\/bico.com\/se\/wp-json\/wp\/v2\/users\/4"}],"replies":[{"embeddable":true,"href":"https:\/\/bico.com\/se\/wp-json\/wp\/v2\/comments?post=1458"}],"version-history":[{"count":0,"href":"https:\/\/bico.com\/se\/wp-json\/wp\/v2\/pages\/1458\/revisions"}],"up":[{"embeddable":true,"href":"https:\/\/bico.com\/se\/wp-json\/wp\/v2\/pages\/1495"}],"wp:attachment":[{"href":"https:\/\/bico.com\/se\/wp-json\/wp\/v2\/media?parent=1458"}],"curies":[{"name":"wp","href":"https:\/\/api.w.org\/{rel}","templated":true}]}}