{"id":1477,"date":"2022-06-02T12:06:50","date_gmt":"2022-06-02T12:06:50","guid":{"rendered":"https:\/\/bico.com\/se\/?page_id=1477"},"modified":"2026-04-24T16:00:31","modified_gmt":"2026-04-24T14:00:31","slug":"kontakt","status":"publish","type":"page","link":"https:\/\/bico.com\/se\/investerare\/kontakt\/","title":{"rendered":"Kontakt"},"content":{"rendered":"\t\t<div data-elementor-type=\"wp-page\" data-elementor-id=\"1477\" class=\"elementor elementor-1477\" data-elementor-post-type=\"page\">\n\t\t\t\t\t\t<section class=\"elementor-section elementor-top-section elementor-element elementor-element-dab1c12 elementor-section-boxed elementor-section-height-default elementor-section-height-default\" data-id=\"dab1c12\" data-element_type=\"section\">\n\t\t\t\t\t\t<div class=\"elementor-container elementor-column-gap-default\">\n\t\t\t\t\t<div class=\"elementor-column elementor-col-50 elementor-top-column elementor-element elementor-element-c0e55a9\" data-id=\"c0e55a9\" data-element_type=\"column\">\n\t\t\t<div class=\"elementor-widget-wrap elementor-element-populated\">\n\t\t\t\t\t\t<section class=\"elementor-section elementor-inner-section elementor-element elementor-element-8a0b252 elementor-section-content-middle elementor-section-boxed elementor-section-height-default elementor-section-height-default\" data-id=\"8a0b252\" data-element_type=\"section\">\n\t\t\t\t\t\t<div class=\"elementor-container elementor-column-gap-default\">\n\t\t\t\t\t<div class=\"elementor-column elementor-col-50 elementor-inner-column elementor-element elementor-element-fe09ed6\" data-id=\"fe09ed6\" data-element_type=\"column\">\n\t\t\t<div class=\"elementor-widget-wrap elementor-element-populated\">\n\t\t\t\t\t\t<div class=\"elementor-element elementor-element-6e61d63 elementor-widget elementor-widget-text-editor\" data-id=\"6e61d63\" data-element_type=\"widget\" data-widget_type=\"text-editor.default\">\n\t\t\t\t<div class=\"elementor-widget-container\">\n\t\t\t\t\t\t\t\t\t<p><strong><br \/>BICO Investor Relations<\/strong><br \/>Grafiska v\u00e4gen 2B<br \/>412 63 G\u00f6teborg<br \/>Telefon: <a href=\"tel:+46766333233\">+46766333233<\/a><br \/>Mail: <a href=\"mailto:ir@bico.com\">ir@bico.com<\/a><\/p>\t\t\t\t\t\t\t\t<\/div>\n\t\t\t\t<\/div>\n\t\t\t\t<div class=\"elementor-element elementor-element-7c298fc elementor-widget elementor-widget-text-editor\" data-id=\"7c298fc\" data-element_type=\"widget\" data-widget_type=\"text-editor.default\">\n\t\t\t\t<div class=\"elementor-widget-container\">\n\t\t\t\t\t\t\t\t\t<p><strong><br \/><\/strong><b>F\u00f6r \u00f6vriga fr\u00e5gor, kontakta v\u00e5r telefonv\u00e4xel:<br \/><\/b><a href=\"tel: +4620-101000\u202c\">020-10 10 00\u202c<\/a><\/p>\t\t\t\t\t\t\t\t<\/div>\n\t\t\t\t<\/div>\n\t\t\t\t\t<\/div>\n\t\t<\/div>\n\t\t\t\t<div class=\"elementor-column elementor-col-50 elementor-inner-column elementor-element elementor-element-fed846d\" data-id=\"fed846d\" data-element_type=\"column\">\n\t\t\t<div class=\"elementor-widget-wrap\">\n\t\t\t\t\t\t\t<\/div>\n\t\t<\/div>\n\t\t\t\t\t<\/div>\n\t\t<\/section>\n\t\t\t\t\t<\/div>\n\t\t<\/div>\n\t\t\t\t<div class=\"elementor-column elementor-col-50 elementor-top-column elementor-element elementor-element-11dde30\" data-id=\"11dde30\" data-element_type=\"column\">\n\t\t\t<div class=\"elementor-widget-wrap\">\n\t\t\t\t\t\t\t<\/div>\n\t\t<\/div>\n\t\t\t\t\t<\/div>\n\t\t<\/section>\n\t\t\t\t<section class=\"elementor-section elementor-top-section elementor-element elementor-element-ed4cf1e elementor-section-boxed elementor-section-height-default elementor-section-height-default\" data-id=\"ed4cf1e\" data-element_type=\"section\">\n\t\t\t\t\t\t<div class=\"elementor-container elementor-column-gap-default\">\n\t\t\t\t\t<div class=\"elementor-column elementor-col-100 elementor-top-column elementor-element elementor-element-4dd70fa\" data-id=\"4dd70fa\" data-element_type=\"column\">\n\t\t\t<div class=\"elementor-widget-wrap\">\n\t\t\t\t\t\t\t<\/div>\n\t\t<\/div>\n\t\t\t\t\t<\/div>\n\t\t<\/section>\n\t\t\t\t<\/div>\n\t\t","protected":false},"excerpt":{"rendered":"<p>BICO Investor RelationsGrafiska v\u00e4gen 2B412 63 G\u00f6teborgTelefon: +46766333233Mail: ir@bico.com F\u00f6r \u00f6vriga fr\u00e5gor, kontakta v\u00e5r telefonv\u00e4xel:020-10 10 00\u202c<\/p>\n","protected":false},"author":4,"featured_media":0,"parent":1416,"menu_order":0,"comment_status":"closed","ping_status":"closed","template":"","meta":{"_acf_changed":false,"content-type":"","footnotes":""},"class_list":["post-1477","page","type-page","status-publish","hentry"],"acf":[],"yoast_head":"<!-- This site is optimized with the Yoast SEO Premium plugin v19.3 (Yoast SEO v24.8.1) - https:\/\/yoast.com\/wordpress\/plugins\/seo\/ -->\n<title>Kontakt investerare - BICO Sverige<\/title>\n<meta name=\"description\" content=\"\u00c4r du investerare och vill kontakta oss? H\u00e4r hittar du mailadress och telefonnummer till v\u00e5r SVP &amp; Head of Investor Relations, \u00c5sa Hillsten.\" \/>\n<meta name=\"robots\" content=\"index, follow, max-snippet:-1, max-image-preview:large, max-video-preview:-1\" \/>\n<link rel=\"canonical\" href=\"https:\/\/bico.com\/se\/investerare\/kontakt\/\" \/>\n<meta property=\"og:locale\" content=\"sv_SE\" \/>\n<meta property=\"og:type\" content=\"article\" \/>\n<meta property=\"og:title\" content=\"Kontakt\" \/>\n<meta property=\"og:description\" content=\"\u00c4r du investerare och vill kontakta oss? H\u00e4r hittar du mailadress och telefonnummer till v\u00e5r SVP &amp; Head of Investor Relations, \u00c5sa Hillsten.\" \/>\n<meta property=\"og:url\" content=\"https:\/\/bico.com\/se\/investerare\/kontakt\/\" \/>\n<meta property=\"og:site_name\" content=\"BICO Sverige\" \/>\n<meta property=\"article:publisher\" content=\"https:\/\/www.facebook.com\/bico.group.ab\" \/>\n<meta property=\"article:modified_time\" content=\"2026-04-24T14:00:31+00:00\" \/>\n<meta name=\"twitter:card\" content=\"summary_large_image\" \/>\n<meta name=\"twitter:site\" content=\"@theBICOgroup\" \/>\n<meta name=\"twitter:label1\" content=\"Ber\u00e4knad l\u00e4stid\" \/>\n\t<meta name=\"twitter:data1\" content=\"1 minut\" \/>\n<script type=\"application\/ld+json\" class=\"yoast-schema-graph\">{\"@context\":\"https:\/\/schema.org\",\"@graph\":[{\"@type\":\"WebPage\",\"@id\":\"https:\/\/bico.com\/se\/investerare\/kontakt\/\",\"url\":\"https:\/\/bico.com\/se\/investerare\/kontakt\/\",\"name\":\"Kontakt investerare - BICO Sverige\",\"isPartOf\":{\"@id\":\"https:\/\/bico.com\/se\/#website\"},\"datePublished\":\"2022-06-02T12:06:50+00:00\",\"dateModified\":\"2026-04-24T14:00:31+00:00\",\"description\":\"\u00c4r du investerare och vill kontakta oss? H\u00e4r hittar du mailadress och telefonnummer till v\u00e5r SVP & Head of Investor Relations, \u00c5sa Hillsten.\",\"breadcrumb\":{\"@id\":\"https:\/\/bico.com\/se\/investerare\/kontakt\/#breadcrumb\"},\"inLanguage\":\"sv-SE\",\"potentialAction\":[{\"@type\":\"ReadAction\",\"target\":[\"https:\/\/bico.com\/se\/investerare\/kontakt\/\"]}]},{\"@type\":\"BreadcrumbList\",\"@id\":\"https:\/\/bico.com\/se\/investerare\/kontakt\/#breadcrumb\",\"itemListElement\":[{\"@type\":\"ListItem\",\"position\":1,\"name\":\"Hem\",\"item\":\"https:\/\/bico.com\/se\/\"},{\"@type\":\"ListItem\",\"position\":2,\"name\":\"Investerare\",\"item\":\"https:\/\/bico.com\/se\/investerare\/\"},{\"@type\":\"ListItem\",\"position\":3,\"name\":\"Kontakt\"}]},{\"@type\":\"WebSite\",\"@id\":\"https:\/\/bico.com\/se\/#website\",\"url\":\"https:\/\/bico.com\/se\/\",\"name\":\"BICO Sverige\",\"description\":\"Vi m\u00f6jligg\u00f6r och automatiserar framtidens life-science lab\",\"publisher\":{\"@id\":\"https:\/\/bico.com\/se\/#organization\"},\"potentialAction\":[{\"@type\":\"SearchAction\",\"target\":{\"@type\":\"EntryPoint\",\"urlTemplate\":\"https:\/\/bico.com\/se\/?s={search_term_string}\"},\"query-input\":{\"@type\":\"PropertyValueSpecification\",\"valueRequired\":true,\"valueName\":\"search_term_string\"}}],\"inLanguage\":\"sv-SE\"},{\"@type\":\"Organization\",\"@id\":\"https:\/\/bico.com\/se\/#organization\",\"name\":\"BICO Group AB\",\"url\":\"https:\/\/bico.com\/se\/\",\"logo\":{\"@type\":\"ImageObject\",\"inLanguage\":\"sv-SE\",\"@id\":\"https:\/\/bico.com\/se\/#\/schema\/logo\/image\/\",\"url\":\"https:\/\/bico.com\/se\/wp-content\/uploads\/sites\/2\/2021\/07\/press-bico-logo.png\",\"contentUrl\":\"https:\/\/bico.com\/se\/wp-content\/uploads\/sites\/2\/2021\/07\/press-bico-logo.png\",\"width\":1920,\"height\":1280,\"caption\":\"BICO Group AB\"},\"image\":{\"@id\":\"https:\/\/bico.com\/se\/#\/schema\/logo\/image\/\"},\"sameAs\":[\"https:\/\/www.facebook.com\/bico.group.ab\",\"https:\/\/x.com\/theBICOgroup\",\"https:\/\/www.instagram.com\/bicogroup_\/\",\"https:\/\/www.linkedin.com\/company\/bico\/\"]}]}<\/script>\n<!-- \/ Yoast SEO Premium plugin. -->","yoast_head_json":{"title":"Kontakt investerare - BICO Sverige","description":"\u00c4r du investerare och vill kontakta oss? H\u00e4r hittar du mailadress och telefonnummer till v\u00e5r SVP & Head of Investor Relations, \u00c5sa Hillsten.","robots":{"index":"index","follow":"follow","max-snippet":"max-snippet:-1","max-image-preview":"max-image-preview:large","max-video-preview":"max-video-preview:-1"},"canonical":"https:\/\/bico.com\/se\/investerare\/kontakt\/","og_locale":"sv_SE","og_type":"article","og_title":"Kontakt","og_description":"\u00c4r du investerare och vill kontakta oss? H\u00e4r hittar du mailadress och telefonnummer till v\u00e5r SVP & Head of Investor Relations, \u00c5sa Hillsten.","og_url":"https:\/\/bico.com\/se\/investerare\/kontakt\/","og_site_name":"BICO Sverige","article_publisher":"https:\/\/www.facebook.com\/bico.group.ab","article_modified_time":"2026-04-24T14:00:31+00:00","twitter_card":"summary_large_image","twitter_site":"@theBICOgroup","twitter_misc":{"Ber\u00e4knad l\u00e4stid":"1 minut"},"schema":{"@context":"https:\/\/schema.org","@graph":[{"@type":"WebPage","@id":"https:\/\/bico.com\/se\/investerare\/kontakt\/","url":"https:\/\/bico.com\/se\/investerare\/kontakt\/","name":"Kontakt investerare - BICO Sverige","isPartOf":{"@id":"https:\/\/bico.com\/se\/#website"},"datePublished":"2022-06-02T12:06:50+00:00","dateModified":"2026-04-24T14:00:31+00:00","description":"\u00c4r du investerare och vill kontakta oss? H\u00e4r hittar du mailadress och telefonnummer till v\u00e5r SVP & Head of Investor Relations, \u00c5sa Hillsten.","breadcrumb":{"@id":"https:\/\/bico.com\/se\/investerare\/kontakt\/#breadcrumb"},"inLanguage":"sv-SE","potentialAction":[{"@type":"ReadAction","target":["https:\/\/bico.com\/se\/investerare\/kontakt\/"]}]},{"@type":"BreadcrumbList","@id":"https:\/\/bico.com\/se\/investerare\/kontakt\/#breadcrumb","itemListElement":[{"@type":"ListItem","position":1,"name":"Hem","item":"https:\/\/bico.com\/se\/"},{"@type":"ListItem","position":2,"name":"Investerare","item":"https:\/\/bico.com\/se\/investerare\/"},{"@type":"ListItem","position":3,"name":"Kontakt"}]},{"@type":"WebSite","@id":"https:\/\/bico.com\/se\/#website","url":"https:\/\/bico.com\/se\/","name":"BICO Sverige","description":"Vi m\u00f6jligg\u00f6r och automatiserar framtidens life-science lab","publisher":{"@id":"https:\/\/bico.com\/se\/#organization"},"potentialAction":[{"@type":"SearchAction","target":{"@type":"EntryPoint","urlTemplate":"https:\/\/bico.com\/se\/?s={search_term_string}"},"query-input":{"@type":"PropertyValueSpecification","valueRequired":true,"valueName":"search_term_string"}}],"inLanguage":"sv-SE"},{"@type":"Organization","@id":"https:\/\/bico.com\/se\/#organization","name":"BICO Group AB","url":"https:\/\/bico.com\/se\/","logo":{"@type":"ImageObject","inLanguage":"sv-SE","@id":"https:\/\/bico.com\/se\/#\/schema\/logo\/image\/","url":"https:\/\/bico.com\/se\/wp-content\/uploads\/sites\/2\/2021\/07\/press-bico-logo.png","contentUrl":"https:\/\/bico.com\/se\/wp-content\/uploads\/sites\/2\/2021\/07\/press-bico-logo.png","width":1920,"height":1280,"caption":"BICO Group AB"},"image":{"@id":"https:\/\/bico.com\/se\/#\/schema\/logo\/image\/"},"sameAs":["https:\/\/www.facebook.com\/bico.group.ab","https:\/\/x.com\/theBICOgroup","https:\/\/www.instagram.com\/bicogroup_\/","https:\/\/www.linkedin.com\/company\/bico\/"]}]}},"_links":{"self":[{"href":"https:\/\/bico.com\/se\/wp-json\/wp\/v2\/pages\/1477","targetHints":{"allow":["GET"]}}],"collection":[{"href":"https:\/\/bico.com\/se\/wp-json\/wp\/v2\/pages"}],"about":[{"href":"https:\/\/bico.com\/se\/wp-json\/wp\/v2\/types\/page"}],"author":[{"embeddable":true,"href":"https:\/\/bico.com\/se\/wp-json\/wp\/v2\/users\/4"}],"replies":[{"embeddable":true,"href":"https:\/\/bico.com\/se\/wp-json\/wp\/v2\/comments?post=1477"}],"version-history":[{"count":0,"href":"https:\/\/bico.com\/se\/wp-json\/wp\/v2\/pages\/1477\/revisions"}],"up":[{"embeddable":true,"href":"https:\/\/bico.com\/se\/wp-json\/wp\/v2\/pages\/1416"}],"wp:attachment":[{"href":"https:\/\/bico.com\/se\/wp-json\/wp\/v2\/media?parent=1477"}],"curies":[{"name":"wp","href":"https:\/\/api.w.org\/{rel}","templated":true}]}}