{"id":1485,"date":"2022-06-02T12:07:44","date_gmt":"2022-06-02T12:07:44","guid":{"rendered":"https:\/\/bico.com\/se\/?page_id=1485"},"modified":"2023-03-06T14:27:38","modified_gmt":"2023-03-06T13:27:38","slug":"pressmeddelanden","status":"publish","type":"page","link":"https:\/\/bico.com\/se\/investerare\/pressmeddelanden\/","title":{"rendered":"Pressmeddelanden"},"content":{"rendered":"\t\t<div data-elementor-type=\"wp-page\" data-elementor-id=\"1485\" class=\"elementor elementor-1485\" data-elementor-post-type=\"page\">\n\t\t\t\t\t\t<section class=\"elementor-section elementor-top-section elementor-element elementor-element-3350e47 elementor-section-full_width elementor-section-height-default elementor-section-height-default\" data-id=\"3350e47\" data-element_type=\"section\">\n\t\t\t\t\t\t<div class=\"elementor-container elementor-column-gap-default\">\n\t\t\t\t\t<div class=\"elementor-column elementor-col-50 elementor-top-column elementor-element elementor-element-40ad668\" data-id=\"40ad668\" data-element_type=\"column\">\n\t\t\t<div class=\"elementor-widget-wrap elementor-element-populated\">\n\t\t\t\t\t\t<div class=\"elementor-element elementor-element-1cd3ced elementor-widget elementor-widget-shortcode\" data-id=\"1cd3ced\" data-element_type=\"widget\" data-widget_type=\"shortcode.default\">\n\t\t\t\t<div class=\"elementor-widget-container\">\n\t\t\t\t\t<div id=\"wrapper\">\n    <!-- The container where the content will end up -->\n    <div id=\"container\"><\/div>\n    <\/div>\n<\/body>\n<script type=\"application\/javascript\">\n(function($){\n    \/\/ Implements the MFN Loader javascript file\n    if (!window._MFN) {\n        var s = document.createElement(\"script\");\n        s.type = \"text\/javascript\";\n        s.src = \"https:\/\/widget.mfn.se\/v1\/serve\/assets\/js\/mfn-loader-v0.2.0.js\";\n        s.async = true;\n        document.getElementsByTagName(\"body\")[0].appendChild(s);\n    }\n\n    window._MFN = {\n        \/\/ Element where the news feed should end up\n        outlet: '#container',\n\n        \/\/ Default language of the news items shown\n        lang: 'all',\n\n        \/\/ 'selected' uses locale from lang, other options are 'en', 'sv' eg.\n        \/\/ and so on\n        l10nLang: 'en',\n\n        \/\/ The type of view\n        type: 'listview',\n\n        \/\/ Feed ID, provided by MFN\n        feed_id: '988ba6dc-7343-4043-b3ec-e3d8675aac46',\n\n        \/\/ Path to the page where a single view version has been implemented\n        single_view_url: 'https:\/\/bico.com\/se\/single-press-release\/',\n\n        \/\/ Enable if you want to activate a disclaimer page for news items\n        \/\/ of a specific tag\n        \n        \/\/disclaimer_redirect_tag: 'cus:disclaimer',\n        \/\/disclaimer_redirect_url: 'disclaimer.html',\n        \n\n        \/\/ Default limit of items shown\n        limit: 10,\n\n        \/\/ Adds a summary of the article\n        show_summary: true,\n\n        \/\/ Set preferred length of the summary, default: 250\n        \/\/ summary_len: 100,\n\n        \/\/ Cut length of summary to 'summary_len'\n        \/\/ good if you want to prevent long text, eg Disclaimer\n        summary_cut: true,\n\n        \/\/ 'default' (:regulatory, sub:report:interim, sub:report:annual)\n        \/\/ or add your own eg [{tag: ':regulatory'}]\n        show_tags: [{tag: ':regulatory'},{tag: 'sub:report:interim'},{tag: 'sub:report:annual'}],\n\n        \/\/ Show attachments\n        show_attachments: true,\n\n        \/\/ Enable clickable tags\n        clickable_tags: true,\n\n        \/\/ Toolbar\n        \/\/ Note: you can hide the toolbar by uncommenting it, and instead perhaps use 'tags' below for a default filter\n        toolbar: [\n            {\n                \/\/ show search\n                item: 'search',\n                \/\/ if true an Ajax search is added to the search bar\n                live_search: true,\n                \/\/ the debounce time for the ajax search if enabled\n                live_search_delay: 300,\n                \/\/ save space by combining search field, search button and clear button\n                slim_mode: false,\n                \/\/ auto hides the clear button\n                auto_hide_clear_button: true\n            },\n            \/\/ 'default' or [{tag: ':regulatory'},\n            \/\/ {tag: 'sub:report:interim'}] etc.\n            {item: 'category', tags: 'default'},\n            {item: 'year', start: 2010},\n            {item: 'lang', languages: ['sv', 'en']},\n            {item: 'clear'}\n        ],\n\n        \/\/ Shows for example 'All (Categories)' in select inputs (Default)\n        show_select_info: true,\n\n        \/\/ Filter feed by the following tags\n        \/\/ Typical use cases:\n        \/\/ * Setting the default filtering in the toolbar\n        \/\/ * For custom 'listview' without a toolbar where you want to choose what to filter by in code\n        \/\/ tags: [':regulatory'],\n\n        \/\/ Your own local to override text selection or add for\n        \/\/ other l10n languages (For the toolbar text and tags)\n        l10n: {\n            'Search': {\n                sv: 'S\u00f6k',\n                en: 'Search'\n            },\n            'Search placeholder': {\n                sv: 'S\u00f6k',\n                en: 'Search'\n            },\n        },\n\n        \/\/ Show additional filter info, default: false\n        show_info: true,\n        \/\/ Show not found element, default: false\n        show_notfound: true,\n\n        \/\/ Override default 'not found' element\n        \/\/ notfound_tmpl: {\n        \/\/  sv: '<div class=\"mfn-notfound\"><span>Kunde inte hitta n\u00e5gra nyhetsartiklar.<\/span><\/div>',\/\/  en: '<div class=\"mfn-notfound\"><span>Couldn\\'t find any news articles.<\/span><\/div>',\n        \/\/ },\n\n        \/\/ Should most likely be true (Enables proxy attachments)\n        use_proxied_attachment_urls: true,\n\n        \/\/ Shows the date\n        show_date: true,\n\n        \/\/ Example of configuring locale and time zone,\n        \/\/ Swedish timezone is default if date_setting is not set\n        \n        \/\/ date_setting: {\n        \/\/     \/\/ eg. for US: 'en-US',\n        \/\/     locale: 'sv-SE',\n        \/\/      option: {\n        \/\/         \/\/ or 'long', 'short',\n        \/\/         month: 'numeric',\n        \/\/         \/\/ or '2-digit',\n        \/\/         year: 'numeric',\n        \/\/         \/\/ or '2-digit',\n        \/\/         day: 'numeric',\n        \/\/         \/\/ eg. 'America\/New_York'\n        \/\/         timeZone: 'Europe\/Stockholm'\n        \/\/     }\n        \/\/ },\n        \n\n        \/\/ If you want to implement your own custom date formatter\n        \/\/ you can add your own function\n        \/\/ format_date: function(date) {\n        \/\/     return date.toLocaleTimeString('sv-SE', {\n        \/\/         month: 'long',\n        \/\/         year: 'numeric',\n        \/\/         day: 'numeric',\n        \/\/         timeZone: 'Europe\/Stockholm'\n        \/\/     });\n        \/\/ },\n\n        \/\/ Example of implementing your own HTML for a news item\n        post_processor: function(current, item) {\n             var html = $(current);\n             const url = 'https:\/\/bico.com\/se\/single-press-release\/' + '?id=' + item.news_id;\n             html.find('.mfn-title-wrapper').find('a').attr('href', url)\n             return html.html()\n             \/\/return '<div>' + item.content.title + '<\/div>';\n         }\n\n    }\n    })(jQuery);\n<\/script>\n<\/html>\n\t\t<div class=\"elementor-shortcode\"><\/div>\n\t\t\t\t\t\t<\/div>\n\t\t\t\t<\/div>\n\t\t\t\t\t<\/div>\n\t\t<\/div>\n\t\t\t\t<div class=\"elementor-column elementor-col-50 elementor-top-column elementor-element elementor-element-5d8b5a0\" data-id=\"5d8b5a0\" data-element_type=\"column\">\n\t\t\t<div class=\"elementor-widget-wrap\">\n\t\t\t\t\t\t\t<\/div>\n\t\t<\/div>\n\t\t\t\t\t<\/div>\n\t\t<\/section>\n\t\t\t\t<\/div>\n\t\t","protected":false},"excerpt":{"rendered":"","protected":false},"author":4,"featured_media":0,"parent":1416,"menu_order":0,"comment_status":"closed","ping_status":"closed","template":"","meta":{"_acf_changed":false,"footnotes":""},"class_list":["post-1485","page","type-page","status-publish","hentry"],"acf":[],"yoast_head":"<!-- This site is optimized with the Yoast SEO Premium plugin v19.3 (Yoast SEO v24.8.1) - https:\/\/yoast.com\/wordpress\/plugins\/seo\/ -->\n<title>Pressmeddelanden - BICO Sverige<\/title>\n<meta name=\"description\" content=\"H\u00e4r hittar du alla v\u00e5ra regulatoriska och icke-regulatoriska pressmeddelanden. Ta del av de senaste nyheterna fr\u00e5n BICO Group AB.\" \/>\n<meta name=\"robots\" content=\"index, follow, max-snippet:-1, max-image-preview:large, max-video-preview:-1\" \/>\n<link rel=\"canonical\" href=\"https:\/\/bico.com\/se\/investerare\/pressmeddelanden\/\" \/>\n<meta property=\"og:locale\" content=\"sv_SE\" \/>\n<meta property=\"og:type\" content=\"article\" \/>\n<meta property=\"og:title\" content=\"Pressmeddelanden\" \/>\n<meta property=\"og:description\" content=\"H\u00e4r hittar du alla v\u00e5ra regulatoriska och icke-regulatoriska pressmeddelanden. Ta del av de senaste nyheterna fr\u00e5n BICO Group AB.\" \/>\n<meta property=\"og:url\" content=\"https:\/\/bico.com\/se\/investerare\/pressmeddelanden\/\" \/>\n<meta property=\"og:site_name\" content=\"BICO Sverige\" \/>\n<meta property=\"article:publisher\" content=\"https:\/\/www.facebook.com\/bico.group.ab\" \/>\n<meta property=\"article:modified_time\" content=\"2023-03-06T13:27:38+00:00\" \/>\n<meta name=\"twitter:card\" content=\"summary_large_image\" \/>\n<meta name=\"twitter:site\" content=\"@theBICOgroup\" \/>\n<meta name=\"twitter:label1\" content=\"Ber\u00e4knad l\u00e4stid\" \/>\n\t<meta name=\"twitter:data1\" content=\"6 minuter\" \/>\n<script type=\"application\/ld+json\" class=\"yoast-schema-graph\">{\"@context\":\"https:\/\/schema.org\",\"@graph\":[{\"@type\":\"WebPage\",\"@id\":\"https:\/\/bico.com\/se\/investerare\/pressmeddelanden\/\",\"url\":\"https:\/\/bico.com\/se\/investerare\/pressmeddelanden\/\",\"name\":\"Pressmeddelanden - BICO Sverige\",\"isPartOf\":{\"@id\":\"https:\/\/bico.com\/se\/#website\"},\"datePublished\":\"2022-06-02T12:07:44+00:00\",\"dateModified\":\"2023-03-06T13:27:38+00:00\",\"description\":\"H\u00e4r hittar du alla v\u00e5ra regulatoriska och icke-regulatoriska pressmeddelanden. Ta del av de senaste nyheterna fr\u00e5n BICO Group AB.\",\"breadcrumb\":{\"@id\":\"https:\/\/bico.com\/se\/investerare\/pressmeddelanden\/#breadcrumb\"},\"inLanguage\":\"sv-SE\",\"potentialAction\":[{\"@type\":\"ReadAction\",\"target\":[\"https:\/\/bico.com\/se\/investerare\/pressmeddelanden\/\"]}]},{\"@type\":\"BreadcrumbList\",\"@id\":\"https:\/\/bico.com\/se\/investerare\/pressmeddelanden\/#breadcrumb\",\"itemListElement\":[{\"@type\":\"ListItem\",\"position\":1,\"name\":\"Hem\",\"item\":\"https:\/\/bico.com\/se\/\"},{\"@type\":\"ListItem\",\"position\":2,\"name\":\"Investerare\",\"item\":\"https:\/\/bico.com\/se\/investerare\/\"},{\"@type\":\"ListItem\",\"position\":3,\"name\":\"Pressmeddelanden\"}]},{\"@type\":\"WebSite\",\"@id\":\"https:\/\/bico.com\/se\/#website\",\"url\":\"https:\/\/bico.com\/se\/\",\"name\":\"BICO Sverige\",\"description\":\"Vi m\u00f6jligg\u00f6r och automatiserar framtidens life-science lab\",\"publisher\":{\"@id\":\"https:\/\/bico.com\/se\/#organization\"},\"potentialAction\":[{\"@type\":\"SearchAction\",\"target\":{\"@type\":\"EntryPoint\",\"urlTemplate\":\"https:\/\/bico.com\/se\/?s={search_term_string}\"},\"query-input\":{\"@type\":\"PropertyValueSpecification\",\"valueRequired\":true,\"valueName\":\"search_term_string\"}}],\"inLanguage\":\"sv-SE\"},{\"@type\":\"Organization\",\"@id\":\"https:\/\/bico.com\/se\/#organization\",\"name\":\"BICO Group AB\",\"url\":\"https:\/\/bico.com\/se\/\",\"logo\":{\"@type\":\"ImageObject\",\"inLanguage\":\"sv-SE\",\"@id\":\"https:\/\/bico.com\/se\/#\/schema\/logo\/image\/\",\"url\":\"https:\/\/bico.com\/se\/wp-content\/uploads\/sites\/2\/2021\/07\/press-bico-logo.png\",\"contentUrl\":\"https:\/\/bico.com\/se\/wp-content\/uploads\/sites\/2\/2021\/07\/press-bico-logo.png\",\"width\":1920,\"height\":1280,\"caption\":\"BICO Group AB\"},\"image\":{\"@id\":\"https:\/\/bico.com\/se\/#\/schema\/logo\/image\/\"},\"sameAs\":[\"https:\/\/www.facebook.com\/bico.group.ab\",\"https:\/\/x.com\/theBICOgroup\",\"https:\/\/www.instagram.com\/bicogroup_\/\",\"https:\/\/www.linkedin.com\/company\/bico\/\"]}]}<\/script>\n<!-- \/ Yoast SEO Premium plugin. -->","yoast_head_json":{"title":"Pressmeddelanden - BICO Sverige","description":"H\u00e4r hittar du alla v\u00e5ra regulatoriska och icke-regulatoriska pressmeddelanden. Ta del av de senaste nyheterna fr\u00e5n BICO Group AB.","robots":{"index":"index","follow":"follow","max-snippet":"max-snippet:-1","max-image-preview":"max-image-preview:large","max-video-preview":"max-video-preview:-1"},"canonical":"https:\/\/bico.com\/se\/investerare\/pressmeddelanden\/","og_locale":"sv_SE","og_type":"article","og_title":"Pressmeddelanden","og_description":"H\u00e4r hittar du alla v\u00e5ra regulatoriska och icke-regulatoriska pressmeddelanden. Ta del av de senaste nyheterna fr\u00e5n BICO Group AB.","og_url":"https:\/\/bico.com\/se\/investerare\/pressmeddelanden\/","og_site_name":"BICO Sverige","article_publisher":"https:\/\/www.facebook.com\/bico.group.ab","article_modified_time":"2023-03-06T13:27:38+00:00","twitter_card":"summary_large_image","twitter_site":"@theBICOgroup","twitter_misc":{"Ber\u00e4knad l\u00e4stid":"6 minuter"},"schema":{"@context":"https:\/\/schema.org","@graph":[{"@type":"WebPage","@id":"https:\/\/bico.com\/se\/investerare\/pressmeddelanden\/","url":"https:\/\/bico.com\/se\/investerare\/pressmeddelanden\/","name":"Pressmeddelanden - BICO Sverige","isPartOf":{"@id":"https:\/\/bico.com\/se\/#website"},"datePublished":"2022-06-02T12:07:44+00:00","dateModified":"2023-03-06T13:27:38+00:00","description":"H\u00e4r hittar du alla v\u00e5ra regulatoriska och icke-regulatoriska pressmeddelanden. Ta del av de senaste nyheterna fr\u00e5n BICO Group AB.","breadcrumb":{"@id":"https:\/\/bico.com\/se\/investerare\/pressmeddelanden\/#breadcrumb"},"inLanguage":"sv-SE","potentialAction":[{"@type":"ReadAction","target":["https:\/\/bico.com\/se\/investerare\/pressmeddelanden\/"]}]},{"@type":"BreadcrumbList","@id":"https:\/\/bico.com\/se\/investerare\/pressmeddelanden\/#breadcrumb","itemListElement":[{"@type":"ListItem","position":1,"name":"Hem","item":"https:\/\/bico.com\/se\/"},{"@type":"ListItem","position":2,"name":"Investerare","item":"https:\/\/bico.com\/se\/investerare\/"},{"@type":"ListItem","position":3,"name":"Pressmeddelanden"}]},{"@type":"WebSite","@id":"https:\/\/bico.com\/se\/#website","url":"https:\/\/bico.com\/se\/","name":"BICO Sverige","description":"Vi m\u00f6jligg\u00f6r och automatiserar framtidens life-science lab","publisher":{"@id":"https:\/\/bico.com\/se\/#organization"},"potentialAction":[{"@type":"SearchAction","target":{"@type":"EntryPoint","urlTemplate":"https:\/\/bico.com\/se\/?s={search_term_string}"},"query-input":{"@type":"PropertyValueSpecification","valueRequired":true,"valueName":"search_term_string"}}],"inLanguage":"sv-SE"},{"@type":"Organization","@id":"https:\/\/bico.com\/se\/#organization","name":"BICO Group AB","url":"https:\/\/bico.com\/se\/","logo":{"@type":"ImageObject","inLanguage":"sv-SE","@id":"https:\/\/bico.com\/se\/#\/schema\/logo\/image\/","url":"https:\/\/bico.com\/se\/wp-content\/uploads\/sites\/2\/2021\/07\/press-bico-logo.png","contentUrl":"https:\/\/bico.com\/se\/wp-content\/uploads\/sites\/2\/2021\/07\/press-bico-logo.png","width":1920,"height":1280,"caption":"BICO Group AB"},"image":{"@id":"https:\/\/bico.com\/se\/#\/schema\/logo\/image\/"},"sameAs":["https:\/\/www.facebook.com\/bico.group.ab","https:\/\/x.com\/theBICOgroup","https:\/\/www.instagram.com\/bicogroup_\/","https:\/\/www.linkedin.com\/company\/bico\/"]}]}},"_links":{"self":[{"href":"https:\/\/bico.com\/se\/wp-json\/wp\/v2\/pages\/1485","targetHints":{"allow":["GET"]}}],"collection":[{"href":"https:\/\/bico.com\/se\/wp-json\/wp\/v2\/pages"}],"about":[{"href":"https:\/\/bico.com\/se\/wp-json\/wp\/v2\/types\/page"}],"author":[{"embeddable":true,"href":"https:\/\/bico.com\/se\/wp-json\/wp\/v2\/users\/4"}],"replies":[{"embeddable":true,"href":"https:\/\/bico.com\/se\/wp-json\/wp\/v2\/comments?post=1485"}],"version-history":[{"count":0,"href":"https:\/\/bico.com\/se\/wp-json\/wp\/v2\/pages\/1485\/revisions"}],"up":[{"embeddable":true,"href":"https:\/\/bico.com\/se\/wp-json\/wp\/v2\/pages\/1416"}],"wp:attachment":[{"href":"https:\/\/bico.com\/se\/wp-json\/wp\/v2\/media?parent=1485"}],"curies":[{"name":"wp","href":"https:\/\/api.w.org\/{rel}","templated":true}]}}