{"id":1495,"date":"2022-06-02T12:09:56","date_gmt":"2022-06-02T12:09:56","guid":{"rendered":"https:\/\/bico.com\/se\/?page_id=1495"},"modified":"2023-04-11T11:31:52","modified_gmt":"2023-04-11T10:31:52","slug":"aktien","status":"publish","type":"page","link":"https:\/\/bico.com\/se\/investerare\/aktien\/","title":{"rendered":"Aktien"},"content":{"rendered":"\t\t<div data-elementor-type=\"wp-page\" data-elementor-id=\"1495\" class=\"elementor elementor-1495\" data-elementor-post-type=\"page\">\n\t\t\t\t\t\t<section class=\"elementor-section elementor-top-section elementor-element elementor-element-ad7982f elementor-section-content-top elementor-section-full_width elementor-section-height-default elementor-section-height-default\" data-id=\"ad7982f\" data-element_type=\"section\">\n\t\t\t\t\t\t<div class=\"elementor-container elementor-column-gap-default\">\n\t\t\t\t\t<div class=\"elementor-column elementor-col-100 elementor-top-column elementor-element elementor-element-dfc85ce\" data-id=\"dfc85ce\" data-element_type=\"column\">\n\t\t\t<div class=\"elementor-widget-wrap elementor-element-populated\">\n\t\t\t\t\t\t<div class=\"elementor-element elementor-element-1527fe4 elementor-cta--skin-cover elementor-widget__width-initial elementor-widget-mobile__width-initial elementor-widget elementor-widget-call-to-action\" data-id=\"1527fe4\" data-element_type=\"widget\" data-widget_type=\"call-to-action.default\">\n\t\t\t\t<div class=\"elementor-widget-container\">\n\t\t\t\t\t\t\t<a class=\"elementor-cta\" href=\"https:\/\/bico.com\/se\/investerare\/aktien\/agarstruktur\/\">\n\t\t\t\t\t<div class=\"elementor-cta__bg-wrapper\">\n\t\t\t\t<div class=\"elementor-cta__bg elementor-bg\" style=\"background-image: url();\" role=\"img\" aria-label=\"\"><\/div>\n\t\t\t\t<div class=\"elementor-cta__bg-overlay\"><\/div>\n\t\t\t<\/div>\n\t\t\t\t\t\t\t<div class=\"elementor-cta__content\">\n\t\t\t\t\n\t\t\t\t\t\t\t\t\t<div class=\"elementor-cta__title elementor-cta__content-item elementor-content-item\">\n\t\t\t\t\t\t<strong class=\"animate\">\u00c4garstruktur<\/strong>\t\t\t\t\t<\/div>\n\t\t\t\t\n\t\t\t\t\n\t\t\t\t\t\t\t<\/div>\n\t\t\t\t\t\t<\/a>\n\t\t\t\t\t\t<\/div>\n\t\t\t\t<\/div>\n\t\t\t\t<div class=\"elementor-element elementor-element-5d02005 elementor-cta--skin-cover elementor-cta--valign-middle elementor-widget__width-initial elementor-widget elementor-widget-call-to-action\" data-id=\"5d02005\" data-element_type=\"widget\" data-widget_type=\"call-to-action.default\">\n\t\t\t\t<div class=\"elementor-widget-container\">\n\t\t\t\t\t\t\t<a class=\"elementor-cta\" href=\"https:\/\/bico.com\/se\/investerare\/aktien\/insynsagande\/\">\n\t\t\t\t\t<div class=\"elementor-cta__bg-wrapper\">\n\t\t\t\t<div class=\"elementor-cta__bg elementor-bg\" style=\"background-image: url();\" role=\"img\" aria-label=\"\"><\/div>\n\t\t\t\t<div class=\"elementor-cta__bg-overlay\"><\/div>\n\t\t\t<\/div>\n\t\t\t\t\t\t\t<div class=\"elementor-cta__content\">\n\t\t\t\t\n\t\t\t\t\t\t\t\t\t<div class=\"elementor-cta__title elementor-cta__content-item elementor-content-item\">\n\t\t\t\t\t\t<strong class=\"animate\">Insyns\u00e4gande<\/strong>\t\t\t\t\t<\/div>\n\t\t\t\t\n\t\t\t\t\n\t\t\t\t\t\t\t<\/div>\n\t\t\t\t\t\t<\/a>\n\t\t\t\t\t\t<\/div>\n\t\t\t\t<\/div>\n\t\t\t\t<div class=\"elementor-element elementor-element-7f1e9a1 elementor-cta--skin-cover elementor-cta--valign-middle elementor-widget__width-initial elementor-widget elementor-widget-call-to-action\" data-id=\"7f1e9a1\" data-element_type=\"widget\" data-widget_type=\"call-to-action.default\">\n\t\t\t\t<div class=\"elementor-widget-container\">\n\t\t\t\t\t\t\t<a class=\"elementor-cta\" href=\"https:\/\/bico.com\/se\/investerare\/aktien\/analytiker\/\">\n\t\t\t\t\t<div class=\"elementor-cta__bg-wrapper\">\n\t\t\t\t<div class=\"elementor-cta__bg elementor-bg\" style=\"background-image: url();\" role=\"img\" aria-label=\"\"><\/div>\n\t\t\t\t<div class=\"elementor-cta__bg-overlay\"><\/div>\n\t\t\t<\/div>\n\t\t\t\t\t\t\t<div class=\"elementor-cta__content\">\n\t\t\t\t\n\t\t\t\t\t\t\t\t\t<div class=\"elementor-cta__title elementor-cta__content-item elementor-content-item\">\n\t\t\t\t\t\t<strong class=\"animate\">Analytiker<\/strong>\t\t\t\t\t<\/div>\n\t\t\t\t\n\t\t\t\t\n\t\t\t\t\t\t\t<\/div>\n\t\t\t\t\t\t<\/a>\n\t\t\t\t\t\t<\/div>\n\t\t\t\t<\/div>\n\t\t\t\t<div class=\"elementor-element elementor-element-d5f656c elementor-cta--skin-cover elementor-cta--valign-middle elementor-widget__width-initial elementor-widget elementor-widget-call-to-action\" data-id=\"d5f656c\" data-element_type=\"widget\" data-widget_type=\"call-to-action.default\">\n\t\t\t\t<div class=\"elementor-widget-container\">\n\t\t\t\t\t\t\t<a class=\"elementor-cta\" href=\"https:\/\/bico.com\/se\/investerare\/aktien\/finansiella-mal\/\">\n\t\t\t\t\t<div class=\"elementor-cta__bg-wrapper\">\n\t\t\t\t<div class=\"elementor-cta__bg elementor-bg\" style=\"background-image: url();\" role=\"img\" aria-label=\"\"><\/div>\n\t\t\t\t<div class=\"elementor-cta__bg-overlay\"><\/div>\n\t\t\t<\/div>\n\t\t\t\t\t\t\t<div class=\"elementor-cta__content\">\n\t\t\t\t\n\t\t\t\t\t\t\t\t\t<div class=\"elementor-cta__title elementor-cta__content-item elementor-content-item\">\n\t\t\t\t\t\t<strong class=\"animate\">Finansiella m\u00e5l<\/strong>\t\t\t\t\t<\/div>\n\t\t\t\t\n\t\t\t\t\n\t\t\t\t\t\t\t<\/div>\n\t\t\t\t\t\t<\/a>\n\t\t\t\t\t\t<\/div>\n\t\t\t\t<\/div>\n\t\t\t\t\t<\/div>\n\t\t<\/div>\n\t\t\t\t\t<\/div>\n\t\t<\/section>\n\t\t\t\t<section class=\"elementor-section elementor-top-section elementor-element elementor-element-0766e32 elementor-section-content-top elementor-section-full_width elementor-section-height-default elementor-section-height-default\" data-id=\"0766e32\" data-element_type=\"section\">\n\t\t\t\t\t\t<div class=\"elementor-container elementor-column-gap-default\">\n\t\t\t\t\t<div class=\"elementor-column elementor-col-50 elementor-top-column elementor-element elementor-element-fda49f5\" data-id=\"fda49f5\" data-element_type=\"column\">\n\t\t\t<div class=\"elementor-widget-wrap elementor-element-populated\">\n\t\t\t\t\t\t<section class=\"elementor-section elementor-inner-section elementor-element elementor-element-ced6bf7 elementor-section-content-middle elementor-section-boxed elementor-section-height-default elementor-section-height-default\" data-id=\"ced6bf7\" data-element_type=\"section\">\n\t\t\t\t\t\t<div class=\"elementor-container elementor-column-gap-default\">\n\t\t\t\t\t<div class=\"elementor-column elementor-col-100 elementor-inner-column elementor-element elementor-element-99a0eb6\" data-id=\"99a0eb6\" data-element_type=\"column\">\n\t\t\t<div class=\"elementor-widget-wrap elementor-element-populated\">\n\t\t\t\t\t\t<div class=\"elementor-element elementor-element-d57c385 elementor-widget elementor-widget-text-editor\" data-id=\"d57c385\" data-element_type=\"widget\" data-widget_type=\"text-editor.default\">\n\t\t\t\t<div class=\"elementor-widget-container\">\n\t\t\t\t\t\t\t\t\t<h3>\n        <script>\n            if(!window._MF){\n                let b = document.createElement(\"script\");\n                b.type = \"text\/javascript\";\n                b.async = true;\n                b.src =  \" https:\/\/widget.datablocks.se\/api\/rose\/assets\/js\/loader-v4.js\";\n                document.getElementsByTagName(\"body\")[0].appendChild(b);\n\n                window._MF = window._MF || {\n                    data: [],\n                    url: \" https:\/\/widget.datablocks.se\/api\/rose\",\n                    ready: !!0,\n                    render: function() {\n                        window._MF.ready = !0\n                    },\n                    push: function(conf){\n                        this.data.push(conf)\n                    }\n                }\n            }\n            var widget = {\"query\":\"#widget-stock-table-994467148\",\"widget\":\"stock-table\",\"locale\":\"en\",\"c\":\"\",\"token\":\"dbe12be3-88e7-4d61-8bd2-8a38851ce620\",\"demo\":false,\"class\":\"\"};\n\n            window._MF.push(widget);\n        <\/script>\n        <div class=\"widget widget_mf_widget\"><div id='widget-stock-table-994467148'><\/div><\/div><\/h3>\t\t\t\t\t\t\t\t<\/div>\n\t\t\t\t<\/div>\n\t\t\t\t<div class=\"elementor-element elementor-element-66616bc elementor-widget elementor-widget-heading\" data-id=\"66616bc\" data-element_type=\"widget\" data-widget_type=\"heading.default\">\n\t\t\t\t<div class=\"elementor-widget-container\">\n\t\t\t\t\t<span class=\"elementor-heading-title elementor-size-default\">BICO GROUP AB (PUBL)<\/span>\t\t\t\t<\/div>\n\t\t\t\t<\/div>\n\t\t\t\t\t<\/div>\n\t\t<\/div>\n\t\t\t\t\t<\/div>\n\t\t<\/section>\n\t\t\t\t<div class=\"elementor-element elementor-element-05c235f elementor-widget elementor-widget-shortcode\" data-id=\"05c235f\" data-element_type=\"widget\" data-widget_type=\"shortcode.default\">\n\t\t\t\t<div class=\"elementor-widget-container\">\n\t\t\t\t\t\t\t<div class=\"elementor-shortcode\">\n        <script>\n            if(!window._MF){\n                let b = document.createElement(\"script\");\n                b.type = \"text\/javascript\";\n                b.async = true;\n                b.src =  \" https:\/\/widget.datablocks.se\/api\/rose\/assets\/js\/loader-v4.js\";\n                document.getElementsByTagName(\"body\")[0].appendChild(b);\n\n                window._MF = window._MF || {\n                    data: [],\n                    url: \" https:\/\/widget.datablocks.se\/api\/rose\",\n                    ready: !!0,\n                    render: function() {\n                        window._MF.ready = !0\n                    },\n                    push: function(conf){\n                        this.data.push(conf)\n                    }\n                }\n            }\n            var widget = {\"query\":\"#widget-stock-chart-1553661966\",\"widget\":\"stock-chart\",\"locale\":\"sv\",\"c\":\"\",\"token\":\"bd41bab0-5ff8-42bf-83d4-1adc53bda166\",\"demo\":false,\"class\":\"\"};\n\n            window._MF.push(widget);\n        <\/script>\n        <div class=\"widget widget_mf_widget\"><div id='widget-stock-chart-1553661966'><\/div><\/div>\n<\/div>\n\t\t\t\t\t\t<\/div>\n\t\t\t\t<\/div>\n\t\t\t\t\t<\/div>\n\t\t<\/div>\n\t\t\t\t<div class=\"elementor-column elementor-col-50 elementor-top-column elementor-element elementor-element-de85544\" data-id=\"de85544\" data-element_type=\"column\">\n\t\t\t<div class=\"elementor-widget-wrap elementor-element-populated\">\n\t\t\t\t\t\t<div class=\"elementor-element elementor-element-7586595 elementor-widget elementor-widget-shortcode\" data-id=\"7586595\" data-element_type=\"widget\" data-widget_type=\"shortcode.default\">\n\t\t\t\t<div class=\"elementor-widget-container\">\n\t\t\t\t\t\t\t<div class=\"elementor-shortcode\">\n        <script>\n            if(!window._MF){\n                let b = document.createElement(\"script\");\n                b.type = \"text\/javascript\";\n                b.async = true;\n                b.src =  \" https:\/\/widget.datablocks.se\/api\/rose\/assets\/js\/loader-v4.js\";\n                document.getElementsByTagName(\"body\")[0].appendChild(b);\n\n                window._MF = window._MF || {\n                    data: [],\n                    url: \" https:\/\/widget.datablocks.se\/api\/rose\",\n                    ready: !!0,\n                    render: function() {\n                        window._MF.ready = !0\n                    },\n                    push: function(conf){\n                        this.data.push(conf)\n                    }\n                }\n            }\n            var widget = {\"query\":\"#widget-stock-table-909716761\",\"widget\":\"stock-table\",\"locale\":\"sv\",\"c\":\"\",\"token\":\"84a8520d-abc5-44e0-8233-999caaf0a2d6\",\"demo\":false,\"class\":\"class='hide-first-row stock-table'\"};\n\n            window._MF.push(widget);\n        <\/script>\n        <div class=\"widget widget_mf_widget\"><div id='widget-stock-table-909716761'class='hide-first-row stock-table'><\/div><\/div>\n<\/div>\n\t\t\t\t\t\t<\/div>\n\t\t\t\t<\/div>\n\t\t\t\t\t<\/div>\n\t\t<\/div>\n\t\t\t\t\t<\/div>\n\t\t<\/section>\n\t\t\t\t<section class=\"elementor-section elementor-top-section elementor-element elementor-element-a88eabe elementor-section-full_width elementor-section-height-default elementor-section-height-default\" data-id=\"a88eabe\" data-element_type=\"section\">\n\t\t\t\t\t\t<div class=\"elementor-container elementor-column-gap-default\">\n\t\t\t\t\t<div class=\"elementor-column elementor-col-50 elementor-top-column elementor-element elementor-element-5d27155\" data-id=\"5d27155\" data-element_type=\"column\">\n\t\t\t<div class=\"elementor-widget-wrap elementor-element-populated\">\n\t\t\t\t\t\t<div class=\"elementor-element elementor-element-1df2f2a elementor-widget elementor-widget-text-editor\" data-id=\"1df2f2a\" data-element_type=\"widget\" data-widget_type=\"text-editor.default\">\n\t\t\t\t<div class=\"elementor-widget-container\">\n\t\t\t\t\t\t\t\t\t<p>BICO Group AB (\u201dBICO\u201d) \u00e4r ett svenskt publikt aktiebolag med s\u00e4te i G\u00f6teborg och med dess aktier av serie B upptagna till handel p\u00e5 Nasdaq Stockholm. Till grund f\u00f6r <a href=\"https:\/\/bico.com\/se\/investerare\/bolagsstyrning\/\">bolagsstyrningen<\/a> inom BICO ligger den svenska aktiebolagslagen, \u00e5rsredovisningslagen, Nasdaq Stockholms regelverk f\u00f6r emittenter, interna regler samt Svensk kod f\u00f6r bolagsstyrning (\u201dKoden\u201d). BICO till\u00e4mpar de regler som f\u00f6ljer av lag eller annan f\u00f6rfattning, samt Koden.<\/p>\t\t\t\t\t\t\t\t<\/div>\n\t\t\t\t<\/div>\n\t\t\t\t\t<\/div>\n\t\t<\/div>\n\t\t\t\t<div class=\"elementor-column elementor-col-50 elementor-top-column elementor-element elementor-element-92d510b\" data-id=\"92d510b\" data-element_type=\"column\">\n\t\t\t<div class=\"elementor-widget-wrap\">\n\t\t\t\t\t\t\t<\/div>\n\t\t<\/div>\n\t\t\t\t\t<\/div>\n\t\t<\/section>\n\t\t\t\t<section class=\"elementor-section elementor-top-section elementor-element elementor-element-3058064 elementor-section-full_width elementor-section-height-default elementor-section-height-default\" data-id=\"3058064\" data-element_type=\"section\">\n\t\t\t\t\t\t<div class=\"elementor-container elementor-column-gap-default\">\n\t\t\t\t\t<div class=\"elementor-column elementor-col-100 elementor-top-column elementor-element elementor-element-4ad4d4e\" data-id=\"4ad4d4e\" data-element_type=\"column\">\n\t\t\t<div class=\"elementor-widget-wrap elementor-element-populated\">\n\t\t\t\t\t\t<div class=\"elementor-element elementor-element-fe09610 elementor-widget elementor-widget-heading\" data-id=\"fe09610\" data-element_type=\"widget\" data-widget_type=\"heading.default\">\n\t\t\t\t<div class=\"elementor-widget-container\">\n\t\t\t\t\t<h2 class=\"elementor-heading-title elementor-size-default\">Aktiekalkylator<\/h2>\t\t\t\t<\/div>\n\t\t\t\t<\/div>\n\t\t\t\t<div class=\"elementor-element elementor-element-f72a388 elementor-widget elementor-widget-shortcode\" data-id=\"f72a388\" data-element_type=\"widget\" data-widget_type=\"shortcode.default\">\n\t\t\t\t<div class=\"elementor-widget-container\">\n\t\t\t\t\t\t\t<div class=\"elementor-shortcode\">\n        <script>\n            if(!window._MF){\n                let b = document.createElement(\"script\");\n                b.type = \"text\/javascript\";\n                b.async = true;\n                b.src =  \" https:\/\/widget.datablocks.se\/api\/rose\/assets\/js\/loader-v4.js\";\n                document.getElementsByTagName(\"body\")[0].appendChild(b);\n\n                window._MF = window._MF || {\n                    data: [],\n                    url: \" https:\/\/widget.datablocks.se\/api\/rose\",\n                    ready: !!0,\n                    render: function() {\n                        window._MF.ready = !0\n                    },\n                    push: function(conf){\n                        this.data.push(conf)\n                    }\n                }\n            }\n            var widget = {\"query\":\"#widget-stock-calculator-1336269032\",\"widget\":\"stock-calculator\",\"locale\":\"sv\",\"c\":\"\",\"token\":\"5190a98b-6475-4bba-8f08-f7d025815033\",\"demo\":false,\"class\":\"\"};\n\n            window._MF.push(widget);\n        <\/script>\n        <div class=\"widget widget_mf_widget\"><div id='widget-stock-calculator-1336269032'><\/div><\/div><\/div>\n\t\t\t\t\t\t<\/div>\n\t\t\t\t<\/div>\n\t\t\t\t\t<\/div>\n\t\t<\/div>\n\t\t\t\t\t<\/div>\n\t\t<\/section>\n\t\t\t\t<\/div>\n\t\t","protected":false},"excerpt":{"rendered":"<p>\u00c4garstruktur Insyns\u00e4gande Analytiker Finansiella m\u00e5l BICO GROUP AB (PUBL) BICO Group AB (\u201dBICO\u201d) \u00e4r ett svenskt publikt aktiebolag med s\u00e4te i G\u00f6teborg och med dess aktier av serie B upptagna till handel p\u00e5 Nasdaq Stockholm. Till grund f\u00f6r bolagsstyrningen inom BICO ligger den svenska aktiebolagslagen, \u00e5rsredovisningslagen, Nasdaq Stockholms regelverk f\u00f6r emittenter, interna regler samt Svensk [&hellip;]<\/p>\n","protected":false},"author":4,"featured_media":0,"parent":1416,"menu_order":0,"comment_status":"closed","ping_status":"closed","template":"","meta":{"_acf_changed":false,"content-type":"","footnotes":""},"class_list":["post-1495","page","type-page","status-publish","hentry"],"acf":[],"yoast_head":"<!-- This site is optimized with the Yoast SEO Premium plugin v19.3 (Yoast SEO v24.8.1) - https:\/\/yoast.com\/wordpress\/plugins\/seo\/ -->\n<title>Aktien - BICO Sverige<\/title>\n<meta name=\"description\" content=\"BICO Group AB \u00e4r ett svenskt publikt aktiebolag med s\u00e4te i G\u00f6teborg och med dess aktier av serie B upptagna till handel p\u00e5 Nasdaq Stockholm.\" \/>\n<meta name=\"robots\" content=\"index, follow, max-snippet:-1, max-image-preview:large, max-video-preview:-1\" \/>\n<link rel=\"canonical\" href=\"https:\/\/bico.com\/se\/investerare\/aktien\/\" \/>\n<meta property=\"og:locale\" content=\"sv_SE\" \/>\n<meta property=\"og:type\" content=\"article\" \/>\n<meta property=\"og:title\" content=\"Aktien\" \/>\n<meta property=\"og:description\" content=\"BICO Group AB \u00e4r ett svenskt publikt aktiebolag med s\u00e4te i G\u00f6teborg och med dess aktier av serie B upptagna till handel p\u00e5 Nasdaq Stockholm.\" \/>\n<meta property=\"og:url\" content=\"https:\/\/bico.com\/se\/investerare\/aktien\/\" \/>\n<meta property=\"og:site_name\" content=\"BICO Sverige\" \/>\n<meta property=\"article:publisher\" content=\"https:\/\/www.facebook.com\/bico.group.ab\" \/>\n<meta property=\"article:modified_time\" content=\"2023-04-11T10:31:52+00:00\" \/>\n<meta name=\"twitter:card\" content=\"summary_large_image\" \/>\n<meta name=\"twitter:site\" content=\"@theBICOgroup\" \/>\n<meta name=\"twitter:label1\" content=\"Ber\u00e4knad l\u00e4stid\" \/>\n\t<meta name=\"twitter:data1\" content=\"65 minuter\" \/>\n<script type=\"application\/ld+json\" class=\"yoast-schema-graph\">{\"@context\":\"https:\/\/schema.org\",\"@graph\":[{\"@type\":\"WebPage\",\"@id\":\"https:\/\/bico.com\/se\/investerare\/aktien\/\",\"url\":\"https:\/\/bico.com\/se\/investerare\/aktien\/\",\"name\":\"Aktien - BICO Sverige\",\"isPartOf\":{\"@id\":\"https:\/\/bico.com\/se\/#website\"},\"datePublished\":\"2022-06-02T12:09:56+00:00\",\"dateModified\":\"2023-04-11T10:31:52+00:00\",\"description\":\"BICO Group AB \u00e4r ett svenskt publikt aktiebolag med s\u00e4te i G\u00f6teborg och med dess aktier av serie B upptagna till handel p\u00e5 Nasdaq Stockholm.\",\"breadcrumb\":{\"@id\":\"https:\/\/bico.com\/se\/investerare\/aktien\/#breadcrumb\"},\"inLanguage\":\"sv-SE\",\"potentialAction\":[{\"@type\":\"ReadAction\",\"target\":[\"https:\/\/bico.com\/se\/investerare\/aktien\/\"]}]},{\"@type\":\"BreadcrumbList\",\"@id\":\"https:\/\/bico.com\/se\/investerare\/aktien\/#breadcrumb\",\"itemListElement\":[{\"@type\":\"ListItem\",\"position\":1,\"name\":\"Hem\",\"item\":\"https:\/\/bico.com\/se\/\"},{\"@type\":\"ListItem\",\"position\":2,\"name\":\"Investerare\",\"item\":\"https:\/\/bico.com\/se\/investerare\/\"},{\"@type\":\"ListItem\",\"position\":3,\"name\":\"Aktien\"}]},{\"@type\":\"WebSite\",\"@id\":\"https:\/\/bico.com\/se\/#website\",\"url\":\"https:\/\/bico.com\/se\/\",\"name\":\"BICO Sverige\",\"description\":\"Vi m\u00f6jligg\u00f6r och automatiserar framtidens life-science lab\",\"publisher\":{\"@id\":\"https:\/\/bico.com\/se\/#organization\"},\"potentialAction\":[{\"@type\":\"SearchAction\",\"target\":{\"@type\":\"EntryPoint\",\"urlTemplate\":\"https:\/\/bico.com\/se\/?s={search_term_string}\"},\"query-input\":{\"@type\":\"PropertyValueSpecification\",\"valueRequired\":true,\"valueName\":\"search_term_string\"}}],\"inLanguage\":\"sv-SE\"},{\"@type\":\"Organization\",\"@id\":\"https:\/\/bico.com\/se\/#organization\",\"name\":\"BICO Group AB\",\"url\":\"https:\/\/bico.com\/se\/\",\"logo\":{\"@type\":\"ImageObject\",\"inLanguage\":\"sv-SE\",\"@id\":\"https:\/\/bico.com\/se\/#\/schema\/logo\/image\/\",\"url\":\"https:\/\/bico.com\/se\/wp-content\/uploads\/sites\/2\/2021\/07\/press-bico-logo.png\",\"contentUrl\":\"https:\/\/bico.com\/se\/wp-content\/uploads\/sites\/2\/2021\/07\/press-bico-logo.png\",\"width\":1920,\"height\":1280,\"caption\":\"BICO Group AB\"},\"image\":{\"@id\":\"https:\/\/bico.com\/se\/#\/schema\/logo\/image\/\"},\"sameAs\":[\"https:\/\/www.facebook.com\/bico.group.ab\",\"https:\/\/x.com\/theBICOgroup\",\"https:\/\/www.instagram.com\/bicogroup_\/\",\"https:\/\/www.linkedin.com\/company\/bico\/\"]}]}<\/script>\n<!-- \/ Yoast SEO Premium plugin. -->","yoast_head_json":{"title":"Aktien - BICO Sverige","description":"BICO Group AB \u00e4r ett svenskt publikt aktiebolag med s\u00e4te i G\u00f6teborg och med dess aktier av serie B upptagna till handel p\u00e5 Nasdaq Stockholm.","robots":{"index":"index","follow":"follow","max-snippet":"max-snippet:-1","max-image-preview":"max-image-preview:large","max-video-preview":"max-video-preview:-1"},"canonical":"https:\/\/bico.com\/se\/investerare\/aktien\/","og_locale":"sv_SE","og_type":"article","og_title":"Aktien","og_description":"BICO Group AB \u00e4r ett svenskt publikt aktiebolag med s\u00e4te i G\u00f6teborg och med dess aktier av serie B upptagna till handel p\u00e5 Nasdaq Stockholm.","og_url":"https:\/\/bico.com\/se\/investerare\/aktien\/","og_site_name":"BICO Sverige","article_publisher":"https:\/\/www.facebook.com\/bico.group.ab","article_modified_time":"2023-04-11T10:31:52+00:00","twitter_card":"summary_large_image","twitter_site":"@theBICOgroup","twitter_misc":{"Ber\u00e4knad l\u00e4stid":"65 minuter"},"schema":{"@context":"https:\/\/schema.org","@graph":[{"@type":"WebPage","@id":"https:\/\/bico.com\/se\/investerare\/aktien\/","url":"https:\/\/bico.com\/se\/investerare\/aktien\/","name":"Aktien - BICO Sverige","isPartOf":{"@id":"https:\/\/bico.com\/se\/#website"},"datePublished":"2022-06-02T12:09:56+00:00","dateModified":"2023-04-11T10:31:52+00:00","description":"BICO Group AB \u00e4r ett svenskt publikt aktiebolag med s\u00e4te i G\u00f6teborg och med dess aktier av serie B upptagna till handel p\u00e5 Nasdaq Stockholm.","breadcrumb":{"@id":"https:\/\/bico.com\/se\/investerare\/aktien\/#breadcrumb"},"inLanguage":"sv-SE","potentialAction":[{"@type":"ReadAction","target":["https:\/\/bico.com\/se\/investerare\/aktien\/"]}]},{"@type":"BreadcrumbList","@id":"https:\/\/bico.com\/se\/investerare\/aktien\/#breadcrumb","itemListElement":[{"@type":"ListItem","position":1,"name":"Hem","item":"https:\/\/bico.com\/se\/"},{"@type":"ListItem","position":2,"name":"Investerare","item":"https:\/\/bico.com\/se\/investerare\/"},{"@type":"ListItem","position":3,"name":"Aktien"}]},{"@type":"WebSite","@id":"https:\/\/bico.com\/se\/#website","url":"https:\/\/bico.com\/se\/","name":"BICO Sverige","description":"Vi m\u00f6jligg\u00f6r och automatiserar framtidens life-science lab","publisher":{"@id":"https:\/\/bico.com\/se\/#organization"},"potentialAction":[{"@type":"SearchAction","target":{"@type":"EntryPoint","urlTemplate":"https:\/\/bico.com\/se\/?s={search_term_string}"},"query-input":{"@type":"PropertyValueSpecification","valueRequired":true,"valueName":"search_term_string"}}],"inLanguage":"sv-SE"},{"@type":"Organization","@id":"https:\/\/bico.com\/se\/#organization","name":"BICO Group AB","url":"https:\/\/bico.com\/se\/","logo":{"@type":"ImageObject","inLanguage":"sv-SE","@id":"https:\/\/bico.com\/se\/#\/schema\/logo\/image\/","url":"https:\/\/bico.com\/se\/wp-content\/uploads\/sites\/2\/2021\/07\/press-bico-logo.png","contentUrl":"https:\/\/bico.com\/se\/wp-content\/uploads\/sites\/2\/2021\/07\/press-bico-logo.png","width":1920,"height":1280,"caption":"BICO Group AB"},"image":{"@id":"https:\/\/bico.com\/se\/#\/schema\/logo\/image\/"},"sameAs":["https:\/\/www.facebook.com\/bico.group.ab","https:\/\/x.com\/theBICOgroup","https:\/\/www.instagram.com\/bicogroup_\/","https:\/\/www.linkedin.com\/company\/bico\/"]}]}},"_links":{"self":[{"href":"https:\/\/bico.com\/se\/wp-json\/wp\/v2\/pages\/1495","targetHints":{"allow":["GET"]}}],"collection":[{"href":"https:\/\/bico.com\/se\/wp-json\/wp\/v2\/pages"}],"about":[{"href":"https:\/\/bico.com\/se\/wp-json\/wp\/v2\/types\/page"}],"author":[{"embeddable":true,"href":"https:\/\/bico.com\/se\/wp-json\/wp\/v2\/users\/4"}],"replies":[{"embeddable":true,"href":"https:\/\/bico.com\/se\/wp-json\/wp\/v2\/comments?post=1495"}],"version-history":[{"count":0,"href":"https:\/\/bico.com\/se\/wp-json\/wp\/v2\/pages\/1495\/revisions"}],"up":[{"embeddable":true,"href":"https:\/\/bico.com\/se\/wp-json\/wp\/v2\/pages\/1416"}],"wp:attachment":[{"href":"https:\/\/bico.com\/se\/wp-json\/wp\/v2\/media?parent=1495"}],"curies":[{"name":"wp","href":"https:\/\/api.w.org\/{rel}","templated":true}]}}