{"id":3641,"date":"2022-07-05T14:52:14","date_gmt":"2022-07-05T14:52:14","guid":{"rendered":"https:\/\/bico.com\/se\/?page_id=3641"},"modified":"2022-08-08T11:19:05","modified_gmt":"2022-08-08T11:19:05","slug":"vara-medarbetare","status":"publish","type":"page","link":"https:\/\/bico.com\/se\/vad-vi-gor\/hallbarhet\/vara-medarbetare\/","title":{"rendered":"V\u00e5ra medarbetare"},"content":{"rendered":"\t\t<div data-elementor-type=\"wp-page\" data-elementor-id=\"3641\" class=\"elementor elementor-3641\" data-elementor-post-type=\"page\">\n\t\t\t\t\t\t<section class=\"elementor-section elementor-top-section elementor-element elementor-element-2b040c1 elementor-section-content-middle elementor-section-stretched elementor-section-boxed elementor-section-height-default elementor-section-height-default\" data-id=\"2b040c1\" data-element_type=\"section\" data-settings=\"{&quot;stretch_section&quot;:&quot;section-stretched&quot;,&quot;background_background&quot;:&quot;classic&quot;}\">\n\t\t\t\t\t\t<div class=\"elementor-container elementor-column-gap-default\">\n\t\t\t\t\t<div class=\"elementor-column elementor-col-100 elementor-top-column elementor-element elementor-element-44759b5\" data-id=\"44759b5\" data-element_type=\"column\">\n\t\t\t<div class=\"elementor-widget-wrap elementor-element-populated\">\n\t\t\t\t\t\t<section class=\"elementor-section elementor-inner-section elementor-element elementor-element-0631e53 elementor-section-content-middle elementor-reverse-mobile elementor-section-boxed elementor-section-height-default elementor-section-height-default\" data-id=\"0631e53\" data-element_type=\"section\">\n\t\t\t\t\t\t<div class=\"elementor-container elementor-column-gap-default\">\n\t\t\t\t\t<div class=\"elementor-column elementor-col-100 elementor-inner-column elementor-element elementor-element-5ef3962\" data-id=\"5ef3962\" data-element_type=\"column\" data-settings=\"{&quot;motion_fx_motion_fx_scrolling&quot;:&quot;yes&quot;,&quot;motion_fx_devices&quot;:[&quot;desktop&quot;]}\">\n\t\t\t<div class=\"elementor-widget-wrap elementor-element-populated\">\n\t\t\t\t\t\t<div class=\"elementor-element elementor-element-11e2e07 elementor-widget elementor-widget-breadcrumbs\" data-id=\"11e2e07\" data-element_type=\"widget\" data-widget_type=\"breadcrumbs.default\">\n\t\t\t\t<div class=\"elementor-widget-container\">\n\t\t\t\t\t<p id=\"breadcrumbs\"><span><span><a href=\"https:\/\/bico.com\/se\/\">Hem<\/a><\/span><\/span><\/p>\t\t\t\t<\/div>\n\t\t\t\t<\/div>\n\t\t\t\t<div class=\"elementor-element elementor-element-b46f541 elementor-widget elementor-widget-heading\" data-id=\"b46f541\" data-element_type=\"widget\" data-widget_type=\"heading.default\">\n\t\t\t\t<div class=\"elementor-widget-container\">\n\t\t\t\t\t<span class=\"elementor-heading-title elementor-size-default\">H\u00e5llbarhet<\/span>\t\t\t\t<\/div>\n\t\t\t\t<\/div>\n\t\t\t\t<div class=\"elementor-element elementor-element-b6b95f1 elementor-widget elementor-widget-heading\" data-id=\"b6b95f1\" data-element_type=\"widget\" data-widget_type=\"heading.default\">\n\t\t\t\t<div class=\"elementor-widget-container\">\n\t\t\t\t\t<h1 class=\"elementor-heading-title elementor-size-default\">V\u00e5ra medarbetare<\/h1>\t\t\t\t<\/div>\n\t\t\t\t<\/div>\n\t\t\t\t<div class=\"elementor-element elementor-element-908c69c elementor-widget elementor-widget-text-editor\" data-id=\"908c69c\" data-element_type=\"widget\" data-widget_type=\"text-editor.default\">\n\t\t\t\t<div class=\"elementor-widget-container\">\n\t\t\t\t\t\t\t\t\t<p>Perspektivet som r\u00f6r v\u00e5ra medarbetare bygger p\u00e5 koncernens \u00f6vergripande HR-strategi, vilket visar p\u00e5 att denna del av h\u00e5llbarhet \u00e4r fullt ut integrerad i verksamheten. Den best\u00e5r av koncerngemensamma initiativ och m\u00e4tverktyg s\u00e5som v\u00e5r medarbetarunders\u00f6kning. Ytterst handlar den om v\u00e4lm\u00e5ende medarbetare som f\u00e5r m\u00f6jlighet att utveckla sig i en innovativ arbetsmilj\u00f6, d\u00e4r omgivningen \u00e4r trygg och s\u00e4ker.<\/p>\t\t\t\t\t\t\t\t<\/div>\n\t\t\t\t<\/div>\n\t\t\t\t\t<\/div>\n\t\t<\/div>\n\t\t\t\t\t<\/div>\n\t\t<\/section>\n\t\t\t\t<section class=\"elementor-section elementor-inner-section elementor-element elementor-element-d441615 elementor-section-content-middle elementor-reverse-mobile elementor-section-boxed elementor-section-height-default elementor-section-height-default\" data-id=\"d441615\" data-element_type=\"section\">\n\t\t\t\t\t\t<div class=\"elementor-container elementor-column-gap-default\">\n\t\t\t\t\t<div class=\"elementor-column elementor-col-100 elementor-inner-column elementor-element elementor-element-7210eb9\" data-id=\"7210eb9\" data-element_type=\"column\" data-settings=\"{&quot;motion_fx_motion_fx_scrolling&quot;:&quot;yes&quot;,&quot;motion_fx_opacity_effect&quot;:&quot;yes&quot;,&quot;motion_fx_opacity_direction&quot;:&quot;out-in-out&quot;,&quot;motion_fx_opacity_level&quot;:{&quot;unit&quot;:&quot;px&quot;,&quot;size&quot;:30,&quot;sizes&quot;:[]},&quot;motion_fx_opacity_range&quot;:{&quot;unit&quot;:&quot;%&quot;,&quot;size&quot;:&quot;&quot;,&quot;sizes&quot;:{&quot;start&quot;:32,&quot;end&quot;:50}},&quot;motion_fx_devices&quot;:[&quot;desktop&quot;]}\">\n\t\t\t<div class=\"elementor-widget-wrap elementor-element-populated\">\n\t\t\t\t\t\t<div class=\"elementor-element elementor-element-05545e3 elementor-widget elementor-widget-heading\" data-id=\"05545e3\" data-element_type=\"widget\" data-widget_type=\"heading.default\">\n\t\t\t\t<div class=\"elementor-widget-container\">\n\t\t\t\t\t<span class=\"elementor-heading-title elementor-size-default\">BICO som arbetsgivare<\/span>\t\t\t\t<\/div>\n\t\t\t\t<\/div>\n\t\t\t\t<div class=\"elementor-element elementor-element-b0be1aa elementor-widget elementor-widget-text-editor\" data-id=\"b0be1aa\" data-element_type=\"widget\" data-widget_type=\"text-editor.default\">\n\t\t\t\t<div class=\"elementor-widget-container\">\n\t\t\t\t\t\t\t\t\t<p>Beroende p\u00e5 dotterbolag erbjuder vi en rad olika personalf\u00f6rm\u00e5ner. Till exempel erbjuder vi upp till sex veckors betald semester samt h\u00e4lsof\u00f6rm\u00e5ner som exempelvis tillg\u00e5ng till gym. Dessutom str\u00e4var vi alltid efter att utveckla v\u00e5ra medarbetare och erbjuda dem en m\u00f6jlighet att g\u00e5 utbildningar, b\u00e5de internt genom v\u00e5r utbildningsplattform, The Academy, och v\u00e5ra digitala townhalls, samt externt genom att ge m\u00f6jlighet att delta p\u00e5 exempelvis seminarier. BICO arbetar aktivt med att \u00f6ka v\u00e4lm\u00e5ende hos v\u00e5ra medarbetare och f\u00f6r att s\u00e4kerhetsst\u00e4lla att vi beh\u00e5ller kompetens.<\/p>\t\t\t\t\t\t\t\t<\/div>\n\t\t\t\t<\/div>\n\t\t\t\t\t<\/div>\n\t\t<\/div>\n\t\t\t\t\t<\/div>\n\t\t<\/section>\n\t\t\t\t<section class=\"elementor-section elementor-inner-section elementor-element elementor-element-0b9d390 elementor-section-content-middle elementor-reverse-mobile elementor-section-boxed elementor-section-height-default elementor-section-height-default\" data-id=\"0b9d390\" data-element_type=\"section\">\n\t\t\t\t\t\t<div class=\"elementor-container elementor-column-gap-default\">\n\t\t\t\t\t<div class=\"elementor-column elementor-col-100 elementor-inner-column elementor-element elementor-element-4d98499\" data-id=\"4d98499\" data-element_type=\"column\" data-settings=\"{&quot;motion_fx_motion_fx_scrolling&quot;:&quot;yes&quot;,&quot;motion_fx_opacity_effect&quot;:&quot;yes&quot;,&quot;motion_fx_opacity_direction&quot;:&quot;out-in-out&quot;,&quot;motion_fx_opacity_level&quot;:{&quot;unit&quot;:&quot;px&quot;,&quot;size&quot;:30,&quot;sizes&quot;:[]},&quot;motion_fx_opacity_range&quot;:{&quot;unit&quot;:&quot;%&quot;,&quot;size&quot;:&quot;&quot;,&quot;sizes&quot;:{&quot;start&quot;:32,&quot;end&quot;:50}},&quot;motion_fx_devices&quot;:[&quot;desktop&quot;]}\">\n\t\t\t<div class=\"elementor-widget-wrap elementor-element-populated\">\n\t\t\t\t\t\t<div class=\"elementor-element elementor-element-9832d2b elementor-widget elementor-widget-heading\" data-id=\"9832d2b\" data-element_type=\"widget\" data-widget_type=\"heading.default\">\n\t\t\t\t<div class=\"elementor-widget-container\">\n\t\t\t\t\t<span class=\"elementor-heading-title elementor-size-default\">Global Policy<\/span>\t\t\t\t<\/div>\n\t\t\t\t<\/div>\n\t\t\t\t<div class=\"elementor-element elementor-element-d737960 elementor-widget elementor-widget-text-editor\" data-id=\"d737960\" data-element_type=\"widget\" data-widget_type=\"text-editor.default\">\n\t\t\t\t<div class=\"elementor-widget-container\">\n\t\t\t\t\t\t\t\t\t<p>Alla v\u00e5ra medarbetare skriver under v\u00e5r globala policy. Den globala policyn t\u00e4cker en rad olika riktlinjer om hur vi bem\u00f6ter varandra och externa parter. Vi har exempelvis en nolltolerans-policy f\u00f6r all typ av diskriminering. 100 procent av medarbetarna inom BICO har signerat v\u00e5r globala policy. Vidare har en ny up-pf\u00f6randekod introducerats i oktober 2021 som hittills 38 procent av medarbetarna utbildats inom. V\u00e5rt m\u00e5l \u00e4r att samtliga medarbetare ska erh\u00e5lla utbildning i uppf\u00f6rande-koden under 2022.<\/p>\t\t\t\t\t\t\t\t<\/div>\n\t\t\t\t<\/div>\n\t\t\t\t\t<\/div>\n\t\t<\/div>\n\t\t\t\t\t<\/div>\n\t\t<\/section>\n\t\t\t\t<section class=\"elementor-section elementor-inner-section elementor-element elementor-element-559b525 elementor-section-content-middle elementor-reverse-mobile elementor-section-boxed elementor-section-height-default elementor-section-height-default\" data-id=\"559b525\" data-element_type=\"section\">\n\t\t\t\t\t\t<div class=\"elementor-container elementor-column-gap-default\">\n\t\t\t\t\t<div class=\"elementor-column elementor-col-100 elementor-inner-column elementor-element elementor-element-d26ca90\" data-id=\"d26ca90\" data-element_type=\"column\" data-settings=\"{&quot;motion_fx_motion_fx_scrolling&quot;:&quot;yes&quot;,&quot;motion_fx_opacity_effect&quot;:&quot;yes&quot;,&quot;motion_fx_opacity_direction&quot;:&quot;out-in-out&quot;,&quot;motion_fx_opacity_level&quot;:{&quot;unit&quot;:&quot;px&quot;,&quot;size&quot;:30,&quot;sizes&quot;:[]},&quot;motion_fx_opacity_range&quot;:{&quot;unit&quot;:&quot;%&quot;,&quot;size&quot;:&quot;&quot;,&quot;sizes&quot;:{&quot;start&quot;:32,&quot;end&quot;:50}},&quot;motion_fx_devices&quot;:[&quot;desktop&quot;]}\">\n\t\t\t<div class=\"elementor-widget-wrap elementor-element-populated\">\n\t\t\t\t\t\t<div class=\"elementor-element elementor-element-04d3f74 elementor-widget elementor-widget-heading\" data-id=\"04d3f74\" data-element_type=\"widget\" data-widget_type=\"heading.default\">\n\t\t\t\t<div class=\"elementor-widget-container\">\n\t\t\t\t\t<span class=\"elementor-heading-title elementor-size-default\">Initiativ f\u00f6r 2022<\/span>\t\t\t\t<\/div>\n\t\t\t\t<\/div>\n\t\t\t\t<div class=\"elementor-element elementor-element-9ab9ac9 elementor-widget elementor-widget-text-editor\" data-id=\"9ab9ac9\" data-element_type=\"widget\" data-widget_type=\"text-editor.default\">\n\t\t\t\t<div class=\"elementor-widget-container\">\n\t\t\t\t\t\t\t\t\tUnder 2022 kommer koncernens bolag att l\u00e4gga fokus p\u00e5 att uppr\u00e4tta en rad initiativ s\u00e5som att introducera fler utbildningar i v\u00e5r utbildningsplattform, The Academy, inr\u00e4tta mentorskapspro-gram samt erbjuda fler medarbetarf\u00f6rm\u00e5ner och h\u00e5lla fler f\u00f6re-tagsgemensamma evenemang, f\u00f6r att n\u00e4mna n\u00e5gra exempel.\t\t\t\t\t\t\t\t<\/div>\n\t\t\t\t<\/div>\n\t\t\t\t\t<\/div>\n\t\t<\/div>\n\t\t\t\t\t<\/div>\n\t\t<\/section>\n\t\t\t\t<section class=\"elementor-section elementor-inner-section elementor-element elementor-element-cfa8f33 elementor-section-content-middle elementor-reverse-mobile elementor-section-boxed elementor-section-height-default elementor-section-height-default\" data-id=\"cfa8f33\" data-element_type=\"section\">\n\t\t\t\t\t\t<div class=\"elementor-container elementor-column-gap-default\">\n\t\t\t\t\t<div class=\"elementor-column elementor-col-100 elementor-inner-column elementor-element elementor-element-f0346e2\" data-id=\"f0346e2\" data-element_type=\"column\">\n\t\t\t<div class=\"elementor-widget-wrap elementor-element-populated\">\n\t\t\t\t\t\t<div class=\"elementor-element elementor-element-2cf213e elementor-widget elementor-widget-heading\" data-id=\"2cf213e\" data-element_type=\"widget\" data-widget_type=\"heading.default\">\n\t\t\t\t<div class=\"elementor-widget-container\">\n\t\t\t\t\t<span class=\"elementor-heading-title elementor-size-default\">Medarbetarunders\u00f6kning<\/span>\t\t\t\t<\/div>\n\t\t\t\t<\/div>\n\t\t\t\t<div class=\"elementor-element elementor-element-738f055 elementor-widget elementor-widget-text-editor\" data-id=\"738f055\" data-element_type=\"widget\" data-widget_type=\"text-editor.default\">\n\t\t\t\t<div class=\"elementor-widget-container\">\n\t\t\t\t\t\t\t\t\tUnder 2021 genomf\u00f6rde vi en koncernomfattande medarbe-tarunders\u00f6kning. Alla medarbetare fick m\u00f6jligheten att delta anonymt och svarsfrekvensen f\u00f6r hela koncernen l\u00e5g p\u00e5 68 pro-cent. Resultat fr\u00e5n unders\u00f6kningen visar att koncernens bolag erbjuder sj\u00e4lvst\u00e4ndighet, en stark gruppsammanh\u00e5llning och en tydlig m\u00e5lbild f\u00f6r v\u00e5ra medarbetare samt att 68 procent av medarbetarna k\u00e4nner engagemang f\u00f6r sin roll och bolaget. Re-sultaten fr\u00e5n medarbetarunders\u00f6kningen kommer att utg\u00f6ra ett underlag f\u00f6r v\u00e5r agenda och fokus under 2022. Under kommande \u00e5r har vi \u00e4ven beslutat att fokusera p\u00e5 aktiviteter f\u00f6r att st\u00e4rka v\u00e5rt arbetsgivarvarum\u00e4rke, vi kommer se \u00f6ver f\u00f6rm\u00e5ner och ers\u00e4ttningar, fokusera vid att st\u00e4rka BICO-kulturen, internutbi-ldningar f\u00f6r utveckling av medarbetare, samt ge \u00f6kat st\u00f6d till dotterbolagens HR-avdelningar.\n\t\t\t\t\t\t\t\t<\/div>\n\t\t\t\t<\/div>\n\t\t\t\t\t<\/div>\n\t\t<\/div>\n\t\t\t\t\t<\/div>\n\t\t<\/section>\n\t\t\t\t\t<\/div>\n\t\t<\/div>\n\t\t\t\t\t<\/div>\n\t\t<\/section>\n\t\t\t\t<section class=\"elementor-section elementor-top-section elementor-element elementor-element-8d04bcc elementor-section-boxed elementor-section-height-default elementor-section-height-default\" data-id=\"8d04bcc\" data-element_type=\"section\" data-settings=\"{&quot;background_background&quot;:&quot;classic&quot;}\">\n\t\t\t\t\t\t<div class=\"elementor-container elementor-column-gap-default\">\n\t\t\t\t\t<div class=\"elementor-column elementor-col-100 elementor-top-column elementor-element elementor-element-23000f7\" data-id=\"23000f7\" data-element_type=\"column\">\n\t\t\t<div class=\"elementor-widget-wrap elementor-element-populated\">\n\t\t\t\t\t\t<div class=\"elementor-element elementor-element-efcb6a8 elementor-widget elementor-widget-heading\" data-id=\"efcb6a8\" data-element_type=\"widget\" data-widget_type=\"heading.default\">\n\t\t\t\t<div class=\"elementor-widget-container\">\n\t\t\t\t\t<span class=\"elementor-heading-title elementor-size-default\">L\u00e4s mer om v\u00e5rt h\u00e5llbarhetsarbete<\/span>\t\t\t\t<\/div>\n\t\t\t\t<\/div>\n\t\t\t\t<section class=\"elementor-section elementor-inner-section elementor-element elementor-element-c063da1 elementor-section-content-middle elementor-reverse-mobile elementor-section-boxed elementor-section-height-default elementor-section-height-default\" data-id=\"c063da1\" data-element_type=\"section\">\n\t\t\t\t\t\t<div class=\"elementor-container elementor-column-gap-default\">\n\t\t\t\t\t<div class=\"elementor-column elementor-col-50 elementor-inner-column elementor-element elementor-element-2662141\" data-id=\"2662141\" data-element_type=\"column\">\n\t\t\t<div class=\"elementor-widget-wrap elementor-element-populated\">\n\t\t\t\t\t\t<div class=\"elementor-element elementor-element-3fcd95b elementor-widget elementor-widget-heading\" data-id=\"3fcd95b\" data-element_type=\"widget\" data-widget_type=\"heading.default\">\n\t\t\t\t<div class=\"elementor-widget-container\">\n\t\t\t\t\t<h3 class=\"elementor-heading-title elementor-size-default\"><a href=\"https:\/\/bico.com\/se\/vad-vi-gor\/hallbarhet\/\">\u2190 \u00d6versikt h\u00e5llbarhet<\/a><\/h3>\t\t\t\t<\/div>\n\t\t\t\t<\/div>\n\t\t\t\t\t<\/div>\n\t\t<\/div>\n\t\t\t\t<div class=\"elementor-column elementor-col-50 elementor-inner-column elementor-element elementor-element-1712ba1\" data-id=\"1712ba1\" data-element_type=\"column\">\n\t\t\t<div class=\"elementor-widget-wrap elementor-element-populated\">\n\t\t\t\t\t\t<div class=\"elementor-element elementor-element-1697427 elementor-widget elementor-widget-heading\" data-id=\"1697427\" data-element_type=\"widget\" data-widget_type=\"heading.default\">\n\t\t\t\t<div class=\"elementor-widget-container\">\n\t\t\t\t\t<h3 class=\"elementor-heading-title elementor-size-default\"><a href=\"https:\/\/bico.com\/se\/vad-vi-gor\/hallbarhet\/vart-erbjudande\/\">Erbjudande \u2192<\/a><\/h3>\t\t\t\t<\/div>\n\t\t\t\t<\/div>\n\t\t\t\t\t<\/div>\n\t\t<\/div>\n\t\t\t\t\t<\/div>\n\t\t<\/section>\n\t\t\t\t\t<\/div>\n\t\t<\/div>\n\t\t\t\t\t<\/div>\n\t\t<\/section>\n\t\t\t\t<\/div>\n\t\t","protected":false},"excerpt":{"rendered":"<p>H\u00e5llbarhet V\u00e5ra medarbetare Perspektivet som r\u00f6r v\u00e5ra medarbetare bygger p\u00e5 koncernens \u00f6vergripande HR-strategi, vilket visar p\u00e5 att denna del av h\u00e5llbarhet \u00e4r fullt ut integrerad i verksamheten. Den best\u00e5r av koncerngemensamma initiativ och m\u00e4tverktyg s\u00e5som v\u00e5r medarbetarunders\u00f6kning. Ytterst handlar den om v\u00e4lm\u00e5ende medarbetare som f\u00e5r m\u00f6jlighet att utveckla sig i en innovativ arbetsmilj\u00f6, d\u00e4r omgivningen [&hellip;]<\/p>\n","protected":false},"author":4,"featured_media":0,"parent":3610,"menu_order":0,"comment_status":"closed","ping_status":"closed","template":"","meta":{"_acf_changed":false,"content-type":"","footnotes":""},"class_list":["post-3641","page","type-page","status-publish","hentry"],"acf":[],"yoast_head":"<!-- This site is optimized with the Yoast SEO Premium plugin v19.3 (Yoast SEO v24.8.1) - https:\/\/yoast.com\/wordpress\/plugins\/seo\/ -->\n<title>H\u00e5llbarhet: V\u00e5ra medarbetare - BICO Sverige<\/title>\n<meta name=\"description\" content=\"H\u00e5llbarhetsperspektivet som r\u00f6r v\u00e5ra medarbetare bygger p\u00e5 koncernens \u00f6vergripande HR-strategi, vilket visar p\u00e5 att denna del av h\u00e5llbarhet \u00e4r fullt ut integrerad i verksamheten.\" \/>\n<meta name=\"robots\" content=\"index, follow, max-snippet:-1, max-image-preview:large, max-video-preview:-1\" \/>\n<link rel=\"canonical\" href=\"https:\/\/bico.com\/se\/vad-vi-gor\/hallbarhet\/vara-medarbetare\/\" \/>\n<meta property=\"og:locale\" content=\"sv_SE\" \/>\n<meta property=\"og:type\" content=\"article\" \/>\n<meta property=\"og:title\" content=\"V\u00e5ra medarbetare\" \/>\n<meta property=\"og:description\" content=\"H\u00e5llbarhetsperspektivet som r\u00f6r v\u00e5ra medarbetare bygger p\u00e5 koncernens \u00f6vergripande HR-strategi, vilket visar p\u00e5 att denna del av h\u00e5llbarhet \u00e4r fullt ut integrerad i verksamheten.\" \/>\n<meta property=\"og:url\" content=\"https:\/\/bico.com\/se\/vad-vi-gor\/hallbarhet\/vara-medarbetare\/\" \/>\n<meta property=\"og:site_name\" content=\"BICO Sverige\" \/>\n<meta property=\"article:publisher\" content=\"https:\/\/www.facebook.com\/bico.group.ab\" \/>\n<meta property=\"article:modified_time\" content=\"2022-08-08T11:19:05+00:00\" \/>\n<meta name=\"twitter:card\" content=\"summary_large_image\" \/>\n<meta name=\"twitter:site\" content=\"@theBICOgroup\" \/>\n<meta name=\"twitter:label1\" content=\"Ber\u00e4knad l\u00e4stid\" \/>\n\t<meta name=\"twitter:data1\" content=\"2 minuter\" \/>\n<script type=\"application\/ld+json\" class=\"yoast-schema-graph\">{\"@context\":\"https:\/\/schema.org\",\"@graph\":[{\"@type\":\"WebPage\",\"@id\":\"https:\/\/bico.com\/se\/vad-vi-gor\/hallbarhet\/vara-medarbetare\/\",\"url\":\"https:\/\/bico.com\/se\/vad-vi-gor\/hallbarhet\/vara-medarbetare\/\",\"name\":\"H\u00e5llbarhet: V\u00e5ra medarbetare - BICO Sverige\",\"isPartOf\":{\"@id\":\"https:\/\/bico.com\/se\/#website\"},\"datePublished\":\"2022-07-05T14:52:14+00:00\",\"dateModified\":\"2022-08-08T11:19:05+00:00\",\"description\":\"H\u00e5llbarhetsperspektivet som r\u00f6r v\u00e5ra medarbetare bygger p\u00e5 koncernens \u00f6vergripande HR-strategi, vilket visar p\u00e5 att denna del av h\u00e5llbarhet \u00e4r fullt ut integrerad i verksamheten.\",\"breadcrumb\":{\"@id\":\"https:\/\/bico.com\/se\/vad-vi-gor\/hallbarhet\/vara-medarbetare\/#breadcrumb\"},\"inLanguage\":\"sv-SE\",\"potentialAction\":[{\"@type\":\"ReadAction\",\"target\":[\"https:\/\/bico.com\/se\/vad-vi-gor\/hallbarhet\/vara-medarbetare\/\"]}]},{\"@type\":\"BreadcrumbList\",\"@id\":\"https:\/\/bico.com\/se\/vad-vi-gor\/hallbarhet\/vara-medarbetare\/#breadcrumb\",\"itemListElement\":[{\"@type\":\"ListItem\",\"position\":1,\"name\":\"Hem\",\"item\":\"https:\/\/bico.com\/se\/\"},{\"@type\":\"ListItem\",\"position\":2,\"name\":\"Vad vi g\u00f6r\",\"item\":\"https:\/\/bico.com\/se\/vad-vi-gor\/\"},{\"@type\":\"ListItem\",\"position\":3,\"name\":\"H\u00e5llbarhet\",\"item\":\"https:\/\/bico.com\/se\/vad-vi-gor\/hallbarhet\/\"},{\"@type\":\"ListItem\",\"position\":4,\"name\":\"V\u00e5ra medarbetare\"}]},{\"@type\":\"WebSite\",\"@id\":\"https:\/\/bico.com\/se\/#website\",\"url\":\"https:\/\/bico.com\/se\/\",\"name\":\"BICO Sverige\",\"description\":\"Vi m\u00f6jligg\u00f6r och automatiserar framtidens life-science lab\",\"publisher\":{\"@id\":\"https:\/\/bico.com\/se\/#organization\"},\"potentialAction\":[{\"@type\":\"SearchAction\",\"target\":{\"@type\":\"EntryPoint\",\"urlTemplate\":\"https:\/\/bico.com\/se\/?s={search_term_string}\"},\"query-input\":{\"@type\":\"PropertyValueSpecification\",\"valueRequired\":true,\"valueName\":\"search_term_string\"}}],\"inLanguage\":\"sv-SE\"},{\"@type\":\"Organization\",\"@id\":\"https:\/\/bico.com\/se\/#organization\",\"name\":\"BICO Group AB\",\"url\":\"https:\/\/bico.com\/se\/\",\"logo\":{\"@type\":\"ImageObject\",\"inLanguage\":\"sv-SE\",\"@id\":\"https:\/\/bico.com\/se\/#\/schema\/logo\/image\/\",\"url\":\"https:\/\/bico.com\/se\/wp-content\/uploads\/sites\/2\/2021\/07\/press-bico-logo.png\",\"contentUrl\":\"https:\/\/bico.com\/se\/wp-content\/uploads\/sites\/2\/2021\/07\/press-bico-logo.png\",\"width\":1920,\"height\":1280,\"caption\":\"BICO Group AB\"},\"image\":{\"@id\":\"https:\/\/bico.com\/se\/#\/schema\/logo\/image\/\"},\"sameAs\":[\"https:\/\/www.facebook.com\/bico.group.ab\",\"https:\/\/x.com\/theBICOgroup\",\"https:\/\/www.instagram.com\/bicogroup_\/\",\"https:\/\/www.linkedin.com\/company\/bico\/\"]}]}<\/script>\n<!-- \/ Yoast SEO Premium plugin. -->","yoast_head_json":{"title":"H\u00e5llbarhet: V\u00e5ra medarbetare - BICO Sverige","description":"H\u00e5llbarhetsperspektivet som r\u00f6r v\u00e5ra medarbetare bygger p\u00e5 koncernens \u00f6vergripande HR-strategi, vilket visar p\u00e5 att denna del av h\u00e5llbarhet \u00e4r fullt ut integrerad i verksamheten.","robots":{"index":"index","follow":"follow","max-snippet":"max-snippet:-1","max-image-preview":"max-image-preview:large","max-video-preview":"max-video-preview:-1"},"canonical":"https:\/\/bico.com\/se\/vad-vi-gor\/hallbarhet\/vara-medarbetare\/","og_locale":"sv_SE","og_type":"article","og_title":"V\u00e5ra medarbetare","og_description":"H\u00e5llbarhetsperspektivet som r\u00f6r v\u00e5ra medarbetare bygger p\u00e5 koncernens \u00f6vergripande HR-strategi, vilket visar p\u00e5 att denna del av h\u00e5llbarhet \u00e4r fullt ut integrerad i verksamheten.","og_url":"https:\/\/bico.com\/se\/vad-vi-gor\/hallbarhet\/vara-medarbetare\/","og_site_name":"BICO Sverige","article_publisher":"https:\/\/www.facebook.com\/bico.group.ab","article_modified_time":"2022-08-08T11:19:05+00:00","twitter_card":"summary_large_image","twitter_site":"@theBICOgroup","twitter_misc":{"Ber\u00e4knad l\u00e4stid":"2 minuter"},"schema":{"@context":"https:\/\/schema.org","@graph":[{"@type":"WebPage","@id":"https:\/\/bico.com\/se\/vad-vi-gor\/hallbarhet\/vara-medarbetare\/","url":"https:\/\/bico.com\/se\/vad-vi-gor\/hallbarhet\/vara-medarbetare\/","name":"H\u00e5llbarhet: V\u00e5ra medarbetare - BICO Sverige","isPartOf":{"@id":"https:\/\/bico.com\/se\/#website"},"datePublished":"2022-07-05T14:52:14+00:00","dateModified":"2022-08-08T11:19:05+00:00","description":"H\u00e5llbarhetsperspektivet som r\u00f6r v\u00e5ra medarbetare bygger p\u00e5 koncernens \u00f6vergripande HR-strategi, vilket visar p\u00e5 att denna del av h\u00e5llbarhet \u00e4r fullt ut integrerad i verksamheten.","breadcrumb":{"@id":"https:\/\/bico.com\/se\/vad-vi-gor\/hallbarhet\/vara-medarbetare\/#breadcrumb"},"inLanguage":"sv-SE","potentialAction":[{"@type":"ReadAction","target":["https:\/\/bico.com\/se\/vad-vi-gor\/hallbarhet\/vara-medarbetare\/"]}]},{"@type":"BreadcrumbList","@id":"https:\/\/bico.com\/se\/vad-vi-gor\/hallbarhet\/vara-medarbetare\/#breadcrumb","itemListElement":[{"@type":"ListItem","position":1,"name":"Hem","item":"https:\/\/bico.com\/se\/"},{"@type":"ListItem","position":2,"name":"Vad vi g\u00f6r","item":"https:\/\/bico.com\/se\/vad-vi-gor\/"},{"@type":"ListItem","position":3,"name":"H\u00e5llbarhet","item":"https:\/\/bico.com\/se\/vad-vi-gor\/hallbarhet\/"},{"@type":"ListItem","position":4,"name":"V\u00e5ra medarbetare"}]},{"@type":"WebSite","@id":"https:\/\/bico.com\/se\/#website","url":"https:\/\/bico.com\/se\/","name":"BICO Sverige","description":"Vi m\u00f6jligg\u00f6r och automatiserar framtidens life-science lab","publisher":{"@id":"https:\/\/bico.com\/se\/#organization"},"potentialAction":[{"@type":"SearchAction","target":{"@type":"EntryPoint","urlTemplate":"https:\/\/bico.com\/se\/?s={search_term_string}"},"query-input":{"@type":"PropertyValueSpecification","valueRequired":true,"valueName":"search_term_string"}}],"inLanguage":"sv-SE"},{"@type":"Organization","@id":"https:\/\/bico.com\/se\/#organization","name":"BICO Group AB","url":"https:\/\/bico.com\/se\/","logo":{"@type":"ImageObject","inLanguage":"sv-SE","@id":"https:\/\/bico.com\/se\/#\/schema\/logo\/image\/","url":"https:\/\/bico.com\/se\/wp-content\/uploads\/sites\/2\/2021\/07\/press-bico-logo.png","contentUrl":"https:\/\/bico.com\/se\/wp-content\/uploads\/sites\/2\/2021\/07\/press-bico-logo.png","width":1920,"height":1280,"caption":"BICO Group AB"},"image":{"@id":"https:\/\/bico.com\/se\/#\/schema\/logo\/image\/"},"sameAs":["https:\/\/www.facebook.com\/bico.group.ab","https:\/\/x.com\/theBICOgroup","https:\/\/www.instagram.com\/bicogroup_\/","https:\/\/www.linkedin.com\/company\/bico\/"]}]}},"_links":{"self":[{"href":"https:\/\/bico.com\/se\/wp-json\/wp\/v2\/pages\/3641","targetHints":{"allow":["GET"]}}],"collection":[{"href":"https:\/\/bico.com\/se\/wp-json\/wp\/v2\/pages"}],"about":[{"href":"https:\/\/bico.com\/se\/wp-json\/wp\/v2\/types\/page"}],"author":[{"embeddable":true,"href":"https:\/\/bico.com\/se\/wp-json\/wp\/v2\/users\/4"}],"replies":[{"embeddable":true,"href":"https:\/\/bico.com\/se\/wp-json\/wp\/v2\/comments?post=3641"}],"version-history":[{"count":0,"href":"https:\/\/bico.com\/se\/wp-json\/wp\/v2\/pages\/3641\/revisions"}],"up":[{"embeddable":true,"href":"https:\/\/bico.com\/se\/wp-json\/wp\/v2\/pages\/3610"}],"wp:attachment":[{"href":"https:\/\/bico.com\/se\/wp-json\/wp\/v2\/media?parent=3641"}],"curies":[{"name":"wp","href":"https:\/\/api.w.org\/{rel}","templated":true}]}}