{"id":4683,"date":"2022-09-05T12:40:35","date_gmt":"2022-09-05T12:40:35","guid":{"rendered":"https:\/\/bico.com\/se\/?page_id=4683"},"modified":"2022-11-29T07:52:42","modified_gmt":"2022-11-29T07:52:42","slug":"cookiepolicy","status":"publish","type":"page","link":"https:\/\/bico.com\/se\/cookiepolicy\/","title":{"rendered":"Cookiepolicy"},"content":{"rendered":"\t\t<div data-elementor-type=\"wp-page\" data-elementor-id=\"4683\" class=\"elementor elementor-4683\" data-elementor-post-type=\"page\">\n\t\t\t\t\t\t<section class=\"elementor-section elementor-top-section elementor-element elementor-element-e2736c8 elementor-section-boxed elementor-section-height-default elementor-section-height-default\" data-id=\"e2736c8\" data-element_type=\"section\">\n\t\t\t\t\t\t<div class=\"elementor-container elementor-column-gap-default\">\n\t\t\t\t\t<div class=\"elementor-column elementor-col-50 elementor-top-column elementor-element elementor-element-002ce2b\" data-id=\"002ce2b\" data-element_type=\"column\">\n\t\t\t<div class=\"elementor-widget-wrap elementor-element-populated\">\n\t\t\t\t\t\t<div class=\"elementor-element elementor-element-4489eb6 elementor-widget elementor-widget-heading\" data-id=\"4489eb6\" data-element_type=\"widget\" data-widget_type=\"heading.default\">\n\t\t\t\t<div class=\"elementor-widget-container\">\n\t\t\t\t\t<h1 class=\"elementor-heading-title elementor-size-default\">Cookiepolicy<\/h1>\t\t\t\t<\/div>\n\t\t\t\t<\/div>\n\t\t\t\t<div class=\"elementor-element elementor-element-1175b11 elementor-widget elementor-widget-heading\" data-id=\"1175b11\" data-element_type=\"widget\" data-widget_type=\"heading.default\">\n\t\t\t\t<div class=\"elementor-widget-container\">\n\t\t\t\t\t<h2 class=\"elementor-heading-title elementor-size-default\">Om denna cookiepolicy<\/h2>\t\t\t\t<\/div>\n\t\t\t\t<\/div>\n\t\t\t\t<div class=\"elementor-element elementor-element-d57e626 elementor-widget elementor-widget-text-editor\" data-id=\"d57e626\" data-element_type=\"widget\" data-widget_type=\"text-editor.default\">\n\t\t\t\t<div class=\"elementor-widget-container\">\n\t\t\t\t\t\t\t\t\t<p>Denna cookiepolicy f\u00f6rklarar vad cookies \u00e4r och hur vi anv\u00e4nder dem. Du b\u00f6r l\u00e4sa denna policy s\u00e5 att du kan f\u00f6rst\u00e5 vilken typ av cookies vi anv\u00e4nder, vilken information vi samlar in med hj\u00e4lp av cookies och hur den informationen anv\u00e4nds.<\/p>\t\t\t\t\t\t\t\t<\/div>\n\t\t\t\t<\/div>\n\t\t\t\t<div class=\"elementor-element elementor-element-c9f25cc elementor-widget elementor-widget-heading\" data-id=\"c9f25cc\" data-element_type=\"widget\" data-widget_type=\"heading.default\">\n\t\t\t\t<div class=\"elementor-widget-container\">\n\t\t\t\t\t<h2 class=\"elementor-heading-title elementor-size-default\">Vad \u00e4r cookies?<\/h2>\t\t\t\t<\/div>\n\t\t\t\t<\/div>\n\t\t\t\t<div class=\"elementor-element elementor-element-077bdbe elementor-widget elementor-widget-text-editor\" data-id=\"077bdbe\" data-element_type=\"widget\" data-widget_type=\"text-editor.default\">\n\t\t\t\t<div class=\"elementor-widget-container\">\n\t\t\t\t\t\t\t\t\tCookies \u00e4r sm\u00e5 textfiler som lagras p\u00e5 webbl\u00e4saren eller h\u00e5rddisken p\u00e5 din dator eller mobila enhet n\u00e4r du bes\u00f6ker en webbsida eller applikation. Cookies arbetar f\u00f6r att g\u00f6ra din upplevelse av att surfa p\u00e5 v\u00e5r webbplats s\u00e5 smidig som m\u00f6jligt och de kommer ih\u00e5g dina preferenser s\u00e5 att du inte beh\u00f6ver ange dina uppgifter om och om igen.\t\t\t\t\t\t\t\t<\/div>\n\t\t\t\t<\/div>\n\t\t\t\t<div class=\"elementor-element elementor-element-67664d3 elementor-widget elementor-widget-text-editor\" data-id=\"67664d3\" data-element_type=\"widget\" data-widget_type=\"text-editor.default\">\n\t\t\t\t<div class=\"elementor-widget-container\">\n\t\t\t\t\t\t\t\t\t<p>Det finns olika typer av cookies. Vissa cookies kommer direkt fr\u00e5n v\u00e5r webbplats och andra kommer fr\u00e5n tredje part som placerar cookies p\u00e5 v\u00e5r webbplats, detta f\u00f6rklaras under avsnittet &#8221;Vilken typ av cookies anv\u00e4nder vi&#8221;.<\/p>\t\t\t\t\t\t\t\t<\/div>\n\t\t\t\t<\/div>\n\t\t\t\t<div class=\"elementor-element elementor-element-fe5c2aa elementor-widget elementor-widget-text-editor\" data-id=\"fe5c2aa\" data-element_type=\"widget\" data-widget_type=\"text-editor.default\">\n\t\t\t\t<div class=\"elementor-widget-container\">\n\t\t\t\t\t\t\t\t\t<p>Cookies kan lagras under olika l\u00e5ng tid i din webbl\u00e4sare eller enhet. Sessionscookies raderas fr\u00e5n din dator eller enhet n\u00e4r du st\u00e4nger din webbl\u00e4sare. Best\u00e4ndiga cookies kommer att f\u00f6rbli lagrade p\u00e5 din dator eller enhet tills de raderas eller tills de n\u00e5r sitt utg\u00e5ngsdatum.<\/p>\t\t\t\t\t\t\t\t<\/div>\n\t\t\t\t<\/div>\n\t\t\t\t<div class=\"elementor-element elementor-element-85505dc elementor-widget elementor-widget-text-editor\" data-id=\"85505dc\" data-element_type=\"widget\" data-widget_type=\"text-editor.default\">\n\t\t\t\t<div class=\"elementor-widget-container\">\n\t\t\t\t\t\t\t\t\t<p>Vi \u00e4r fyra varianter av cookies som finns p\u00e5 v\u00e5r webbplats:<\/p>\t\t\t\t\t\t\t\t<\/div>\n\t\t\t\t<\/div>\n\t\t\t\t<div class=\"elementor-element elementor-element-97d1f05 elementor-widget elementor-widget-text-editor\" data-id=\"97d1f05\" data-element_type=\"widget\" data-widget_type=\"text-editor.default\">\n\t\t\t\t<div class=\"elementor-widget-container\">\n\t\t\t\t\t\t\t\t\t<p>1. V\u00e4sentliga<br \/>Vissa cookies \u00e4r n\u00f6dv\u00e4ndiga f\u00f6r att du ska kunna uppleva v\u00e5r sajts fulla funktionalitet. Utan dessa cookies kommer vissa delar av v\u00e5r webbplats helt enkelt inte att fungera som de ska.<\/p><p>\u00a0<\/p><p>\u00a0<\/p><p>2. Anpassande<br \/>Dessa cookies (\u00e4ven kallade funktionella cookies) g\u00f6r att v\u00e5r webbplats kommer ih\u00e5g dina preferenser, vilket hj\u00e4lper dig att anpassa din upplevelse p\u00e5 v\u00e5r webbplats. P\u00e5 s\u00e5 s\u00e4tt kan vi komma ih\u00e5g dig n\u00e4r du \u00e5terv\u00e4nder till v\u00e5r sida, dirigera dig till hemsidan och ge dig livechattsupport.<\/p><p>\u00a0<\/p><p>3. F\u00f6rb\u00e4ttrar prestanda<br \/>Dessa cookies ber\u00e4ttar f\u00f6r oss om hur du anv\u00e4nder webbplatsen och de hj\u00e4lper oss att g\u00f6ra den b\u00e4ttre. Dessa cookies r\u00e4knar till exempel antalet bes\u00f6kare p\u00e5 v\u00e5r webbplats och ser hur bes\u00f6karna r\u00f6r sig n\u00e4r de anv\u00e4nder den. Detta hj\u00e4lper oss att f\u00f6rb\u00e4ttra hur v\u00e5r webbplats fungerar, till exempel genom att se till att anv\u00e4ndarna enkelt hittar det de letar efter.<\/p><p>\u00a0<\/p><p>4. Targeting cookies<br \/>Dessa cookies (\u00e4ven kallade reklamcookies) anv\u00e4nds f\u00f6r att leverera annonserat inneh\u00e5ll som \u00e4r relevant f\u00f6r dig och de kan anv\u00e4ndas f\u00f6r att sp\u00e5ra effektiviteten av v\u00e5ra annonskampanjer p\u00e5 tredje parts webbplatser. Dessa cookies placeras p\u00e5 v\u00e5r webbplats av v\u00e5ra tredje parts tj\u00e4nsteleverant\u00f6rer och de kan komma ih\u00e5g din surfaktivitet och kan anv\u00e4ndas f\u00f6r att f\u00f6rst\u00e5 din demografi, s\u00e5som \u00e5lder och k\u00f6n. Endast anonymiserad information f\u00e5ngas och anv\u00e4nds och syftet \u00e4r att f\u00f6rse dig med inneh\u00e5ll som \u00e4r relevant f\u00f6r dig.<\/p>\t\t\t\t\t\t\t\t<\/div>\n\t\t\t\t<\/div>\n\t\t\t\t<div class=\"elementor-element elementor-element-0a5f5bc elementor-widget elementor-widget-heading\" data-id=\"0a5f5bc\" data-element_type=\"widget\" data-widget_type=\"heading.default\">\n\t\t\t\t<div class=\"elementor-widget-container\">\n\t\t\t\t\t<h2 class=\"elementor-heading-title elementor-size-default\">Hur anv\u00e4nder vi cookies?<\/h2>\t\t\t\t<\/div>\n\t\t\t\t<\/div>\n\t\t\t\t<div class=\"elementor-element elementor-element-41cf7ed elementor-widget elementor-widget-text-editor\" data-id=\"41cf7ed\" data-element_type=\"widget\" data-widget_type=\"text-editor.default\">\n\t\t\t\t<div class=\"elementor-widget-container\">\n\t\t\t\t\t\t\t\t\t<p>Vi anv\u00e4nder cookies f\u00f6r att f\u00f6rb\u00e4ttra din webbupplevelse genom att:<\/p><ul><li>K\u00e4nner igen n\u00e4r du loggar in och eventuella \u00f6nskade inst\u00e4llningar.<\/li><li>Ger dig en surfupplevelse som \u00e4r unik f\u00f6r dig och f\u00f6r att ge dig inneh\u00e5ll som vi tror f\u00f6rb\u00e4ttrar din webbplatsupplevelse<\/li><li>Analysera hur du anv\u00e4nder v\u00e5r sida vilket hj\u00e4lper oss att fels\u00f6ka eventuella problem och att \u00f6vervaka v\u00e5r egen prestation.<\/li><\/ul>\t\t\t\t\t\t\t\t<\/div>\n\t\t\t\t<\/div>\n\t\t\t\t<div class=\"elementor-element elementor-element-65b45be elementor-widget elementor-widget-heading\" data-id=\"65b45be\" data-element_type=\"widget\" data-widget_type=\"heading.default\">\n\t\t\t\t<div class=\"elementor-widget-container\">\n\t\t\t\t\t<h2 class=\"elementor-heading-title elementor-size-default\">Vilken typ av cookies anv\u00e4nder vi?<\/h2>\t\t\t\t<\/div>\n\t\t\t\t<\/div>\n\t\t\t\t<div class=\"elementor-element elementor-element-a0fa995 elementor-widget elementor-widget-text-editor\" data-id=\"a0fa995\" data-element_type=\"widget\" data-widget_type=\"text-editor.default\">\n\t\t\t\t<div class=\"elementor-widget-container\">\n\t\t\t\t\t\t\t\t\t<p>H\u00e4r \u00e4r n\u00e5gra exempel p\u00e5 de viktigaste cookies p\u00e5 v\u00e5r webbplats, vad de g\u00f6r och hur du kan \u00e4ndra dina inst\u00e4llningar f\u00f6r att stoppa cookies.<\/p><p>\u00a0<\/p><p>PHPSESSID, cblon, cbuid, cbuid_meta<\/p><p>\u00a0<\/p><p>Dessa cookies \u00e4r v\u00e4sentliga och anpassade. De l\u00e5ter dig navigera p\u00e5 v\u00e5r sida, logga in, l\u00e4gga till produkter i din varukorg, visa r\u00e4tt sida f\u00f6r den enhet du anv\u00e4nder, verifiera dina uppgifter n\u00e4r du g\u00f6r en best\u00e4llning.<\/p><p>\u00a0<\/p><p>F\u00f6r att v\u00e4lja bort dessa cookies m\u00e5ste du \u00e4ndra inst\u00e4llningarna i din webbl\u00e4sares cookie-preferenser. Om du v\u00e4ljer att blockera dessa cookies kanske v\u00e5r webbplats inte fungerar som den ska och eventuella inst\u00e4llningar du har kan g\u00e5 f\u00f6rlorade.<\/p><p>\u00a0<\/p><p>Tredjeparts cookies<\/p><p>\u00a0<\/p><p><strong>Google Analytics<\/strong><br \/>Google analytics anv\u00e4nder cookies f\u00f6r att lagra unik anv\u00e4ndardata f\u00f6r att f\u00e5 detaljerad information om hur anv\u00e4ndare anv\u00e4nder och navigerar p\u00e5 webbplatsen.<\/p><p>\u00a0<\/p><p><strong>Hotjar<\/strong><br \/>En analytisk verktygsplattform som analyserar hur anv\u00e4ndare navigerar p\u00e5 webbplatsen. De anv\u00e4nder cookies f\u00f6r att avg\u00f6ra om en anv\u00e4ndare ska analyseras eller inte. De anv\u00e4nder ocks\u00e5 cookies f\u00f6r att livechatten f\u00f6rmodligen ska fungera och inte avbrytas n\u00e4r anv\u00e4ndaren klickar till en annan sida p\u00e5 webbplatsen.<\/p><p>\u00a0<\/p><p>Vi anv\u00e4nder ocks\u00e5 knappar f\u00f6r sociala medier p\u00e5 v\u00e5r webbplats som l\u00e5ter dig dela inneh\u00e5ll och interagera med ditt sociala n\u00e4tverk p\u00e5 plattformar som Facebook, Instagram och Twitter. Dessa sociala medieplattformar kan st\u00e4lla in sina egna cookies p\u00e5 din enhet. Vi kontrollerar inte inst\u00e4llningarna f\u00f6r dessa cookies s\u00e5 vi f\u00f6resl\u00e5r att du kollar webbplatsen f\u00f6r sociala medier f\u00f6r mer information om deras cookies och hur du hanterar dem.<\/p>\t\t\t\t\t\t\t\t<\/div>\n\t\t\t\t<\/div>\n\t\t\t\t<div class=\"elementor-element elementor-element-f600588 elementor-widget elementor-widget-heading\" data-id=\"f600588\" data-element_type=\"widget\" data-widget_type=\"heading.default\">\n\t\t\t\t<div class=\"elementor-widget-container\">\n\t\t\t\t\t<h2 class=\"elementor-heading-title elementor-size-default\">How do you change cookie preferences or block cookies?<\/h2>\t\t\t\t<\/div>\n\t\t\t\t<\/div>\n\t\t\t\t<div class=\"elementor-element elementor-element-71d32da elementor-widget elementor-widget-text-editor\" data-id=\"71d32da\" data-element_type=\"widget\" data-widget_type=\"text-editor.default\">\n\t\t\t\t<div class=\"elementor-widget-container\">\n\t\t\t\t\t\t\t\t\t<p>I din webbl\u00e4sare kan du v\u00e4lja om du vill acceptera cookies eller inte. Olika webbl\u00e4sare g\u00f6r olika kontroller tillg\u00e4ngliga f\u00f6r dig. I allm\u00e4nhet kommer din webbl\u00e4sare att erbjuda dig valet att alltid acceptera, v\u00e4gra eller ta bort cookies, eller s\u00e5dana fr\u00e5n leverant\u00f6rer som webbplats\u00e4gare anv\u00e4nder, dvs tredjepartscookies, eller s\u00e5dana fr\u00e5n specifika webbplatser. Varje webbl\u00e4sares webbplats b\u00f6r inneh\u00e5lla instruktioner om hur du kan g\u00f6ra detta.<\/p><p>\u00a0<\/p><p>F\u00f6r ytterligare information, se: https:\/\/www.aboutcookies.org\/how-to-delete-cookies\/<br \/>Om du blockerar cookies p\u00e5 v\u00e5r webbplats kan det h\u00e4nda att du inte kan komma \u00e5t vissa delar av v\u00e5r webbplats och vissa funktioner och sidor kommer inte att fungera p\u00e5 vanligt s\u00e4tt.<\/p>\t\t\t\t\t\t\t\t<\/div>\n\t\t\t\t<\/div>\n\t\t\t\t<div class=\"elementor-element elementor-element-31cbcab elementor-widget elementor-widget-heading\" data-id=\"31cbcab\" data-element_type=\"widget\" data-widget_type=\"heading.default\">\n\t\t\t\t<div class=\"elementor-widget-container\">\n\t\t\t\t\t<h2 class=\"elementor-heading-title elementor-size-default\">How do you change cookie preferences or block cookies?<\/h2>\t\t\t\t<\/div>\n\t\t\t\t<\/div>\n\t\t\t\t<div class=\"elementor-element elementor-element-742773e elementor-widget elementor-widget-text-editor\" data-id=\"742773e\" data-element_type=\"widget\" data-widget_type=\"text-editor.default\">\n\t\t\t\t<div class=\"elementor-widget-container\">\n\t\t\t\t\t\t\t\t\t<p>Vi kan uppdatera denna policy d\u00e5 och d\u00e5. Om vi g\u00f6r betydande \u00e4ndringar kommer vi att meddela dig, men v\u00e4nligen kontrollera regelbundet denna policy f\u00f6r att s\u00e4kerst\u00e4lla att du \u00e4r medveten om den mest uppdaterade versionen.<\/p><p>\u00a0<\/p><p>Denna cookiepolicy uppdaterades senast den 23 maj 2018.<\/p>\t\t\t\t\t\t\t\t<\/div>\n\t\t\t\t<\/div>\n\t\t\t\t\t<\/div>\n\t\t<\/div>\n\t\t\t\t<div class=\"elementor-column elementor-col-50 elementor-top-column elementor-element elementor-element-3682faf\" data-id=\"3682faf\" data-element_type=\"column\">\n\t\t\t<div class=\"elementor-widget-wrap\">\n\t\t\t\t\t\t\t<\/div>\n\t\t<\/div>\n\t\t\t\t\t<\/div>\n\t\t<\/section>\n\t\t\t\t<\/div>\n\t\t","protected":false},"excerpt":{"rendered":"<p>Cookiepolicy Om denna cookiepolicy Denna cookiepolicy f\u00f6rklarar vad cookies \u00e4r och hur vi anv\u00e4nder dem. Du b\u00f6r l\u00e4sa denna policy s\u00e5 att du kan f\u00f6rst\u00e5 vilken typ av cookies vi anv\u00e4nder, vilken information vi samlar in med hj\u00e4lp av cookies och hur den informationen anv\u00e4nds. Vad \u00e4r cookies? Cookies \u00e4r sm\u00e5 textfiler som lagras p\u00e5 [&hellip;]<\/p>\n","protected":false},"author":4,"featured_media":0,"parent":0,"menu_order":0,"comment_status":"closed","ping_status":"closed","template":"","meta":{"_acf_changed":false,"content-type":"","footnotes":""},"class_list":["post-4683","page","type-page","status-publish","hentry"],"acf":[],"yoast_head":"<!-- This site is optimized with the Yoast SEO Premium plugin v19.3 (Yoast SEO v24.8.1) - https:\/\/yoast.com\/wordpress\/plugins\/seo\/ -->\n<title>Cookiepolicy - BICO Sverige<\/title>\n<meta name=\"description\" content=\"Denna cookiepolicy f\u00f6rklarar vad cookies \u00e4r och hur vi anv\u00e4nder dem. Du b\u00f6r l\u00e4sa denna policy s\u00e5 att du kan f\u00f6rst\u00e5 vilken typ av cookies vi anv\u00e4nder, vilken information vi samlar in med hj\u00e4lp av cookies och hur den informationen anv\u00e4nds.\" \/>\n<meta name=\"robots\" content=\"index, follow, max-snippet:-1, max-image-preview:large, max-video-preview:-1\" \/>\n<link rel=\"canonical\" href=\"https:\/\/bico.com\/se\/cookiepolicy\/\" \/>\n<meta property=\"og:locale\" content=\"sv_SE\" \/>\n<meta property=\"og:type\" content=\"article\" \/>\n<meta property=\"og:title\" content=\"Cookiepolicy\" \/>\n<meta property=\"og:description\" content=\"Denna cookiepolicy f\u00f6rklarar vad cookies \u00e4r och hur vi anv\u00e4nder dem. Du b\u00f6r l\u00e4sa denna policy s\u00e5 att du kan f\u00f6rst\u00e5 vilken typ av cookies vi anv\u00e4nder, vilken information vi samlar in med hj\u00e4lp av cookies och hur den informationen anv\u00e4nds.\" \/>\n<meta property=\"og:url\" content=\"https:\/\/bico.com\/se\/cookiepolicy\/\" \/>\n<meta property=\"og:site_name\" content=\"BICO Sverige\" \/>\n<meta property=\"article:publisher\" content=\"https:\/\/www.facebook.com\/bico.group.ab\" \/>\n<meta property=\"article:modified_time\" content=\"2022-11-29T07:52:42+00:00\" \/>\n<meta name=\"twitter:card\" content=\"summary_large_image\" \/>\n<meta name=\"twitter:site\" content=\"@theBICOgroup\" \/>\n<meta name=\"twitter:label1\" content=\"Ber\u00e4knad l\u00e4stid\" \/>\n\t<meta name=\"twitter:data1\" content=\"5 minuter\" \/>\n<script type=\"application\/ld+json\" class=\"yoast-schema-graph\">{\"@context\":\"https:\/\/schema.org\",\"@graph\":[{\"@type\":\"WebPage\",\"@id\":\"https:\/\/bico.com\/se\/cookiepolicy\/\",\"url\":\"https:\/\/bico.com\/se\/cookiepolicy\/\",\"name\":\"Cookiepolicy - BICO Sverige\",\"isPartOf\":{\"@id\":\"https:\/\/bico.com\/se\/#website\"},\"datePublished\":\"2022-09-05T12:40:35+00:00\",\"dateModified\":\"2022-11-29T07:52:42+00:00\",\"description\":\"Denna cookiepolicy f\u00f6rklarar vad cookies \u00e4r och hur vi anv\u00e4nder dem. Du b\u00f6r l\u00e4sa denna policy s\u00e5 att du kan f\u00f6rst\u00e5 vilken typ av cookies vi anv\u00e4nder, vilken information vi samlar in med hj\u00e4lp av cookies och hur den informationen anv\u00e4nds.\",\"breadcrumb\":{\"@id\":\"https:\/\/bico.com\/se\/cookiepolicy\/#breadcrumb\"},\"inLanguage\":\"sv-SE\",\"potentialAction\":[{\"@type\":\"ReadAction\",\"target\":[\"https:\/\/bico.com\/se\/cookiepolicy\/\"]}]},{\"@type\":\"BreadcrumbList\",\"@id\":\"https:\/\/bico.com\/se\/cookiepolicy\/#breadcrumb\",\"itemListElement\":[{\"@type\":\"ListItem\",\"position\":1,\"name\":\"Hem\",\"item\":\"https:\/\/bico.com\/se\/\"},{\"@type\":\"ListItem\",\"position\":2,\"name\":\"Cookiepolicy\"}]},{\"@type\":\"WebSite\",\"@id\":\"https:\/\/bico.com\/se\/#website\",\"url\":\"https:\/\/bico.com\/se\/\",\"name\":\"BICO Sverige\",\"description\":\"Vi m\u00f6jligg\u00f6r och automatiserar framtidens life-science lab\",\"publisher\":{\"@id\":\"https:\/\/bico.com\/se\/#organization\"},\"potentialAction\":[{\"@type\":\"SearchAction\",\"target\":{\"@type\":\"EntryPoint\",\"urlTemplate\":\"https:\/\/bico.com\/se\/?s={search_term_string}\"},\"query-input\":{\"@type\":\"PropertyValueSpecification\",\"valueRequired\":true,\"valueName\":\"search_term_string\"}}],\"inLanguage\":\"sv-SE\"},{\"@type\":\"Organization\",\"@id\":\"https:\/\/bico.com\/se\/#organization\",\"name\":\"BICO Group AB\",\"url\":\"https:\/\/bico.com\/se\/\",\"logo\":{\"@type\":\"ImageObject\",\"inLanguage\":\"sv-SE\",\"@id\":\"https:\/\/bico.com\/se\/#\/schema\/logo\/image\/\",\"url\":\"https:\/\/bico.com\/se\/wp-content\/uploads\/sites\/2\/2021\/07\/press-bico-logo.png\",\"contentUrl\":\"https:\/\/bico.com\/se\/wp-content\/uploads\/sites\/2\/2021\/07\/press-bico-logo.png\",\"width\":1920,\"height\":1280,\"caption\":\"BICO Group AB\"},\"image\":{\"@id\":\"https:\/\/bico.com\/se\/#\/schema\/logo\/image\/\"},\"sameAs\":[\"https:\/\/www.facebook.com\/bico.group.ab\",\"https:\/\/x.com\/theBICOgroup\",\"https:\/\/www.instagram.com\/bicogroup_\/\",\"https:\/\/www.linkedin.com\/company\/bico\/\"]}]}<\/script>\n<!-- \/ Yoast SEO Premium plugin. -->","yoast_head_json":{"title":"Cookiepolicy - BICO Sverige","description":"Denna cookiepolicy f\u00f6rklarar vad cookies \u00e4r och hur vi anv\u00e4nder dem. Du b\u00f6r l\u00e4sa denna policy s\u00e5 att du kan f\u00f6rst\u00e5 vilken typ av cookies vi anv\u00e4nder, vilken information vi samlar in med hj\u00e4lp av cookies och hur den informationen anv\u00e4nds.","robots":{"index":"index","follow":"follow","max-snippet":"max-snippet:-1","max-image-preview":"max-image-preview:large","max-video-preview":"max-video-preview:-1"},"canonical":"https:\/\/bico.com\/se\/cookiepolicy\/","og_locale":"sv_SE","og_type":"article","og_title":"Cookiepolicy","og_description":"Denna cookiepolicy f\u00f6rklarar vad cookies \u00e4r och hur vi anv\u00e4nder dem. Du b\u00f6r l\u00e4sa denna policy s\u00e5 att du kan f\u00f6rst\u00e5 vilken typ av cookies vi anv\u00e4nder, vilken information vi samlar in med hj\u00e4lp av cookies och hur den informationen anv\u00e4nds.","og_url":"https:\/\/bico.com\/se\/cookiepolicy\/","og_site_name":"BICO Sverige","article_publisher":"https:\/\/www.facebook.com\/bico.group.ab","article_modified_time":"2022-11-29T07:52:42+00:00","twitter_card":"summary_large_image","twitter_site":"@theBICOgroup","twitter_misc":{"Ber\u00e4knad l\u00e4stid":"5 minuter"},"schema":{"@context":"https:\/\/schema.org","@graph":[{"@type":"WebPage","@id":"https:\/\/bico.com\/se\/cookiepolicy\/","url":"https:\/\/bico.com\/se\/cookiepolicy\/","name":"Cookiepolicy - BICO Sverige","isPartOf":{"@id":"https:\/\/bico.com\/se\/#website"},"datePublished":"2022-09-05T12:40:35+00:00","dateModified":"2022-11-29T07:52:42+00:00","description":"Denna cookiepolicy f\u00f6rklarar vad cookies \u00e4r och hur vi anv\u00e4nder dem. Du b\u00f6r l\u00e4sa denna policy s\u00e5 att du kan f\u00f6rst\u00e5 vilken typ av cookies vi anv\u00e4nder, vilken information vi samlar in med hj\u00e4lp av cookies och hur den informationen anv\u00e4nds.","breadcrumb":{"@id":"https:\/\/bico.com\/se\/cookiepolicy\/#breadcrumb"},"inLanguage":"sv-SE","potentialAction":[{"@type":"ReadAction","target":["https:\/\/bico.com\/se\/cookiepolicy\/"]}]},{"@type":"BreadcrumbList","@id":"https:\/\/bico.com\/se\/cookiepolicy\/#breadcrumb","itemListElement":[{"@type":"ListItem","position":1,"name":"Hem","item":"https:\/\/bico.com\/se\/"},{"@type":"ListItem","position":2,"name":"Cookiepolicy"}]},{"@type":"WebSite","@id":"https:\/\/bico.com\/se\/#website","url":"https:\/\/bico.com\/se\/","name":"BICO Sverige","description":"Vi m\u00f6jligg\u00f6r och automatiserar framtidens life-science lab","publisher":{"@id":"https:\/\/bico.com\/se\/#organization"},"potentialAction":[{"@type":"SearchAction","target":{"@type":"EntryPoint","urlTemplate":"https:\/\/bico.com\/se\/?s={search_term_string}"},"query-input":{"@type":"PropertyValueSpecification","valueRequired":true,"valueName":"search_term_string"}}],"inLanguage":"sv-SE"},{"@type":"Organization","@id":"https:\/\/bico.com\/se\/#organization","name":"BICO Group AB","url":"https:\/\/bico.com\/se\/","logo":{"@type":"ImageObject","inLanguage":"sv-SE","@id":"https:\/\/bico.com\/se\/#\/schema\/logo\/image\/","url":"https:\/\/bico.com\/se\/wp-content\/uploads\/sites\/2\/2021\/07\/press-bico-logo.png","contentUrl":"https:\/\/bico.com\/se\/wp-content\/uploads\/sites\/2\/2021\/07\/press-bico-logo.png","width":1920,"height":1280,"caption":"BICO Group AB"},"image":{"@id":"https:\/\/bico.com\/se\/#\/schema\/logo\/image\/"},"sameAs":["https:\/\/www.facebook.com\/bico.group.ab","https:\/\/x.com\/theBICOgroup","https:\/\/www.instagram.com\/bicogroup_\/","https:\/\/www.linkedin.com\/company\/bico\/"]}]}},"_links":{"self":[{"href":"https:\/\/bico.com\/se\/wp-json\/wp\/v2\/pages\/4683","targetHints":{"allow":["GET"]}}],"collection":[{"href":"https:\/\/bico.com\/se\/wp-json\/wp\/v2\/pages"}],"about":[{"href":"https:\/\/bico.com\/se\/wp-json\/wp\/v2\/types\/page"}],"author":[{"embeddable":true,"href":"https:\/\/bico.com\/se\/wp-json\/wp\/v2\/users\/4"}],"replies":[{"embeddable":true,"href":"https:\/\/bico.com\/se\/wp-json\/wp\/v2\/comments?post=4683"}],"version-history":[{"count":0,"href":"https:\/\/bico.com\/se\/wp-json\/wp\/v2\/pages\/4683\/revisions"}],"wp:attachment":[{"href":"https:\/\/bico.com\/se\/wp-json\/wp\/v2\/media?parent=4683"}],"curies":[{"name":"wp","href":"https:\/\/api.w.org\/{rel}","templated":true}]}}