{"id":5181,"date":"2022-10-11T08:54:12","date_gmt":"2022-10-11T08:54:12","guid":{"rendered":"https:\/\/bico.com\/se\/nyheter\/"},"modified":"2023-01-18T09:36:08","modified_gmt":"2023-01-18T09:36:08","slug":"nyheter","status":"publish","type":"page","link":"https:\/\/bico.com\/se\/nyheter\/","title":{"rendered":"Nyheter"},"content":{"rendered":"\t\t<div data-elementor-type=\"wp-page\" data-elementor-id=\"5181\" class=\"elementor elementor-5181\" data-elementor-post-type=\"page\">\n\t\t\t\t\t\t<section class=\"elementor-section elementor-top-section elementor-element elementor-element-0509e88 elementor-section-height-min-height elementor-section-boxed elementor-section-height-default elementor-section-items-middle\" data-id=\"0509e88\" data-element_type=\"section\" data-settings=\"{&quot;background_background&quot;:&quot;classic&quot;}\">\n\t\t\t\t\t\t\t<div class=\"elementor-background-overlay\"><\/div>\n\t\t\t\t\t\t\t<div class=\"elementor-container elementor-column-gap-default\">\n\t\t\t\t\t<div class=\"elementor-column elementor-col-100 elementor-top-column elementor-element elementor-element-3bfd601\" data-id=\"3bfd601\" data-element_type=\"column\">\n\t\t\t<div class=\"elementor-widget-wrap elementor-element-populated\">\n\t\t\t\t\t\t<section class=\"elementor-section elementor-inner-section elementor-element elementor-element-6c95d4a elementor-section-boxed elementor-section-height-default elementor-section-height-default\" data-id=\"6c95d4a\" data-element_type=\"section\">\n\t\t\t\t\t\t<div class=\"elementor-container elementor-column-gap-default\">\n\t\t\t\t\t<div class=\"elementor-column elementor-col-100 elementor-inner-column elementor-element elementor-element-945c538\" data-id=\"945c538\" data-element_type=\"column\">\n\t\t\t<div class=\"elementor-widget-wrap elementor-element-populated\">\n\t\t\t\t\t\t<div class=\"elementor-element elementor-element-f132261 elementor-align-center elementor-widget elementor-widget-breadcrumbs\" data-id=\"f132261\" data-element_type=\"widget\" data-widget_type=\"breadcrumbs.default\">\n\t\t\t\t<div class=\"elementor-widget-container\">\n\t\t\t\t\t<nav id=\"breadcrumbs\"><span><span><a href=\"https:\/\/bico.com\/se\/\">Hem<\/a><\/span><\/span><\/nav>\t\t\t\t<\/div>\n\t\t\t\t<\/div>\n\t\t\t\t\t<\/div>\n\t\t<\/div>\n\t\t\t\t\t<\/div>\n\t\t<\/section>\n\t\t\t\t<section class=\"elementor-section elementor-inner-section elementor-element elementor-element-a42c958 elementor-section-boxed elementor-section-height-default elementor-section-height-default\" data-id=\"a42c958\" data-element_type=\"section\">\n\t\t\t\t\t\t<div class=\"elementor-container elementor-column-gap-default\">\n\t\t\t\t\t<div class=\"elementor-column elementor-col-100 elementor-inner-column elementor-element elementor-element-867949a\" data-id=\"867949a\" data-element_type=\"column\">\n\t\t\t<div class=\"elementor-widget-wrap elementor-element-populated\">\n\t\t\t\t\t\t<div class=\"elementor-element elementor-element-cf3f2dd elementor-widget elementor-widget-heading\" data-id=\"cf3f2dd\" data-element_type=\"widget\" data-widget_type=\"heading.default\">\n\t\t\t\t<div class=\"elementor-widget-container\">\n\t\t\t\t\t<h1 class=\"elementor-heading-title elementor-size-default\">Nyheter<\/h1>\t\t\t\t<\/div>\n\t\t\t\t<\/div>\n\t\t\t\t<div class=\"elementor-element elementor-element-4e24ee0 elementor-widget elementor-widget-heading\" data-id=\"4e24ee0\" data-element_type=\"widget\" data-widget_type=\"heading.default\">\n\t\t\t\t<div class=\"elementor-widget-container\">\n\t\t\t\t\t<span class=\"elementor-heading-title elementor-size-default\">L\u00e4s v\u00e5ra  de senaste nyheterna fr\u00e5n v\u00e5ra aff\u00e4rsomr\u00e5den<\/span>\t\t\t\t<\/div>\n\t\t\t\t<\/div>\n\t\t\t\t\t<\/div>\n\t\t<\/div>\n\t\t\t\t\t<\/div>\n\t\t<\/section>\n\t\t\t\t\t<\/div>\n\t\t<\/div>\n\t\t\t\t\t<\/div>\n\t\t<\/section>\n\t\t\t\t<section class=\"elementor-section elementor-top-section elementor-element elementor-element-9825c54 elementor-section-boxed elementor-section-height-default elementor-section-height-default\" data-id=\"9825c54\" data-element_type=\"section\">\n\t\t\t\t\t\t<div class=\"elementor-container elementor-column-gap-default\">\n\t\t\t\t\t<div class=\"elementor-column elementor-col-100 elementor-top-column elementor-element elementor-element-f263556\" data-id=\"f263556\" data-element_type=\"column\">\n\t\t\t<div class=\"elementor-widget-wrap elementor-element-populated\">\n\t\t\t\t\t\t<div class=\"elementor-element elementor-element-e68850d elementor-widget elementor-widget-shortcode\" data-id=\"e68850d\" data-element_type=\"widget\" data-widget_type=\"shortcode.default\">\n\t\t\t\t<div class=\"elementor-widget-container\">\n\t\t\t\t\t\t\t<div class=\"elementor-shortcode\">        <style>\n        .wco-news-collection {\n        display: -webkit-box;\n        display: flex;\n        flex-wrap: wrap;\n        align-content: flex-start;\n        align-items: stretch;\n        margin-left: -5px;\n        margin-right: -5px;\n        }\n        .wco-news-collection .wco-news-collection_post {\n        width: 33.33333%;\n        float: left;\n        margin-bottom: 15px;\n        }\n        @media (max-width: 1024px) {\n        .wco-news-collection .wco-news-collection_post {\n        width: 50%;\n        }\n        }\n        @media (max-width: 620px) {\n        .wco-news-collection .wco-news-collection_post {\n        width: 100%;\n        }\n        }\n        .wco-news-collection .wco-news-collection_post .wco-news-collection_post_container {\n        overflow: hidden;\n        height: 100%;\n        border: 1px solid #eee;\n        border-radius: 2px;\n        margin: 7.5px;\n        }\n        .wco-news-collection .wco-news-collection_post .wco-news-collection_post_container ul {\n        list-style: inside;\n        }\n        .wco-news-collection .wco-news-collection_post .wco-news-collection_post_container h2 {\n        font-size: 22px !important;\n        margin-top: 0;\n        margin-bottom: 0;\n        line-height: 30px !important;\n        color: #333;\n        }\n        .wco-news-collection .wco-news-collection_post .wco-news-collection_post_container .date {\n        font-weight: 400;\n        color: #555;\n        font-size: 16px;\n        }\n        .wco-news-collection .wco-news-collection_post .wco-news-collection_post_container .site {\n        font-weight: 600;\n        text-transform: uppercase;\n        color: #555;\n        font-size: 18px;\n        }\n        .wco-news-collection .wco-news-collection_post .wco-news-collection_post_container .paddings-wrapper {\n        padding: 14px 15px 20px;\n        }\n        .wco-news-collection .wco-news-collection_post .wco-news-collection_post_container .featured-wrapper {\n        display: block;\n        }\n        .wco-news-collection .wco-news-collection_post .wco-news-collection_post_container .featured {\n        padding-top: 58%;\n        position: relative;\n        background-size: cover;\n        background-repeat: no-repeat;\n        background-position: top center;\n        min-height: 100%;\n        }\n        .wco-news-collection_page-title {\n        margin-bottom: 50px;\n        }\n        .wco-news-collection_page-title.more-news {\n        text-align: center;\n        margin-top: 70px;\n        }\n        .wco-news-collection_page-title h1,\n        .wco-news-collection_page-title h2 {\n        margin-bottom: 0 !important;\n        }\n        .wco-news-collection_page-description {\n        margin-bottom: 50px;\n        margin-top: -20px;\n        }\n        .wco-news-collection-single {\n        max-width: 980px;\n        margin: 40px auto;\n        }\n        .wco-news-collection-single .featured-image {\n        margin-top: 20px;\n        }\n        .wco-news-collection-single .wco-news-collection-single_divider {\n        height: 2px;\n        width: 200px;\n        background: #0000fa;\n        margin-bottom: 40px;\n        }\n        .wco-news-collection-single .elementor-share-btn {\n        margin-right: 10px;\n        }\n        .wco-news-collection-single .elementor-share-btn .elementor-share-btn__icon {\n        border-color: #0000fa !important;\n        background-color: #0000fa !important;\n        }\n        .wco-news-collection-single .wco-news-collection-single_content p {\n        margin: 0.5em 0 0.8em;\n        }\n        <\/style>\n                <div class=\"wco-news-collection_page-title\"><h1><\/h1><\/div>\n                <div class=\"wco-news-collection\">\n            \n                <div class=\"wco-news-collection_post\">\n                    <a href=\"https:\/\/bico.com\/se\/nyheter\/?site=scenion&id=3597\">\n                    <div class=\"wco-news-collection_post_container\">\n                        <div class=\"paddings-wrapper\">\n                            <span class=\"date\">2026-04-15<\/span> | <span class=\"site\">Scienion<\/span>\n                        <\/div>\n                                                    <div class=\"featured-wrapper\">\n                                <figure class=\"featured\"\n                                        style=\"background-image: url(https:\/\/www.scienion.com\/meet-the-experts-thomas-simon-from-customer-requirements-to-validated-custom-systems\/thomassimon2x\/)\"><\/figure>\n                            <\/div>\n                                                <div class=\"paddings-wrapper\">\n                            <h2 class=\"title\">Meet the Experts: Thomas &amp; Simon\u00a0|\u00a0From Customer Requirements to Validated Custom Systems\u00a0<\/h2>\n                        <\/div>\n                    <\/div>\n                    <\/a>\n                <\/div>\n\n                \n                <div class=\"wco-news-collection_post\">\n                    <a href=\"https:\/\/bico.com\/se\/nyheter\/?site=scenion&id=3553\">\n                    <div class=\"wco-news-collection_post_container\">\n                        <div class=\"paddings-wrapper\">\n                            <span class=\"date\">2026-03-18<\/span> | <span class=\"site\">Scienion<\/span>\n                        <\/div>\n                                                    <div class=\"featured-wrapper\">\n                                <figure class=\"featured\"\n                                        style=\"background-image: url(https:\/\/www.scienion.com\/meet-the-experts-talena-empowering-customer-success-through-teamwork\/image-2-2\/)\"><\/figure>\n                            <\/div>\n                                                <div class=\"paddings-wrapper\">\n                            <h2 class=\"title\">Meet the Experts: Talena &#8211; Empowering Customer Success Through Teamwork<\/h2>\n                        <\/div>\n                    <\/div>\n                    <\/a>\n                <\/div>\n\n                \n                <div class=\"wco-news-collection_post\">\n                    <a href=\"https:\/\/bico.com\/se\/nyheter\/?site=scenion&id=3341\">\n                    <div class=\"wco-news-collection_post_container\">\n                        <div class=\"paddings-wrapper\">\n                            <span class=\"date\">2026-02-24<\/span> | <span class=\"site\">Scienion<\/span>\n                        <\/div>\n                                                    <div class=\"featured-wrapper\">\n                                <figure class=\"featured\"\n                                        style=\"background-image: url(https:\/\/www.scienion.com\/adaptyx2\/)\"><\/figure>\n                            <\/div>\n                                                <div class=\"paddings-wrapper\">\n                            <h2 class=\"title\">How Precision Microdispensing Accelerates Adaptyx\u2019s Wearable Biosensor Development<\/h2>\n                        <\/div>\n                    <\/div>\n                    <\/a>\n                <\/div>\n\n                \n                <div class=\"wco-news-collection_post\">\n                    <a href=\"https:\/\/bico.com\/se\/nyheter\/?site=scenion&id=3250\">\n                    <div class=\"wco-news-collection_post_container\">\n                        <div class=\"paddings-wrapper\">\n                            <span class=\"date\">2026-02-11<\/span> | <span class=\"site\">Scienion<\/span>\n                        <\/div>\n                                                    <div class=\"featured-wrapper\">\n                                <figure class=\"featured\"\n                                        style=\"background-image: url(https:\/\/www.scienion.com\/meet-the-experts-svenja-plesshoff\/img_0191\/)\"><\/figure>\n                            <\/div>\n                                                <div class=\"paddings-wrapper\">\n                            <h2 class=\"title\">Meet the Experts: Svenja on Precision Microdispensing and Assay Development | Women in Science<\/h2>\n                        <\/div>\n                    <\/div>\n                    <\/a>\n                <\/div>\n\n                \n                <div class=\"wco-news-collection_post\">\n                    <a href=\"https:\/\/bico.com\/se\/nyheter\/?site=bico&id=34677\">\n                    <div class=\"wco-news-collection_post_container\">\n                        <div class=\"paddings-wrapper\">\n                            <span class=\"date\">2025-11-11<\/span> | <span class=\"site\">Bico<\/span>\n                        <\/div>\n                                                    <div class=\"featured-wrapper\">\n                                <figure class=\"featured\"\n                                        style=\"background-image: url(https:\/\/bico.com\/blog\/enabling-the-lab-of-the-future-insights-from-bico-and-maria-forss-on-the-be-all-you-can-be-podcast\/maria-forss-podcast\/)\"><\/figure>\n                            <\/div>\n                                                <div class=\"paddings-wrapper\">\n                            <h2 class=\"title\">Enabling the lab of the future: Insights from BICO and Maria Forss on the &#8220;Be All You Can Be&#8221; Podcast<\/h2>\n                        <\/div>\n                    <\/div>\n                    <\/a>\n                <\/div>\n\n                \n                <div class=\"wco-news-collection_post\">\n                    <a href=\"https:\/\/bico.com\/se\/nyheter\/?site=scenion&id=3226\">\n                    <div class=\"wco-news-collection_post_container\">\n                        <div class=\"paddings-wrapper\">\n                            <span class=\"date\">2025-08-11<\/span> | <span class=\"site\">Scienion<\/span>\n                        <\/div>\n                                                    <div class=\"featured-wrapper\">\n                                <figure class=\"featured\"\n                                        style=\"background-image: url(https:\/\/www.scienion.com\/from-molecules-to-meaning-the-promise-of-single-cell-proteomics-at-imp-vienna\/blogfigure-impvienna\/)\"><\/figure>\n                            <\/div>\n                                                <div class=\"paddings-wrapper\">\n                            <h2 class=\"title\">From Molecules to Meaning: The Promise of Single-Cell Proteomics at IMP Vienna<\/h2>\n                        <\/div>\n                    <\/div>\n                    <\/a>\n                <\/div>\n\n                \n                <div class=\"wco-news-collection_post\">\n                    <a href=\"https:\/\/bico.com\/se\/nyheter\/?site=cellenion&id=1768\">\n                    <div class=\"wco-news-collection_post_container\">\n                        <div class=\"paddings-wrapper\">\n                            <span class=\"date\">2025-06-19<\/span> | <span class=\"site\">Cellenion<\/span>\n                        <\/div>\n                                                    <div class=\"featured-wrapper\">\n                                <figure class=\"featured\"\n                                        style=\"background-image: url(https:\/\/www.cellenion.com\/scienion-microdispensing-webp\/)\"><\/figure>\n                            <\/div>\n                                                <div class=\"paddings-wrapper\">\n                            <h2 class=\"title\">Microliter, nanoliter or picoliter dispensing: small can be really BIG<\/h2>\n                        <\/div>\n                    <\/div>\n                    <\/a>\n                <\/div>\n\n                \n                <div class=\"wco-news-collection_post\">\n                    <a href=\"https:\/\/bico.com\/se\/nyheter\/?site=scenion&id=1768\">\n                    <div class=\"wco-news-collection_post_container\">\n                        <div class=\"paddings-wrapper\">\n                            <span class=\"date\">2025-06-19<\/span> | <span class=\"site\">Scienion<\/span>\n                        <\/div>\n                                                    <div class=\"featured-wrapper\">\n                                <figure class=\"featured\"\n                                        style=\"background-image: url(https:\/\/www.scienion.com\/scienion-microdispensing-webp\/)\"><\/figure>\n                            <\/div>\n                                                <div class=\"paddings-wrapper\">\n                            <h2 class=\"title\">Microliter, nanoliter or picoliter dispensing: small can be really BIG<\/h2>\n                        <\/div>\n                    <\/div>\n                    <\/a>\n                <\/div>\n\n                \n                <div class=\"wco-news-collection_post\">\n                    <a href=\"https:\/\/bico.com\/se\/nyheter\/?site=scenion&id=3198\">\n                    <div class=\"wco-news-collection_post_container\">\n                        <div class=\"paddings-wrapper\">\n                            <span class=\"date\">2025-05-19<\/span> | <span class=\"site\">Scienion<\/span>\n                        <\/div>\n                                                    <div class=\"featured-wrapper\">\n                                <figure class=\"featured\"\n                                        style=\"background-image: url(https:\/\/www.scienion.com\/spatial-proteomics-charting-the-protein-landscape-in-tissues\/designer-1-1-e1746609608675\/)\"><\/figure>\n                            <\/div>\n                                                <div class=\"paddings-wrapper\">\n                            <h2 class=\"title\">Spatial Proteomics: Charting the Protein Landscape in Tissues<\/h2>\n                        <\/div>\n                    <\/div>\n                    <\/a>\n                <\/div>\n\n                        <\/div>\n        <div class=\"load-more-wrapper\" style=\"text-align: center;margin: 20px auto;\"><div class=\"bico__button--wrap bico_default_button\"><a href=\"#\" id=\"load-more-api-posts\" class=\"bico__button\" data-max=\"9\"><span>Load more<\/span><\/a><\/div><\/div><\/div>\n\t\t\t\t\t\t<\/div>\n\t\t\t\t<\/div>\n\t\t\t\t\t<\/div>\n\t\t<\/div>\n\t\t\t\t\t<\/div>\n\t\t<\/section>\n\t\t\t\t<\/div>\n\t\t","protected":false},"excerpt":{"rendered":"<p>Nyheter L\u00e4s v\u00e5ra de senaste nyheterna fr\u00e5n v\u00e5ra aff\u00e4rsomr\u00e5den<\/p>\n","protected":false},"author":1,"featured_media":0,"parent":0,"menu_order":0,"comment_status":"closed","ping_status":"closed","template":"","meta":{"_acf_changed":false,"content-type":"","footnotes":""},"class_list":["post-5181","page","type-page","status-publish","hentry"],"acf":[],"yoast_head":"<!-- This site is optimized with the Yoast SEO Premium plugin v19.3 (Yoast SEO v24.8.1) - https:\/\/yoast.com\/wordpress\/plugins\/seo\/ -->\n<title>Nyheter - BICO Sverige<\/title>\n<meta name=\"robots\" content=\"index, follow, max-snippet:-1, max-image-preview:large, max-video-preview:-1\" \/>\n<link rel=\"canonical\" href=\"https:\/\/bico.com\/se\/nyheter\/\" \/>\n<meta property=\"og:locale\" content=\"sv_SE\" \/>\n<meta property=\"og:type\" content=\"article\" \/>\n<meta property=\"og:title\" content=\"Nyheter\" \/>\n<meta property=\"og:description\" content=\"Nyheter L\u00e4s v\u00e5ra de senaste nyheterna fr\u00e5n v\u00e5ra aff\u00e4rsomr\u00e5den\" \/>\n<meta property=\"og:url\" content=\"https:\/\/bico.com\/se\/nyheter\/\" \/>\n<meta property=\"og:site_name\" content=\"BICO Sverige\" \/>\n<meta property=\"article:publisher\" content=\"https:\/\/www.facebook.com\/bico.group.ab\" \/>\n<meta property=\"article:modified_time\" content=\"2023-01-18T09:36:08+00:00\" \/>\n<meta name=\"twitter:card\" content=\"summary_large_image\" \/>\n<meta name=\"twitter:site\" content=\"@theBICOgroup\" \/>\n<meta name=\"twitter:label1\" content=\"Ber\u00e4knad l\u00e4stid\" \/>\n\t<meta name=\"twitter:data1\" content=\"2 minuter\" \/>\n<script type=\"application\/ld+json\" class=\"yoast-schema-graph\">{\"@context\":\"https:\/\/schema.org\",\"@graph\":[{\"@type\":\"WebPage\",\"@id\":\"https:\/\/bico.com\/se\/nyheter\/\",\"url\":\"https:\/\/bico.com\/se\/nyheter\/\",\"name\":\"Nyheter - BICO Sverige\",\"isPartOf\":{\"@id\":\"https:\/\/bico.com\/se\/#website\"},\"datePublished\":\"2022-10-11T08:54:12+00:00\",\"dateModified\":\"2023-01-18T09:36:08+00:00\",\"breadcrumb\":{\"@id\":\"https:\/\/bico.com\/se\/nyheter\/#breadcrumb\"},\"inLanguage\":\"sv-SE\",\"potentialAction\":[{\"@type\":\"ReadAction\",\"target\":[\"https:\/\/bico.com\/se\/nyheter\/\"]}]},{\"@type\":\"BreadcrumbList\",\"@id\":\"https:\/\/bico.com\/se\/nyheter\/#breadcrumb\",\"itemListElement\":[{\"@type\":\"ListItem\",\"position\":1,\"name\":\"Hem\",\"item\":\"https:\/\/bico.com\/se\/\"},{\"@type\":\"ListItem\",\"position\":2,\"name\":\"Nyheter\"}]},{\"@type\":\"WebSite\",\"@id\":\"https:\/\/bico.com\/se\/#website\",\"url\":\"https:\/\/bico.com\/se\/\",\"name\":\"BICO Sverige\",\"description\":\"Vi m\u00f6jligg\u00f6r och automatiserar framtidens life-science lab\",\"publisher\":{\"@id\":\"https:\/\/bico.com\/se\/#organization\"},\"potentialAction\":[{\"@type\":\"SearchAction\",\"target\":{\"@type\":\"EntryPoint\",\"urlTemplate\":\"https:\/\/bico.com\/se\/?s={search_term_string}\"},\"query-input\":{\"@type\":\"PropertyValueSpecification\",\"valueRequired\":true,\"valueName\":\"search_term_string\"}}],\"inLanguage\":\"sv-SE\"},{\"@type\":\"Organization\",\"@id\":\"https:\/\/bico.com\/se\/#organization\",\"name\":\"BICO Group AB\",\"url\":\"https:\/\/bico.com\/se\/\",\"logo\":{\"@type\":\"ImageObject\",\"inLanguage\":\"sv-SE\",\"@id\":\"https:\/\/bico.com\/se\/#\/schema\/logo\/image\/\",\"url\":\"https:\/\/bico.com\/se\/wp-content\/uploads\/sites\/2\/2021\/07\/press-bico-logo.png\",\"contentUrl\":\"https:\/\/bico.com\/se\/wp-content\/uploads\/sites\/2\/2021\/07\/press-bico-logo.png\",\"width\":1920,\"height\":1280,\"caption\":\"BICO Group AB\"},\"image\":{\"@id\":\"https:\/\/bico.com\/se\/#\/schema\/logo\/image\/\"},\"sameAs\":[\"https:\/\/www.facebook.com\/bico.group.ab\",\"https:\/\/x.com\/theBICOgroup\",\"https:\/\/www.instagram.com\/bicogroup_\/\",\"https:\/\/www.linkedin.com\/company\/bico\/\"]}]}<\/script>\n<!-- \/ Yoast SEO Premium plugin. -->","yoast_head_json":{"title":"Nyheter - BICO Sverige","robots":{"index":"index","follow":"follow","max-snippet":"max-snippet:-1","max-image-preview":"max-image-preview:large","max-video-preview":"max-video-preview:-1"},"canonical":"https:\/\/bico.com\/se\/nyheter\/","og_locale":"sv_SE","og_type":"article","og_title":"Nyheter","og_description":"Nyheter L\u00e4s v\u00e5ra de senaste nyheterna fr\u00e5n v\u00e5ra aff\u00e4rsomr\u00e5den","og_url":"https:\/\/bico.com\/se\/nyheter\/","og_site_name":"BICO Sverige","article_publisher":"https:\/\/www.facebook.com\/bico.group.ab","article_modified_time":"2023-01-18T09:36:08+00:00","twitter_card":"summary_large_image","twitter_site":"@theBICOgroup","twitter_misc":{"Ber\u00e4knad l\u00e4stid":"2 minuter"},"schema":{"@context":"https:\/\/schema.org","@graph":[{"@type":"WebPage","@id":"https:\/\/bico.com\/se\/nyheter\/","url":"https:\/\/bico.com\/se\/nyheter\/","name":"Nyheter - BICO Sverige","isPartOf":{"@id":"https:\/\/bico.com\/se\/#website"},"datePublished":"2022-10-11T08:54:12+00:00","dateModified":"2023-01-18T09:36:08+00:00","breadcrumb":{"@id":"https:\/\/bico.com\/se\/nyheter\/#breadcrumb"},"inLanguage":"sv-SE","potentialAction":[{"@type":"ReadAction","target":["https:\/\/bico.com\/se\/nyheter\/"]}]},{"@type":"BreadcrumbList","@id":"https:\/\/bico.com\/se\/nyheter\/#breadcrumb","itemListElement":[{"@type":"ListItem","position":1,"name":"Hem","item":"https:\/\/bico.com\/se\/"},{"@type":"ListItem","position":2,"name":"Nyheter"}]},{"@type":"WebSite","@id":"https:\/\/bico.com\/se\/#website","url":"https:\/\/bico.com\/se\/","name":"BICO Sverige","description":"Vi m\u00f6jligg\u00f6r och automatiserar framtidens life-science lab","publisher":{"@id":"https:\/\/bico.com\/se\/#organization"},"potentialAction":[{"@type":"SearchAction","target":{"@type":"EntryPoint","urlTemplate":"https:\/\/bico.com\/se\/?s={search_term_string}"},"query-input":{"@type":"PropertyValueSpecification","valueRequired":true,"valueName":"search_term_string"}}],"inLanguage":"sv-SE"},{"@type":"Organization","@id":"https:\/\/bico.com\/se\/#organization","name":"BICO Group AB","url":"https:\/\/bico.com\/se\/","logo":{"@type":"ImageObject","inLanguage":"sv-SE","@id":"https:\/\/bico.com\/se\/#\/schema\/logo\/image\/","url":"https:\/\/bico.com\/se\/wp-content\/uploads\/sites\/2\/2021\/07\/press-bico-logo.png","contentUrl":"https:\/\/bico.com\/se\/wp-content\/uploads\/sites\/2\/2021\/07\/press-bico-logo.png","width":1920,"height":1280,"caption":"BICO Group AB"},"image":{"@id":"https:\/\/bico.com\/se\/#\/schema\/logo\/image\/"},"sameAs":["https:\/\/www.facebook.com\/bico.group.ab","https:\/\/x.com\/theBICOgroup","https:\/\/www.instagram.com\/bicogroup_\/","https:\/\/www.linkedin.com\/company\/bico\/"]}]}},"_links":{"self":[{"href":"https:\/\/bico.com\/se\/wp-json\/wp\/v2\/pages\/5181","targetHints":{"allow":["GET"]}}],"collection":[{"href":"https:\/\/bico.com\/se\/wp-json\/wp\/v2\/pages"}],"about":[{"href":"https:\/\/bico.com\/se\/wp-json\/wp\/v2\/types\/page"}],"author":[{"embeddable":true,"href":"https:\/\/bico.com\/se\/wp-json\/wp\/v2\/users\/1"}],"replies":[{"embeddable":true,"href":"https:\/\/bico.com\/se\/wp-json\/wp\/v2\/comments?post=5181"}],"version-history":[{"count":0,"href":"https:\/\/bico.com\/se\/wp-json\/wp\/v2\/pages\/5181\/revisions"}],"wp:attachment":[{"href":"https:\/\/bico.com\/se\/wp-json\/wp\/v2\/media?parent=5181"}],"curies":[{"name":"wp","href":"https:\/\/api.w.org\/{rel}","templated":true}]}}