{"id":7697,"date":"2024-09-03T11:22:46","date_gmt":"2024-09-03T09:22:46","guid":{"rendered":"https:\/\/bico.com\/se\/?page_id=7697"},"modified":"2024-09-18T15:43:08","modified_gmt":"2024-09-18T13:43:08","slug":"capital-markets-day-2024","status":"publish","type":"page","link":"https:\/\/bico.com\/se\/investerare\/finansiell-information\/kapitalmarknadsdagar\/capital-markets-day-2024\/","title":{"rendered":"Kapitalmarkndadsdagen 2024"},"content":{"rendered":"\t\t<div data-elementor-type=\"wp-page\" data-elementor-id=\"7697\" class=\"elementor elementor-7697\" data-elementor-post-type=\"page\">\n\t\t\t\t\t\t<section class=\"elementor-section elementor-top-section elementor-element elementor-element-04fbcab elementor-section-height-min-height elementor-section-items-stretch elementor-section-content-top elementor-section-boxed elementor-section-height-default\" data-id=\"04fbcab\" data-element_type=\"section\">\n\t\t\t\t\t\t<div class=\"elementor-container elementor-column-gap-default\">\n\t\t\t\t\t<div class=\"elementor-column elementor-col-100 elementor-top-column elementor-element elementor-element-8689179\" data-id=\"8689179\" data-element_type=\"column\" data-settings=\"{&quot;background_background&quot;:&quot;classic&quot;}\">\n\t\t\t<div class=\"elementor-widget-wrap elementor-element-populated\">\n\t\t\t\t\t\t<section class=\"elementor-section elementor-inner-section elementor-element elementor-element-a0455ad elementor-section-height-min-height elementor-section-content-top elementor-section-boxed elementor-section-height-default\" data-id=\"a0455ad\" data-element_type=\"section\">\n\t\t\t\t\t\t<div class=\"elementor-container elementor-column-gap-default\">\n\t\t\t\t\t<div class=\"elementor-column elementor-col-50 elementor-inner-column elementor-element elementor-element-8445e06\" data-id=\"8445e06\" data-element_type=\"column\">\n\t\t\t<div class=\"elementor-widget-wrap elementor-element-populated\">\n\t\t\t\t\t\t<div class=\"elementor-element elementor-element-dd0433f elementor-widget elementor-widget-heading\" data-id=\"dd0433f\" data-element_type=\"widget\" data-widget_type=\"heading.default\">\n\t\t\t\t<div class=\"elementor-widget-container\">\n\t\t\t\t\t<h4 class=\"elementor-heading-title elementor-size-large\">Kapitalmarknadsdagen 2024<\/h4>\t\t\t\t<\/div>\n\t\t\t\t<\/div>\n\t\t\t\t<div class=\"elementor-element elementor-element-0a05d8a elementor-widget elementor-widget-text-editor\" data-id=\"0a05d8a\" data-element_type=\"widget\" data-widget_type=\"text-editor.default\">\n\t\t\t\t<div class=\"elementor-widget-container\">\n\t\t\t\t\t\t\t\t\t<p>BICOs uppdaterade strategi lanserades under Kapitalmarknadsdagen som h\u00f6lls den 17:e september 2024, med ett fokus p\u00e5 Gruppens strategiska inriktning mot en h\u00e5llbar l\u00f6nsam tillv\u00e4xt.<\/p>\t\t\t\t\t\t\t\t<\/div>\n\t\t\t\t<\/div>\n\t\t\t\t<div class=\"elementor-element elementor-element-6a2c1fb elementor-widget elementor-widget-bico_button\" data-id=\"6a2c1fb\" data-element_type=\"widget\" data-widget_type=\"bico_button.default\">\n\t\t\t\t<div class=\"elementor-widget-container\">\n\t\t\t\t\t<div class='bico__button--align' style='text-align: left;'><div class='bico__button--wrap bico_inverted_button'><a href='https:\/\/ir.financialhearings.com\/bico-capital-markets-day-2024\/register' class='bico__button'><span>Titta nu<\/span><\/a><\/div><\/div>\t\t\t\t<\/div>\n\t\t\t\t<\/div>\n\t\t\t\t<div class=\"elementor-element elementor-element-4988e6f elementor-widget elementor-widget-bico_button\" data-id=\"4988e6f\" data-element_type=\"widget\" data-widget_type=\"bico_button.default\">\n\t\t\t\t<div class=\"elementor-widget-container\">\n\t\t\t\t\t<div class='bico__button--align' style='text-align: left;'><div class='bico__button--wrap bico_inverted_button'><a href='https:\/\/bico.com\/wp-content\/uploads\/2024\/09\/BICO_Capital_Markets_Day_2024_web.pdf' class='bico__button'><span>Presentation<\/span><\/a><\/div><\/div>\t\t\t\t<\/div>\n\t\t\t\t<\/div>\n\t\t\t\t\t<\/div>\n\t\t<\/div>\n\t\t\t\t<div class=\"elementor-column elementor-col-50 elementor-inner-column elementor-element elementor-element-842f1fa\" data-id=\"842f1fa\" data-element_type=\"column\">\n\t\t\t<div class=\"elementor-widget-wrap\">\n\t\t\t\t\t\t\t<\/div>\n\t\t<\/div>\n\t\t\t\t\t<\/div>\n\t\t<\/section>\n\t\t\t\t\t<\/div>\n\t\t<\/div>\n\t\t\t\t\t<\/div>\n\t\t<\/section>\n\t\t\t\t<\/div>\n\t\t","protected":false},"excerpt":{"rendered":"<p>Kapitalmarknadsdagen 2024 BICOs uppdaterade strategi lanserades under Kapitalmarknadsdagen som h\u00f6lls den 17:e september 2024, med ett fokus p\u00e5 Gruppens strategiska inriktning mot en h\u00e5llbar l\u00f6nsam tillv\u00e4xt. Titta nu Presentation<\/p>\n","protected":false},"author":5,"featured_media":0,"parent":5093,"menu_order":0,"comment_status":"closed","ping_status":"closed","template":"","meta":{"_acf_changed":false,"content-type":"","footnotes":""},"class_list":["post-7697","page","type-page","status-publish","hentry"],"acf":[],"yoast_head":"<!-- This site is optimized with the Yoast SEO Premium plugin v19.3 (Yoast SEO v24.8.1) - https:\/\/yoast.com\/wordpress\/plugins\/seo\/ -->\n<title>Kapitalmarkndadsdagen 2024 - BICO Sverige<\/title>\n<meta name=\"robots\" content=\"index, follow, max-snippet:-1, max-image-preview:large, max-video-preview:-1\" \/>\n<link rel=\"canonical\" href=\"https:\/\/bico.com\/se\/investerare\/finansiell-information\/kapitalmarknadsdagar\/capital-markets-day-2024\/\" \/>\n<meta property=\"og:locale\" content=\"sv_SE\" \/>\n<meta property=\"og:type\" content=\"article\" \/>\n<meta property=\"og:title\" content=\"Kapitalmarkndadsdagen 2024\" \/>\n<meta property=\"og:description\" content=\"Kapitalmarknadsdagen 2024 BICOs uppdaterade strategi lanserades under Kapitalmarknadsdagen som h\u00f6lls den 17:e september 2024, med ett fokus p\u00e5 Gruppens strategiska inriktning mot en h\u00e5llbar l\u00f6nsam tillv\u00e4xt. Titta nu Presentation\" \/>\n<meta property=\"og:url\" content=\"https:\/\/bico.com\/se\/investerare\/finansiell-information\/kapitalmarknadsdagar\/capital-markets-day-2024\/\" \/>\n<meta property=\"og:site_name\" content=\"BICO Sverige\" \/>\n<meta property=\"article:publisher\" content=\"https:\/\/www.facebook.com\/bico.group.ab\" \/>\n<meta property=\"article:modified_time\" content=\"2024-09-18T13:43:08+00:00\" \/>\n<meta name=\"twitter:card\" content=\"summary_large_image\" \/>\n<meta name=\"twitter:site\" content=\"@theBICOgroup\" \/>\n<meta name=\"twitter:label1\" content=\"Ber\u00e4knad l\u00e4stid\" \/>\n\t<meta name=\"twitter:data1\" content=\"1 minut\" \/>\n<script type=\"application\/ld+json\" class=\"yoast-schema-graph\">{\"@context\":\"https:\/\/schema.org\",\"@graph\":[{\"@type\":\"WebPage\",\"@id\":\"https:\/\/bico.com\/se\/investerare\/finansiell-information\/kapitalmarknadsdagar\/capital-markets-day-2024\/\",\"url\":\"https:\/\/bico.com\/se\/investerare\/finansiell-information\/kapitalmarknadsdagar\/capital-markets-day-2024\/\",\"name\":\"Kapitalmarkndadsdagen 2024 - BICO Sverige\",\"isPartOf\":{\"@id\":\"https:\/\/bico.com\/se\/#website\"},\"datePublished\":\"2024-09-03T09:22:46+00:00\",\"dateModified\":\"2024-09-18T13:43:08+00:00\",\"breadcrumb\":{\"@id\":\"https:\/\/bico.com\/se\/investerare\/finansiell-information\/kapitalmarknadsdagar\/capital-markets-day-2024\/#breadcrumb\"},\"inLanguage\":\"sv-SE\",\"potentialAction\":[{\"@type\":\"ReadAction\",\"target\":[\"https:\/\/bico.com\/se\/investerare\/finansiell-information\/kapitalmarknadsdagar\/capital-markets-day-2024\/\"]}]},{\"@type\":\"BreadcrumbList\",\"@id\":\"https:\/\/bico.com\/se\/investerare\/finansiell-information\/kapitalmarknadsdagar\/capital-markets-day-2024\/#breadcrumb\",\"itemListElement\":[{\"@type\":\"ListItem\",\"position\":1,\"name\":\"Hem\",\"item\":\"https:\/\/bico.com\/se\/\"},{\"@type\":\"ListItem\",\"position\":2,\"name\":\"Investerare\",\"item\":\"https:\/\/bico.com\/se\/investerare\/\"},{\"@type\":\"ListItem\",\"position\":3,\"name\":\"Finansiell information\",\"item\":\"https:\/\/bico.com\/se\/investerare\/finansiell-information\/\"},{\"@type\":\"ListItem\",\"position\":4,\"name\":\"Kapitalmarknadsdagar\",\"item\":\"https:\/\/bico.com\/se\/investerare\/finansiell-information\/kapitalmarknadsdagar\/\"},{\"@type\":\"ListItem\",\"position\":5,\"name\":\"Kapitalmarkndadsdagen 2024\"}]},{\"@type\":\"WebSite\",\"@id\":\"https:\/\/bico.com\/se\/#website\",\"url\":\"https:\/\/bico.com\/se\/\",\"name\":\"BICO Sverige\",\"description\":\"Vi m\u00f6jligg\u00f6r och automatiserar framtidens life-science lab\",\"publisher\":{\"@id\":\"https:\/\/bico.com\/se\/#organization\"},\"potentialAction\":[{\"@type\":\"SearchAction\",\"target\":{\"@type\":\"EntryPoint\",\"urlTemplate\":\"https:\/\/bico.com\/se\/?s={search_term_string}\"},\"query-input\":{\"@type\":\"PropertyValueSpecification\",\"valueRequired\":true,\"valueName\":\"search_term_string\"}}],\"inLanguage\":\"sv-SE\"},{\"@type\":\"Organization\",\"@id\":\"https:\/\/bico.com\/se\/#organization\",\"name\":\"BICO Group AB\",\"url\":\"https:\/\/bico.com\/se\/\",\"logo\":{\"@type\":\"ImageObject\",\"inLanguage\":\"sv-SE\",\"@id\":\"https:\/\/bico.com\/se\/#\/schema\/logo\/image\/\",\"url\":\"https:\/\/bico.com\/se\/wp-content\/uploads\/sites\/2\/2021\/07\/press-bico-logo.png\",\"contentUrl\":\"https:\/\/bico.com\/se\/wp-content\/uploads\/sites\/2\/2021\/07\/press-bico-logo.png\",\"width\":1920,\"height\":1280,\"caption\":\"BICO Group AB\"},\"image\":{\"@id\":\"https:\/\/bico.com\/se\/#\/schema\/logo\/image\/\"},\"sameAs\":[\"https:\/\/www.facebook.com\/bico.group.ab\",\"https:\/\/x.com\/theBICOgroup\",\"https:\/\/www.instagram.com\/bicogroup_\/\",\"https:\/\/www.linkedin.com\/company\/bico\/\"]}]}<\/script>\n<!-- \/ Yoast SEO Premium plugin. -->","yoast_head_json":{"title":"Kapitalmarkndadsdagen 2024 - BICO Sverige","robots":{"index":"index","follow":"follow","max-snippet":"max-snippet:-1","max-image-preview":"max-image-preview:large","max-video-preview":"max-video-preview:-1"},"canonical":"https:\/\/bico.com\/se\/investerare\/finansiell-information\/kapitalmarknadsdagar\/capital-markets-day-2024\/","og_locale":"sv_SE","og_type":"article","og_title":"Kapitalmarkndadsdagen 2024","og_description":"Kapitalmarknadsdagen 2024 BICOs uppdaterade strategi lanserades under Kapitalmarknadsdagen som h\u00f6lls den 17:e september 2024, med ett fokus p\u00e5 Gruppens strategiska inriktning mot en h\u00e5llbar l\u00f6nsam tillv\u00e4xt. Titta nu Presentation","og_url":"https:\/\/bico.com\/se\/investerare\/finansiell-information\/kapitalmarknadsdagar\/capital-markets-day-2024\/","og_site_name":"BICO Sverige","article_publisher":"https:\/\/www.facebook.com\/bico.group.ab","article_modified_time":"2024-09-18T13:43:08+00:00","twitter_card":"summary_large_image","twitter_site":"@theBICOgroup","twitter_misc":{"Ber\u00e4knad l\u00e4stid":"1 minut"},"schema":{"@context":"https:\/\/schema.org","@graph":[{"@type":"WebPage","@id":"https:\/\/bico.com\/se\/investerare\/finansiell-information\/kapitalmarknadsdagar\/capital-markets-day-2024\/","url":"https:\/\/bico.com\/se\/investerare\/finansiell-information\/kapitalmarknadsdagar\/capital-markets-day-2024\/","name":"Kapitalmarkndadsdagen 2024 - BICO Sverige","isPartOf":{"@id":"https:\/\/bico.com\/se\/#website"},"datePublished":"2024-09-03T09:22:46+00:00","dateModified":"2024-09-18T13:43:08+00:00","breadcrumb":{"@id":"https:\/\/bico.com\/se\/investerare\/finansiell-information\/kapitalmarknadsdagar\/capital-markets-day-2024\/#breadcrumb"},"inLanguage":"sv-SE","potentialAction":[{"@type":"ReadAction","target":["https:\/\/bico.com\/se\/investerare\/finansiell-information\/kapitalmarknadsdagar\/capital-markets-day-2024\/"]}]},{"@type":"BreadcrumbList","@id":"https:\/\/bico.com\/se\/investerare\/finansiell-information\/kapitalmarknadsdagar\/capital-markets-day-2024\/#breadcrumb","itemListElement":[{"@type":"ListItem","position":1,"name":"Hem","item":"https:\/\/bico.com\/se\/"},{"@type":"ListItem","position":2,"name":"Investerare","item":"https:\/\/bico.com\/se\/investerare\/"},{"@type":"ListItem","position":3,"name":"Finansiell information","item":"https:\/\/bico.com\/se\/investerare\/finansiell-information\/"},{"@type":"ListItem","position":4,"name":"Kapitalmarknadsdagar","item":"https:\/\/bico.com\/se\/investerare\/finansiell-information\/kapitalmarknadsdagar\/"},{"@type":"ListItem","position":5,"name":"Kapitalmarkndadsdagen 2024"}]},{"@type":"WebSite","@id":"https:\/\/bico.com\/se\/#website","url":"https:\/\/bico.com\/se\/","name":"BICO Sverige","description":"Vi m\u00f6jligg\u00f6r och automatiserar framtidens life-science lab","publisher":{"@id":"https:\/\/bico.com\/se\/#organization"},"potentialAction":[{"@type":"SearchAction","target":{"@type":"EntryPoint","urlTemplate":"https:\/\/bico.com\/se\/?s={search_term_string}"},"query-input":{"@type":"PropertyValueSpecification","valueRequired":true,"valueName":"search_term_string"}}],"inLanguage":"sv-SE"},{"@type":"Organization","@id":"https:\/\/bico.com\/se\/#organization","name":"BICO Group AB","url":"https:\/\/bico.com\/se\/","logo":{"@type":"ImageObject","inLanguage":"sv-SE","@id":"https:\/\/bico.com\/se\/#\/schema\/logo\/image\/","url":"https:\/\/bico.com\/se\/wp-content\/uploads\/sites\/2\/2021\/07\/press-bico-logo.png","contentUrl":"https:\/\/bico.com\/se\/wp-content\/uploads\/sites\/2\/2021\/07\/press-bico-logo.png","width":1920,"height":1280,"caption":"BICO Group AB"},"image":{"@id":"https:\/\/bico.com\/se\/#\/schema\/logo\/image\/"},"sameAs":["https:\/\/www.facebook.com\/bico.group.ab","https:\/\/x.com\/theBICOgroup","https:\/\/www.instagram.com\/bicogroup_\/","https:\/\/www.linkedin.com\/company\/bico\/"]}]}},"_links":{"self":[{"href":"https:\/\/bico.com\/se\/wp-json\/wp\/v2\/pages\/7697","targetHints":{"allow":["GET"]}}],"collection":[{"href":"https:\/\/bico.com\/se\/wp-json\/wp\/v2\/pages"}],"about":[{"href":"https:\/\/bico.com\/se\/wp-json\/wp\/v2\/types\/page"}],"author":[{"embeddable":true,"href":"https:\/\/bico.com\/se\/wp-json\/wp\/v2\/users\/5"}],"replies":[{"embeddable":true,"href":"https:\/\/bico.com\/se\/wp-json\/wp\/v2\/comments?post=7697"}],"version-history":[{"count":0,"href":"https:\/\/bico.com\/se\/wp-json\/wp\/v2\/pages\/7697\/revisions"}],"up":[{"embeddable":true,"href":"https:\/\/bico.com\/se\/wp-json\/wp\/v2\/pages\/5093"}],"wp:attachment":[{"href":"https:\/\/bico.com\/se\/wp-json\/wp\/v2\/media?parent=7697"}],"curies":[{"name":"wp","href":"https:\/\/api.w.org\/{rel}","templated":true}]}}