{"id":7784,"date":"2024-10-03T14:47:37","date_gmt":"2024-10-03T12:47:37","guid":{"rendered":"https:\/\/bico.com\/se\/?page_id=7784"},"modified":"2026-04-28T08:40:52","modified_gmt":"2026-04-28T06:40:52","slug":"lab-automation","status":"publish","type":"page","link":"https:\/\/bico.com\/se\/vad-vi-gor\/lab-automation\/","title":{"rendered":"Lab Automation"},"content":{"rendered":"\t\t<div data-elementor-type=\"wp-page\" data-elementor-id=\"7784\" class=\"elementor elementor-7784\" data-elementor-post-type=\"page\">\n\t\t\t\t\t\t<section class=\"elementor-section elementor-top-section elementor-element elementor-element-1f4e1e5 elementor-section-height-min-height elementor-section-items-top elementor-section-boxed elementor-section-height-default\" data-id=\"1f4e1e5\" data-element_type=\"section\" data-settings=\"{&quot;background_background&quot;:&quot;video&quot;,&quot;background_video_link&quot;:&quot;https:\\\/\\\/vimeo.com\\\/1012706118?share=copy&quot;}\">\n\t\t\t\t\t\t\t\t<div class=\"elementor-background-video-container elementor-hidden-mobile\">\n\t\t\t\t\t\t\t\t\t\t\t\t\t<div class=\"elementor-background-video-embed\"><\/div>\n\t\t\t\t\t\t\t\t\t\t\t\t<\/div>\n\t\t\t\t\t\t\t\t\t<div class=\"elementor-background-overlay\"><\/div>\n\t\t\t\t\t\t\t<div class=\"elementor-container elementor-column-gap-default\">\n\t\t\t\t\t<div class=\"elementor-column elementor-col-50 elementor-top-column elementor-element elementor-element-5a77b9d\" data-id=\"5a77b9d\" data-element_type=\"column\" data-settings=\"{&quot;background_background&quot;:&quot;classic&quot;}\">\n\t\t\t<div class=\"elementor-widget-wrap elementor-element-populated\">\n\t\t\t\t\t\t<div class=\"elementor-element elementor-element-84e5878 elementor-widget elementor-widget-spacer\" data-id=\"84e5878\" data-element_type=\"widget\" data-widget_type=\"spacer.default\">\n\t\t\t\t<div class=\"elementor-widget-container\">\n\t\t\t\t\t\t\t<div class=\"elementor-spacer\">\n\t\t\t<div class=\"elementor-spacer-inner\"><\/div>\n\t\t<\/div>\n\t\t\t\t\t\t<\/div>\n\t\t\t\t<\/div>\n\t\t\t\t<div class=\"elementor-element elementor-element-cac5022 elementor-align-left elementor-hidden-tablet elementor-hidden-mobile elementor-widget elementor-widget-breadcrumbs\" data-id=\"cac5022\" data-element_type=\"widget\" data-widget_type=\"breadcrumbs.default\">\n\t\t\t\t<div class=\"elementor-widget-container\">\n\t\t\t\t\t<nav id=\"breadcrumbs\"><span><span><a href=\"https:\/\/bico.com\/se\/\">Hem<\/a><\/span><\/span><\/nav>\t\t\t\t<\/div>\n\t\t\t\t<\/div>\n\t\t\t\t<div class=\"elementor-element elementor-element-de42712 elementor-widget elementor-widget-heading\" data-id=\"de42712\" data-element_type=\"widget\" data-widget_type=\"heading.default\">\n\t\t\t\t<div class=\"elementor-widget-container\">\n\t\t\t\t\t<h1 class=\"elementor-heading-title elementor-size-default\">Lab Automation<\/h1>\t\t\t\t<\/div>\n\t\t\t\t<\/div>\n\t\t\t\t<div class=\"elementor-element elementor-element-6f2be8f elementor-widget elementor-widget-text-editor\" data-id=\"6f2be8f\" data-element_type=\"widget\" data-widget_type=\"text-editor.default\">\n\t\t\t\t<div class=\"elementor-widget-container\">\n\t\t\t\t\t\t\t\t\t<p>Lab Automation definieras som anv\u00e4ndningen av teknik och automatiserade system f\u00f6r att effektivisera och optimera laboratorieprocesser, reducera manuella ingrepp och f\u00f6rb\u00e4ttra effektivitet, noggrannhet och produktivitet.<\/p>\t\t\t\t\t\t\t\t<\/div>\n\t\t\t\t<\/div>\n\t\t\t\t<div class=\"elementor-element elementor-element-8589e06 elementor-widget elementor-widget-spacer\" data-id=\"8589e06\" data-element_type=\"widget\" data-widget_type=\"spacer.default\">\n\t\t\t\t<div class=\"elementor-widget-container\">\n\t\t\t\t\t\t\t<div class=\"elementor-spacer\">\n\t\t\t<div class=\"elementor-spacer-inner\"><\/div>\n\t\t<\/div>\n\t\t\t\t\t\t<\/div>\n\t\t\t\t<\/div>\n\t\t\t\t\t<\/div>\n\t\t<\/div>\n\t\t\t\t<div class=\"elementor-column elementor-col-50 elementor-top-column elementor-element elementor-element-8ed50ac\" data-id=\"8ed50ac\" data-element_type=\"column\">\n\t\t\t<div class=\"elementor-widget-wrap\">\n\t\t\t\t\t\t\t<\/div>\n\t\t<\/div>\n\t\t\t\t\t<\/div>\n\t\t<\/section>\n\t\t\t\t<section class=\"elementor-section elementor-top-section elementor-element elementor-element-b6f1f91 elementor-section-boxed elementor-section-height-default elementor-section-height-default\" data-id=\"b6f1f91\" data-element_type=\"section\">\n\t\t\t\t\t\t<div class=\"elementor-container elementor-column-gap-default\">\n\t\t\t\t\t<div class=\"elementor-column elementor-col-50 elementor-top-column elementor-element elementor-element-fc6de9f\" data-id=\"fc6de9f\" data-element_type=\"column\">\n\t\t\t<div class=\"elementor-widget-wrap elementor-element-populated\">\n\t\t\t\t\t\t<div class=\"elementor-element elementor-element-0175129 elementor-widget elementor-widget-heading\" data-id=\"0175129\" data-element_type=\"widget\" data-widget_type=\"heading.default\">\n\t\t\t\t<div class=\"elementor-widget-container\">\n\t\t\t\t\t<h2 class=\"elementor-heading-title elementor-size-xl\">Vad \u00e4r lab automation?<\/h2>\t\t\t\t<\/div>\n\t\t\t\t<\/div>\n\t\t\t\t<div class=\"elementor-element elementor-element-1f317bc elementor-widget elementor-widget-image\" data-id=\"1f317bc\" data-element_type=\"widget\" data-widget_type=\"image.default\">\n\t\t\t\t<div class=\"elementor-widget-container\">\n\t\t\t\t\t\t\t\t\t\t\t\t\t\t\t<img fetchpriority=\"high\" decoding=\"async\" width=\"1602\" height=\"900\" src=\"https:\/\/bico.com\/se\/wp-content\/uploads\/sites\/2\/2024\/10\/LA-Background.jpg\" class=\"attachment-full size-full wp-image-7734\" alt=\"\" srcset=\"https:\/\/bico.com\/se\/wp-content\/uploads\/sites\/2\/2024\/10\/LA-Background.jpg 1602w, https:\/\/bico.com\/se\/wp-content\/uploads\/sites\/2\/2024\/10\/LA-Background-300x169.jpg 300w, https:\/\/bico.com\/se\/wp-content\/uploads\/sites\/2\/2024\/10\/LA-Background-1024x575.jpg 1024w, https:\/\/bico.com\/se\/wp-content\/uploads\/sites\/2\/2024\/10\/LA-Background-768x431.jpg 768w, https:\/\/bico.com\/se\/wp-content\/uploads\/sites\/2\/2024\/10\/LA-Background-1536x863.jpg 1536w\" sizes=\"(max-width: 1602px) 100vw, 1602px\" \/>\t\t\t\t\t\t\t\t\t\t\t\t\t\t\t<\/div>\n\t\t\t\t<\/div>\n\t\t\t\t\t<\/div>\n\t\t<\/div>\n\t\t\t\t<div class=\"elementor-column elementor-col-50 elementor-top-column elementor-element elementor-element-c5e30db\" data-id=\"c5e30db\" data-element_type=\"column\">\n\t\t\t<div class=\"elementor-widget-wrap elementor-element-populated\">\n\t\t\t\t\t\t<div class=\"elementor-element elementor-element-0b53a5a elementor-widget elementor-widget-text-editor\" data-id=\"0b53a5a\" data-element_type=\"widget\" data-widget_type=\"text-editor.default\">\n\t\t\t\t<div class=\"elementor-widget-container\">\n\t\t\t\t\t\t\t\t\t<p>V\u00e5rt erbjudande fokuserar p\u00e5 labbautomation och utvalda arbetsfl\u00f6den. Via v\u00e5rt bolag Biosero, erbjuder vi till exempel mjukvara f\u00f6r integration av automationsteknik samt konsult- och ingenj\u00f6rstj\u00e4nster f\u00f6r att designa, bygga och installera automatiserade laboratoriesystem i alla storlekar. Bioseros Green Button Go\u00ae \u00e4r en h\u00e5rdvaru-agnostisk mjukvara som kopplar samman schemalagda arbetsfl\u00f6den till orkestrerade l\u00f6sningar f\u00f6r hela laboratoriet. Det g\u00f6r labben s\u00e4krare och kan st\u00f6dja h\u00e5llbarhetsinitiativ. N\u00e4r fysisk och digital automatisering kombineras bidrar till att forskningens produktivitet \u00f6kar avsev\u00e4rt.<\/p>\n<p>Ett annat exempel \u00e4r C. STATION fr\u00e5n CYTENA, ett av BICOs bolag. CYTENA levererar helautomatiserade l\u00f6sningar f\u00f6r cellinjeutveckling, som \u00e4r viktigt arbetsfl\u00f6de inom biotech. C.STATION kombinerar Green Button Go\u00ae med instrument fr\u00e5n BICOs portf\u00f6lj.<\/p>\t\t\t\t\t\t\t\t<\/div>\n\t\t\t\t<\/div>\n\t\t\t\t<div class=\"elementor-element elementor-element-488ebd0 elementor-widget elementor-widget-text-editor\" data-id=\"488ebd0\" data-element_type=\"widget\" data-widget_type=\"text-editor.default\">\n\t\t\t\t<div class=\"elementor-widget-container\">\n\t\t\t\t\t\t\t\t\t<a href=\"https:\/\/ir.financialhearings.com\/bico-capital-markets-day-2024\/\"><strong>Titta p\u00e5 presentationen om lab automation fr\u00e5n Kapitalmarknadsdagen 2024 \u2192<\/strong><\/a>\t\t\t\t\t\t\t\t<\/div>\n\t\t\t\t<\/div>\n\t\t\t\t<div class=\"elementor-element elementor-element-279df6c elementor-widget elementor-widget-text-editor\" data-id=\"279df6c\" data-element_type=\"widget\" data-widget_type=\"text-editor.default\">\n\t\t\t\t<div class=\"elementor-widget-container\">\n\t\t\t\t\t\t\t\t\t<p><a href=\"https:\/\/biosero.com\/\"><strong>L\u00e4s mer om Biosero \u2192<\/strong><\/a><\/p>\t\t\t\t\t\t\t\t<\/div>\n\t\t\t\t<\/div>\n\t\t\t\t<div class=\"elementor-element elementor-element-59ac6e6 elementor-widget elementor-widget-text-editor\" data-id=\"59ac6e6\" data-element_type=\"widget\" data-widget_type=\"text-editor.default\">\n\t\t\t\t<div class=\"elementor-widget-container\">\n\t\t\t\t\t\t\t\t\t<p><a href=\"https:\/\/biosero.com\/software\/green-button-go-scheduler\/\"><strong>L\u00e4s mer om Green Button Go\u00ae \u2192<\/strong><\/a><\/p>\t\t\t\t\t\t\t\t<\/div>\n\t\t\t\t<\/div>\n\t\t\t\t<div class=\"elementor-element elementor-element-f92944b elementor-widget elementor-widget-text-editor\" data-id=\"f92944b\" data-element_type=\"widget\" data-widget_type=\"text-editor.default\">\n\t\t\t\t<div class=\"elementor-widget-container\">\n\t\t\t\t\t\t\t\t\t<p><a href=\"https:\/\/www.cytena.com\/products\/automated-cell-line-development\/c-station\/\"><strong>L\u00e4s mer om C.STATION \u2192<\/strong><\/a><\/p>\t\t\t\t\t\t\t\t<\/div>\n\t\t\t\t<\/div>\n\t\t\t\t\t<\/div>\n\t\t<\/div>\n\t\t\t\t\t<\/div>\n\t\t<\/section>\n\t\t\t\t<section class=\"elementor-section elementor-top-section elementor-element elementor-element-9cf6ee7 elementor-section-boxed elementor-section-height-default elementor-section-height-default\" data-id=\"9cf6ee7\" data-element_type=\"section\" data-settings=\"{&quot;background_background&quot;:&quot;classic&quot;}\">\n\t\t\t\t\t\t<div class=\"elementor-container elementor-column-gap-default\">\n\t\t\t\t\t<div class=\"elementor-column elementor-col-100 elementor-top-column elementor-element elementor-element-81097dc\" data-id=\"81097dc\" data-element_type=\"column\">\n\t\t\t<div class=\"elementor-widget-wrap elementor-element-populated\">\n\t\t\t\t\t\t<section class=\"elementor-section elementor-inner-section elementor-element elementor-element-2362187 elementor-section-content-middle elementor-reverse-mobile elementor-section-boxed elementor-section-height-default elementor-section-height-default\" data-id=\"2362187\" data-element_type=\"section\">\n\t\t\t\t\t\t<div class=\"elementor-container elementor-column-gap-default\">\n\t\t\t\t\t<div class=\"elementor-column elementor-col-50 elementor-inner-column elementor-element elementor-element-e9e9ac9\" data-id=\"e9e9ac9\" data-element_type=\"column\">\n\t\t\t<div class=\"elementor-widget-wrap elementor-element-populated\">\n\t\t\t\t\t\t<div class=\"elementor-element elementor-element-ffe71c6 elementor-widget elementor-widget-heading\" data-id=\"ffe71c6\" data-element_type=\"widget\" data-widget_type=\"heading.default\">\n\t\t\t\t<div class=\"elementor-widget-container\">\n\t\t\t\t\t<h2 class=\"elementor-heading-title elementor-size-xl\">Utmaningen<\/h2>\t\t\t\t<\/div>\n\t\t\t\t<\/div>\n\t\t\t\t<div class=\"elementor-element elementor-element-68133cf elementor-widget elementor-widget-heading\" data-id=\"68133cf\" data-element_type=\"widget\" data-widget_type=\"heading.default\">\n\t\t\t\t<div class=\"elementor-widget-container\">\n\t\t\t\t\t<h4 class=\"elementor-heading-title elementor-size-large\">Att uppt\u00e4cka l\u00e4kemedel, botemedel, terapier och diagnostik tar l\u00e4ngre tid och kostar mer \u00e4n det borde.\n<\/h4>\t\t\t\t<\/div>\n\t\t\t\t<\/div>\n\t\t\t\t\t<\/div>\n\t\t<\/div>\n\t\t\t\t<div class=\"elementor-column elementor-col-50 elementor-inner-column elementor-element elementor-element-5a395b9\" data-id=\"5a395b9\" data-element_type=\"column\">\n\t\t\t<div class=\"elementor-widget-wrap elementor-element-populated\">\n\t\t\t\t\t\t<div class=\"elementor-element elementor-element-d19fbbc elementor-widget elementor-widget-image\" data-id=\"d19fbbc\" data-element_type=\"widget\" data-widget_type=\"image.default\">\n\t\t\t\t<div class=\"elementor-widget-container\">\n\t\t\t\t\t\t\t\t\t\t\t\t\t\t\t<img decoding=\"async\" width=\"1024\" height=\"721\" src=\"https:\/\/bico.com\/se\/wp-content\/uploads\/sites\/2\/2024\/10\/LA-in-Labs-4-1024x721.jpg\" class=\"attachment-large size-large wp-image-7786\" alt=\"\" srcset=\"https:\/\/bico.com\/se\/wp-content\/uploads\/sites\/2\/2024\/10\/LA-in-Labs-4-1024x721.jpg 1024w, https:\/\/bico.com\/se\/wp-content\/uploads\/sites\/2\/2024\/10\/LA-in-Labs-4-300x211.jpg 300w, https:\/\/bico.com\/se\/wp-content\/uploads\/sites\/2\/2024\/10\/LA-in-Labs-4-768x541.jpg 768w, https:\/\/bico.com\/se\/wp-content\/uploads\/sites\/2\/2024\/10\/LA-in-Labs-4-1536x1082.jpg 1536w, https:\/\/bico.com\/se\/wp-content\/uploads\/sites\/2\/2024\/10\/LA-in-Labs-4.jpg 1920w\" sizes=\"(max-width: 1024px) 100vw, 1024px\" \/>\t\t\t\t\t\t\t\t\t\t\t\t\t\t\t<\/div>\n\t\t\t\t<\/div>\n\t\t\t\t\t<\/div>\n\t\t<\/div>\n\t\t\t\t\t<\/div>\n\t\t<\/section>\n\t\t\t\t<section class=\"elementor-section elementor-inner-section elementor-element elementor-element-35b0497 elementor-section-content-middle elementor-section-boxed elementor-section-height-default elementor-section-height-default\" data-id=\"35b0497\" data-element_type=\"section\">\n\t\t\t\t\t\t<div class=\"elementor-container elementor-column-gap-default\">\n\t\t\t\t\t<div class=\"elementor-column elementor-col-50 elementor-inner-column elementor-element elementor-element-ac13089\" data-id=\"ac13089\" data-element_type=\"column\">\n\t\t\t<div class=\"elementor-widget-wrap elementor-element-populated\">\n\t\t\t\t\t\t<div class=\"elementor-element elementor-element-3a22cd4 elementor-widget elementor-widget-image\" data-id=\"3a22cd4\" data-element_type=\"widget\" data-widget_type=\"image.default\">\n\t\t\t\t<div class=\"elementor-widget-container\">\n\t\t\t\t\t\t\t\t\t\t\t\t\t\t\t<img decoding=\"async\" width=\"1024\" height=\"721\" src=\"https:\/\/bico.com\/se\/wp-content\/uploads\/sites\/2\/2024\/10\/LA-in-Labs1-1024x721.jpg\" class=\"attachment-large size-large wp-image-7787\" alt=\"\" srcset=\"https:\/\/bico.com\/se\/wp-content\/uploads\/sites\/2\/2024\/10\/LA-in-Labs1-1024x721.jpg 1024w, https:\/\/bico.com\/se\/wp-content\/uploads\/sites\/2\/2024\/10\/LA-in-Labs1-300x211.jpg 300w, https:\/\/bico.com\/se\/wp-content\/uploads\/sites\/2\/2024\/10\/LA-in-Labs1-768x541.jpg 768w, https:\/\/bico.com\/se\/wp-content\/uploads\/sites\/2\/2024\/10\/LA-in-Labs1-1536x1082.jpg 1536w, https:\/\/bico.com\/se\/wp-content\/uploads\/sites\/2\/2024\/10\/LA-in-Labs1.jpg 1920w\" sizes=\"(max-width: 1024px) 100vw, 1024px\" \/>\t\t\t\t\t\t\t\t\t\t\t\t\t\t\t<\/div>\n\t\t\t\t<\/div>\n\t\t\t\t\t<\/div>\n\t\t<\/div>\n\t\t\t\t<div class=\"elementor-column elementor-col-50 elementor-inner-column elementor-element elementor-element-34506f4\" data-id=\"34506f4\" data-element_type=\"column\">\n\t\t\t<div class=\"elementor-widget-wrap elementor-element-populated\">\n\t\t\t\t\t\t<div class=\"elementor-element elementor-element-7b3444e elementor-widget elementor-widget-heading\" data-id=\"7b3444e\" data-element_type=\"widget\" data-widget_type=\"heading.default\">\n\t\t\t\t<div class=\"elementor-widget-container\">\n\t\t\t\t\t<h2 class=\"elementor-heading-title elementor-size-xl\">L\u00f6sningen<\/h2>\t\t\t\t<\/div>\n\t\t\t\t<\/div>\n\t\t\t\t<div class=\"elementor-element elementor-element-7c52846 elementor-widget elementor-widget-heading\" data-id=\"7c52846\" data-element_type=\"widget\" data-widget_type=\"heading.default\">\n\t\t\t\t<div class=\"elementor-widget-container\">\n\t\t\t\t\t<h4 class=\"elementor-heading-title elementor-size-large\">P\u00e5skynda vetenskaplig forskning genom automatisering med hj\u00e4lp av Green Button Go\u00ae.<\/h4>\t\t\t\t<\/div>\n\t\t\t\t<\/div>\n\t\t\t\t\t<\/div>\n\t\t<\/div>\n\t\t\t\t\t<\/div>\n\t\t<\/section>\n\t\t\t\t\t<\/div>\n\t\t<\/div>\n\t\t\t\t\t<\/div>\n\t\t<\/section>\n\t\t\t\t<\/div>\n\t\t","protected":false},"excerpt":{"rendered":"<p>Lab Automation Lab Automation definieras som anv\u00e4ndningen av teknik och automatiserade system f\u00f6r att effektivisera och optimera laboratorieprocesser, reducera manuella ingrepp och f\u00f6rb\u00e4ttra effektivitet, noggrannhet och produktivitet. Vad \u00e4r lab automation? V\u00e5rt erbjudande fokuserar p\u00e5 labbautomation och utvalda arbetsfl\u00f6den. Via v\u00e5rt bolag Biosero, erbjuder vi till exempel mjukvara f\u00f6r integration av automationsteknik samt konsult- och [&hellip;]<\/p>\n","protected":false},"author":5,"featured_media":0,"parent":3738,"menu_order":0,"comment_status":"closed","ping_status":"closed","template":"","meta":{"_acf_changed":false,"content-type":"","footnotes":""},"class_list":["post-7784","page","type-page","status-publish","hentry"],"acf":[],"yoast_head":"<!-- This site is optimized with the Yoast SEO Premium plugin v19.3 (Yoast SEO v24.8.1) - https:\/\/yoast.com\/wordpress\/plugins\/seo\/ -->\n<title>Lab Automation - BICO Sverige<\/title>\n<meta name=\"robots\" content=\"index, follow, max-snippet:-1, max-image-preview:large, max-video-preview:-1\" \/>\n<link rel=\"canonical\" href=\"https:\/\/bico.com\/se\/vad-vi-gor\/lab-automation\/\" \/>\n<meta property=\"og:locale\" content=\"sv_SE\" \/>\n<meta property=\"og:type\" content=\"article\" \/>\n<meta property=\"og:title\" content=\"Lab Automation\" \/>\n<meta property=\"og:description\" content=\"Lab Automation Lab Automation definieras som anv\u00e4ndningen av teknik och automatiserade system f\u00f6r att effektivisera och optimera laboratorieprocesser, reducera manuella ingrepp och f\u00f6rb\u00e4ttra effektivitet, noggrannhet och produktivitet. Vad \u00e4r lab automation? V\u00e5rt erbjudande fokuserar p\u00e5 labbautomation och utvalda arbetsfl\u00f6den. Via v\u00e5rt bolag Biosero, erbjuder vi till exempel mjukvara f\u00f6r integration av automationsteknik samt konsult- och [&hellip;]\" \/>\n<meta property=\"og:url\" content=\"https:\/\/bico.com\/se\/vad-vi-gor\/lab-automation\/\" \/>\n<meta property=\"og:site_name\" content=\"BICO Sverige\" \/>\n<meta property=\"article:publisher\" content=\"https:\/\/www.facebook.com\/bico.group.ab\" \/>\n<meta property=\"article:modified_time\" content=\"2026-04-28T06:40:52+00:00\" \/>\n<meta property=\"og:image\" content=\"https:\/\/bico.com\/se\/wp-content\/uploads\/sites\/2\/2024\/10\/LA-Background.jpg\" \/>\n\t<meta property=\"og:image:width\" content=\"1602\" \/>\n\t<meta property=\"og:image:height\" content=\"900\" \/>\n\t<meta property=\"og:image:type\" content=\"image\/jpeg\" \/>\n<meta name=\"twitter:card\" content=\"summary_large_image\" \/>\n<meta name=\"twitter:site\" content=\"@theBICOgroup\" \/>\n<meta name=\"twitter:label1\" content=\"Ber\u00e4knad l\u00e4stid\" \/>\n\t<meta name=\"twitter:data1\" content=\"2 minuter\" \/>\n<script type=\"application\/ld+json\" class=\"yoast-schema-graph\">{\"@context\":\"https:\/\/schema.org\",\"@graph\":[{\"@type\":\"WebPage\",\"@id\":\"https:\/\/bico.com\/se\/vad-vi-gor\/lab-automation\/\",\"url\":\"https:\/\/bico.com\/se\/vad-vi-gor\/lab-automation\/\",\"name\":\"Lab Automation - BICO Sverige\",\"isPartOf\":{\"@id\":\"https:\/\/bico.com\/se\/#website\"},\"primaryImageOfPage\":{\"@id\":\"https:\/\/bico.com\/se\/vad-vi-gor\/lab-automation\/#primaryimage\"},\"image\":{\"@id\":\"https:\/\/bico.com\/se\/vad-vi-gor\/lab-automation\/#primaryimage\"},\"thumbnailUrl\":\"https:\/\/bico.com\/se\/wp-content\/uploads\/sites\/2\/2024\/10\/LA-Background.jpg\",\"datePublished\":\"2024-10-03T12:47:37+00:00\",\"dateModified\":\"2026-04-28T06:40:52+00:00\",\"breadcrumb\":{\"@id\":\"https:\/\/bico.com\/se\/vad-vi-gor\/lab-automation\/#breadcrumb\"},\"inLanguage\":\"sv-SE\",\"potentialAction\":[{\"@type\":\"ReadAction\",\"target\":[\"https:\/\/bico.com\/se\/vad-vi-gor\/lab-automation\/\"]}]},{\"@type\":\"ImageObject\",\"inLanguage\":\"sv-SE\",\"@id\":\"https:\/\/bico.com\/se\/vad-vi-gor\/lab-automation\/#primaryimage\",\"url\":\"https:\/\/bico.com\/se\/wp-content\/uploads\/sites\/2\/2024\/10\/LA-Background.jpg\",\"contentUrl\":\"https:\/\/bico.com\/se\/wp-content\/uploads\/sites\/2\/2024\/10\/LA-Background.jpg\",\"width\":1602,\"height\":900},{\"@type\":\"BreadcrumbList\",\"@id\":\"https:\/\/bico.com\/se\/vad-vi-gor\/lab-automation\/#breadcrumb\",\"itemListElement\":[{\"@type\":\"ListItem\",\"position\":1,\"name\":\"Hem\",\"item\":\"https:\/\/bico.com\/se\/\"},{\"@type\":\"ListItem\",\"position\":2,\"name\":\"Vad vi g\u00f6r\",\"item\":\"https:\/\/bico.com\/se\/vad-vi-gor\/\"},{\"@type\":\"ListItem\",\"position\":3,\"name\":\"Lab Automation\"}]},{\"@type\":\"WebSite\",\"@id\":\"https:\/\/bico.com\/se\/#website\",\"url\":\"https:\/\/bico.com\/se\/\",\"name\":\"BICO Sverige\",\"description\":\"Vi m\u00f6jligg\u00f6r och automatiserar framtidens life-science lab\",\"publisher\":{\"@id\":\"https:\/\/bico.com\/se\/#organization\"},\"potentialAction\":[{\"@type\":\"SearchAction\",\"target\":{\"@type\":\"EntryPoint\",\"urlTemplate\":\"https:\/\/bico.com\/se\/?s={search_term_string}\"},\"query-input\":{\"@type\":\"PropertyValueSpecification\",\"valueRequired\":true,\"valueName\":\"search_term_string\"}}],\"inLanguage\":\"sv-SE\"},{\"@type\":\"Organization\",\"@id\":\"https:\/\/bico.com\/se\/#organization\",\"name\":\"BICO Group AB\",\"url\":\"https:\/\/bico.com\/se\/\",\"logo\":{\"@type\":\"ImageObject\",\"inLanguage\":\"sv-SE\",\"@id\":\"https:\/\/bico.com\/se\/#\/schema\/logo\/image\/\",\"url\":\"https:\/\/bico.com\/se\/wp-content\/uploads\/sites\/2\/2021\/07\/press-bico-logo.png\",\"contentUrl\":\"https:\/\/bico.com\/se\/wp-content\/uploads\/sites\/2\/2021\/07\/press-bico-logo.png\",\"width\":1920,\"height\":1280,\"caption\":\"BICO Group AB\"},\"image\":{\"@id\":\"https:\/\/bico.com\/se\/#\/schema\/logo\/image\/\"},\"sameAs\":[\"https:\/\/www.facebook.com\/bico.group.ab\",\"https:\/\/x.com\/theBICOgroup\",\"https:\/\/www.instagram.com\/bicogroup_\/\",\"https:\/\/www.linkedin.com\/company\/bico\/\"]}]}<\/script>\n<!-- \/ Yoast SEO Premium plugin. -->","yoast_head_json":{"title":"Lab Automation - BICO Sverige","robots":{"index":"index","follow":"follow","max-snippet":"max-snippet:-1","max-image-preview":"max-image-preview:large","max-video-preview":"max-video-preview:-1"},"canonical":"https:\/\/bico.com\/se\/vad-vi-gor\/lab-automation\/","og_locale":"sv_SE","og_type":"article","og_title":"Lab Automation","og_description":"Lab Automation Lab Automation definieras som anv\u00e4ndningen av teknik och automatiserade system f\u00f6r att effektivisera och optimera laboratorieprocesser, reducera manuella ingrepp och f\u00f6rb\u00e4ttra effektivitet, noggrannhet och produktivitet. Vad \u00e4r lab automation? V\u00e5rt erbjudande fokuserar p\u00e5 labbautomation och utvalda arbetsfl\u00f6den. Via v\u00e5rt bolag Biosero, erbjuder vi till exempel mjukvara f\u00f6r integration av automationsteknik samt konsult- och [&hellip;]","og_url":"https:\/\/bico.com\/se\/vad-vi-gor\/lab-automation\/","og_site_name":"BICO Sverige","article_publisher":"https:\/\/www.facebook.com\/bico.group.ab","article_modified_time":"2026-04-28T06:40:52+00:00","og_image":[{"width":1602,"height":900,"url":"https:\/\/bico.com\/se\/wp-content\/uploads\/sites\/2\/2024\/10\/LA-Background.jpg","type":"image\/jpeg"}],"twitter_card":"summary_large_image","twitter_site":"@theBICOgroup","twitter_misc":{"Ber\u00e4knad l\u00e4stid":"2 minuter"},"schema":{"@context":"https:\/\/schema.org","@graph":[{"@type":"WebPage","@id":"https:\/\/bico.com\/se\/vad-vi-gor\/lab-automation\/","url":"https:\/\/bico.com\/se\/vad-vi-gor\/lab-automation\/","name":"Lab Automation - BICO Sverige","isPartOf":{"@id":"https:\/\/bico.com\/se\/#website"},"primaryImageOfPage":{"@id":"https:\/\/bico.com\/se\/vad-vi-gor\/lab-automation\/#primaryimage"},"image":{"@id":"https:\/\/bico.com\/se\/vad-vi-gor\/lab-automation\/#primaryimage"},"thumbnailUrl":"https:\/\/bico.com\/se\/wp-content\/uploads\/sites\/2\/2024\/10\/LA-Background.jpg","datePublished":"2024-10-03T12:47:37+00:00","dateModified":"2026-04-28T06:40:52+00:00","breadcrumb":{"@id":"https:\/\/bico.com\/se\/vad-vi-gor\/lab-automation\/#breadcrumb"},"inLanguage":"sv-SE","potentialAction":[{"@type":"ReadAction","target":["https:\/\/bico.com\/se\/vad-vi-gor\/lab-automation\/"]}]},{"@type":"ImageObject","inLanguage":"sv-SE","@id":"https:\/\/bico.com\/se\/vad-vi-gor\/lab-automation\/#primaryimage","url":"https:\/\/bico.com\/se\/wp-content\/uploads\/sites\/2\/2024\/10\/LA-Background.jpg","contentUrl":"https:\/\/bico.com\/se\/wp-content\/uploads\/sites\/2\/2024\/10\/LA-Background.jpg","width":1602,"height":900},{"@type":"BreadcrumbList","@id":"https:\/\/bico.com\/se\/vad-vi-gor\/lab-automation\/#breadcrumb","itemListElement":[{"@type":"ListItem","position":1,"name":"Hem","item":"https:\/\/bico.com\/se\/"},{"@type":"ListItem","position":2,"name":"Vad vi g\u00f6r","item":"https:\/\/bico.com\/se\/vad-vi-gor\/"},{"@type":"ListItem","position":3,"name":"Lab Automation"}]},{"@type":"WebSite","@id":"https:\/\/bico.com\/se\/#website","url":"https:\/\/bico.com\/se\/","name":"BICO Sverige","description":"Vi m\u00f6jligg\u00f6r och automatiserar framtidens life-science lab","publisher":{"@id":"https:\/\/bico.com\/se\/#organization"},"potentialAction":[{"@type":"SearchAction","target":{"@type":"EntryPoint","urlTemplate":"https:\/\/bico.com\/se\/?s={search_term_string}"},"query-input":{"@type":"PropertyValueSpecification","valueRequired":true,"valueName":"search_term_string"}}],"inLanguage":"sv-SE"},{"@type":"Organization","@id":"https:\/\/bico.com\/se\/#organization","name":"BICO Group AB","url":"https:\/\/bico.com\/se\/","logo":{"@type":"ImageObject","inLanguage":"sv-SE","@id":"https:\/\/bico.com\/se\/#\/schema\/logo\/image\/","url":"https:\/\/bico.com\/se\/wp-content\/uploads\/sites\/2\/2021\/07\/press-bico-logo.png","contentUrl":"https:\/\/bico.com\/se\/wp-content\/uploads\/sites\/2\/2021\/07\/press-bico-logo.png","width":1920,"height":1280,"caption":"BICO Group AB"},"image":{"@id":"https:\/\/bico.com\/se\/#\/schema\/logo\/image\/"},"sameAs":["https:\/\/www.facebook.com\/bico.group.ab","https:\/\/x.com\/theBICOgroup","https:\/\/www.instagram.com\/bicogroup_\/","https:\/\/www.linkedin.com\/company\/bico\/"]}]}},"_links":{"self":[{"href":"https:\/\/bico.com\/se\/wp-json\/wp\/v2\/pages\/7784","targetHints":{"allow":["GET"]}}],"collection":[{"href":"https:\/\/bico.com\/se\/wp-json\/wp\/v2\/pages"}],"about":[{"href":"https:\/\/bico.com\/se\/wp-json\/wp\/v2\/types\/page"}],"author":[{"embeddable":true,"href":"https:\/\/bico.com\/se\/wp-json\/wp\/v2\/users\/5"}],"replies":[{"embeddable":true,"href":"https:\/\/bico.com\/se\/wp-json\/wp\/v2\/comments?post=7784"}],"version-history":[{"count":0,"href":"https:\/\/bico.com\/se\/wp-json\/wp\/v2\/pages\/7784\/revisions"}],"up":[{"embeddable":true,"href":"https:\/\/bico.com\/se\/wp-json\/wp\/v2\/pages\/3738"}],"wp:attachment":[{"href":"https:\/\/bico.com\/se\/wp-json\/wp\/v2\/media?parent=7784"}],"curies":[{"name":"wp","href":"https:\/\/api.w.org\/{rel}","templated":true}]}}