{"id":7976,"date":"2026-04-22T13:46:00","date_gmt":"2026-04-22T11:46:00","guid":{"rendered":"https:\/\/bico.com\/se\/?page_id=7976"},"modified":"2026-04-22T13:47:38","modified_gmt":"2026-04-22T11:47:38","slug":"alternativa-nyckeltal","status":"publish","type":"page","link":"https:\/\/bico.com\/se\/investerare\/alternativa-nyckeltal\/","title":{"rendered":"Alternativa nyckeltal"},"content":{"rendered":"\t\t<div data-elementor-type=\"wp-page\" data-elementor-id=\"7976\" class=\"elementor elementor-7976\" data-elementor-post-type=\"page\">\n\t\t\t\t\t\t<section class=\"elementor-section elementor-top-section elementor-element elementor-element-3d7d267 elementor-section-boxed elementor-section-height-default elementor-section-height-default\" data-id=\"3d7d267\" data-element_type=\"section\">\n\t\t\t\t\t\t<div class=\"elementor-container elementor-column-gap-default\">\n\t\t\t\t\t<div class=\"elementor-column elementor-col-100 elementor-top-column elementor-element elementor-element-630a134\" data-id=\"630a134\" data-element_type=\"column\">\n\t\t\t<div class=\"elementor-widget-wrap elementor-element-populated\">\n\t\t\t\t\t\t<div class=\"elementor-element elementor-element-e28502b elementor-widget elementor-widget-text-editor\" data-id=\"e28502b\" data-element_type=\"widget\" data-widget_type=\"text-editor.default\">\n\t\t\t\t<div class=\"elementor-widget-container\">\n\t\t\t\t\t\t\t\t\t<p>I denna bokslutskommunik\u00e9 f\u00f6rekommer h\u00e4nvisningar till ett antal alternativa nyckeltal som kompletterar de m\u00e5tt som definieras eller specificeras i till\u00e4mpliga regler f\u00f6r finansiell rapportering. Vissa av dessa m\u00e5tt definieras i IFRS, medan andra \u00e4r alternativa m\u00e5tt som inte redovisas i enlighet med till\u00e4mpliga ramverk f\u00f6r finansiell rapportering eller \u00f6vrig lagstiftning. De alternativa nyckeltalen h\u00e4rleds fr\u00e5n bolagets koncernredovisning.<\/p><p>M\u00e5tten anv\u00e4nds av BICO f\u00f6r att de i sina sammanhang ger tydligare eller mer f\u00f6rdjupad information \u00e4n de m\u00e5tt som definieras i till\u00e4mpliga regler f\u00f6r finansiell rapportering, och d\u00e4rmed bist\u00e5r de b\u00e5de investerare och ledning att analysera verksamheten. H\u00e4r \u00e4r beskrivningarna av de alternativa nyckeltalen tillsammans med definitioner och anledningen till att de anv\u00e4nds.<\/p>\t\t\t\t\t\t\t\t<\/div>\n\t\t\t\t<\/div>\n\t\t\t\t\t<\/div>\n\t\t<\/div>\n\t\t\t\t\t<\/div>\n\t\t<\/section>\n\t\t\t\t<section class=\"elementor-section elementor-top-section elementor-element elementor-element-3c1f289 elementor-section-boxed elementor-section-height-default elementor-section-height-default\" data-id=\"3c1f289\" data-element_type=\"section\">\n\t\t\t\t\t\t<div class=\"elementor-container elementor-column-gap-default\">\n\t\t\t\t\t<div class=\"elementor-column elementor-col-100 elementor-top-column elementor-element elementor-element-29e5236\" data-id=\"29e5236\" data-element_type=\"column\">\n\t\t\t<div class=\"elementor-widget-wrap elementor-element-populated\">\n\t\t\t\t\t\t<div class=\"elementor-element elementor-element-984cfa4 elementor-widget elementor-widget-bico_table\" data-id=\"984cfa4\" data-element_type=\"widget\" data-widget_type=\"bico_table.default\">\n\t\t\t\t<div class=\"elementor-widget-container\">\n\t\t\t\t\t<h2 class=\"table-header\">Alternativa nyckeltal<\/h2>        <style>\n        tr:nth-child(even) {\n            background-color: #f2f2f2;\n        }\n        table tbody td:first-child, table th:first-child span {\n            padding-left: 10px;\n        }\n        table th span {\n            white-space: nowrap;\n        }\n        table tbody tr {\n            border-bottom: none;\n        }\n        table tbody td {\n            padding-right: 10px\n        }\n        <\/style>\n        <table style=\"width:955px; margin-left:0; margin-right:auto; border-collapse:collapse; text-align:left;\">\r\n  <tbody>\r\n    <tr>\r\n      <td style=\"text-align:left;\" width=\"147\"><strong>Alternativt nyckeltal<\/strong><\/td>\r\n      <td style=\"text-align:left;\" width=\"231\"><strong>Definition<\/strong><\/td>\r\n      <td style=\"text-align:left;\" width=\"283\"><strong>Syfte<\/strong><\/td>\r\n    <\/tr>\r\n\r\n    <tr>\r\n      <td style=\"text-align:left;\" width=\"147\"><strong>Soliditet<\/strong><\/td>\r\n      <td style=\"text-align:left;\" width=\"231\">Eget kapital dividerat med totala tillg\u00e5ngar.<\/td>\r\n      <td style=\"text-align:left;\" width=\"283\">BICO anser att soliditet \u00e4r ett anv\u00e4ndbart m\u00e5tt f\u00f6r bolagets fortlevnad.<\/td>\r\n    <\/tr>\r\n\r\n    <tr>\r\n      <td style=\"text-align:left;\" width=\"147\"><strong>Bruttoresultat<\/strong><\/td>\r\n      <td style=\"text-align:left;\" width=\"231\">Nettooms\u00e4ttning minskat med kostnad s\u00e5lda varor.<\/td>\r\n      <td style=\"text-align:left;\" width=\"283\">\r\n        Nyckeltalet visar effektiviteten i BICOs verksamhet och ger tillsammans med EBITDA\r\n        en helhetsbild av den l\u00f6pande vinstgenereringen och skalbarheten i verksamheten.\r\n      <\/td>\r\n    <\/tr>\r\n\r\n    <tr>\r\n      <td style=\"text-align:left;\" width=\"147\"><strong>Bruttomarginal<\/strong><\/td>\r\n      <td style=\"text-align:left;\" width=\"231\">Bruttoresultat i procent av nettooms\u00e4ttningen.<\/td>\r\n      <td style=\"text-align:left;\" width=\"283\">\r\n        Nyckeltalet anv\u00e4nds f\u00f6r analys av bolagets effektivitet och l\u00f6nsamhet.\r\n      <\/td>\r\n    <\/tr>\r\n\r\n    <tr>\r\n      <td style=\"text-align:left;\" width=\"147\">\r\n        <strong>Nettoskuld (-)\/Nettokassa (+)<br>exkl. leasing<\/strong>\r\n      <\/td>\r\n      <td style=\"text-align:left;\" width=\"231\">\r\n        Kortfristiga placeringar och likvida medel, reducerat med r\u00e4nteb\u00e4rande l\u00e5ngfristiga\r\n        och kortfristiga skulder exklusive leasingskulder. Villkorade k\u00f6peskillingar ing\u00e5r\r\n        inte i m\u00e5ttet nettoskuld. Ett positivt tal indikerar nettokassa.\r\n      <\/td>\r\n      <td style=\"text-align:left;\" width=\"283\">\r\n        BICO anser att nettoskuld\/nettokassa \u00e4r ett anv\u00e4ndbart m\u00e5tt f\u00f6r bolagets fortlevnad\r\n        samt m\u00f6jlighet att genomf\u00f6ra den fastst\u00e4llda aff\u00e4rsplanen.\r\n      <\/td>\r\n    <\/tr>\r\n\r\n    <tr>\r\n      <td style=\"text-align:left;\" width=\"147\"><strong>Justerad EBITDA<\/strong><\/td>\r\n      <td style=\"text-align:left;\" width=\"231\">\r\n        EBITDA justerat f\u00f6r j\u00e4mf\u00f6relsest\u00f6rande int\u00e4kter och kostnader.\r\n      <\/td>\r\n      <td style=\"text-align:left;\" width=\"283\">\r\n        Samma definition som EBITDA men med till\u00e4gg att justeringen f\u00f6r j\u00e4mf\u00f6relsest\u00f6rande\r\n        int\u00e4kter och kostnader f\u00f6rb\u00e4ttrar m\u00f6jligheten till j\u00e4mf\u00f6relser \u00f6ver tid genom att\r\n        poster med oregelbundenhet i frekvens eller storlek exkluderas.\r\n      <\/td>\r\n    <\/tr>\r\n\r\n    <tr>\r\n      <td style=\"text-align:left;\" width=\"147\"><strong>Justerad EBITDA, %<\/strong><\/td>\r\n      <td style=\"text-align:left;\" width=\"231\">\r\n        Justerad EBITDA i procent av nettooms\u00e4ttningen.\r\n      <\/td>\r\n      <td style=\"text-align:left;\" width=\"283\">\r\n        BICO anser att justerad EBITDA, % \u00e4r ett anv\u00e4ndbart m\u00e5tt f\u00f6r att visa det resultat\r\n        som genereras i den l\u00f6pande verksamheten.\r\n      <\/td>\r\n    <\/tr>\r\n\r\n    <tr>\r\n      <td style=\"text-align:left;\" width=\"147\">\r\n        <strong>R\u00f6relseresultat f\u00f6re av\u2011 och nedskrivningar (EBITDA)<\/strong>\r\n      <\/td>\r\n      <td style=\"text-align:left;\" width=\"231\">\r\n        Resultat f\u00f6re r\u00e4nta, skatt, avskrivningar och nedskrivningar.\r\n      <\/td>\r\n      <td style=\"text-align:left;\" width=\"283\">\r\n        Nyckeltalet \u00e4r ett anv\u00e4ndbart m\u00e5tt f\u00f6r att visa det resultat som genereras i den\r\n        dagliga verksamheten. D\u00e5 r\u00f6relseresultatet belastas av avskrivningar p\u00e5 \u00f6verv\u00e4rden\r\n        kopplade till de f\u00f6rv\u00e4rv BICO genomf\u00f6rt bed\u00f6mer koncernledningen att EBITDA \u00e4r ett\r\n        r\u00e4ttvisande m\u00e5tt p\u00e5 koncernens intj\u00e4ningsf\u00f6rm\u00e5ga.\r\n      <\/td>\r\n    <\/tr>\r\n\r\n    <tr>\r\n      <td style=\"text-align:left;\" width=\"147\"><strong>R\u00f6relsemarginal (EBITDA), %<\/strong><\/td>\r\n      <td style=\"text-align:left;\" width=\"231\">EBITDA i procent av nettooms\u00e4ttningen.<\/td>\r\n      <td style=\"text-align:left;\" width=\"283\">\r\n        BICO anser att r\u00f6relsemarginalen (EBITDA, %) \u00e4r ett anv\u00e4ndbart m\u00e5tt f\u00f6r att visa det\r\n        resultat som genereras i den l\u00f6pande verksamheten.\r\n      <\/td>\r\n    <\/tr>\r\n\r\n    <tr>\r\n      <td style=\"text-align:left;\" width=\"147\">\r\n        <strong>EBITDA minus aktiverat arbete f\u00f6r egen r\u00e4kning<\/strong>\r\n      <\/td>\r\n      <td style=\"text-align:left;\" width=\"231\">\r\n        Resultat f\u00f6re r\u00e4nta, skatt, avskrivningar och nedskrivningar, minskat med aktiverat\r\n        arbete f\u00f6r egen r\u00e4kning.\r\n      <\/td>\r\n      <td style=\"text-align:left;\" width=\"283\">\r\n        Samma definition som EBITDA, men minskat med aktiverat arbete f\u00f6r egen r\u00e4kning.\r\n        M\u00e5ttet eliminerar effekten av den redovisningsm\u00e4ssiga hanteringen av F&amp;U\u2011utgifter\r\n        i EBITDA och f\u00f6r detta m\u00e5tt n\u00e4rmare det faktiska kassafl\u00f6det.\r\n      <\/td>\r\n    <\/tr>\r\n\r\n    <tr>\r\n      <td style=\"text-align:left;\" width=\"147\">\r\n        <strong>EBITDA minus aktiverat arbete f\u00f6r egen r\u00e4kning, %<\/strong>\r\n      <\/td>\r\n      <td style=\"text-align:left;\" width=\"231\">\r\n        EBITDA minus aktiverat arbete f\u00f6r egen r\u00e4kning i procent av nettooms\u00e4ttningen.\r\n      <\/td>\r\n      <td style=\"text-align:left;\" width=\"283\">\r\n        BICO anser att detta \u00e4r ett anv\u00e4ndbart m\u00e5tt f\u00f6r att visa det resultat och kassafl\u00f6de\r\n        som genereras i den l\u00f6pande verksamheten.\r\n      <\/td>\r\n    <\/tr>\r\n\r\n    <tr>\r\n      <td style=\"text-align:left;\" width=\"147\"><strong>R\u00f6relseresultat (EBIT)<\/strong><\/td>\r\n      <td style=\"text-align:left;\" width=\"231\">\r\n        Resultat f\u00f6re r\u00e4nta och liknande poster och skatt.\r\n      <\/td>\r\n      <td style=\"text-align:left;\" width=\"283\">\r\n        BICO anser att r\u00f6relseresultat (EBIT) \u00e4r ett anv\u00e4ndbart m\u00e5tt f\u00f6r att visa det resultat\r\n        som genereras i den l\u00f6pande verksamheten.\r\n      <\/td>\r\n    <\/tr>\r\n\r\n    <tr>\r\n      <td style=\"text-align:left;\" width=\"147\"><strong>R\u00f6relsemarginal (EBIT), %<\/strong><\/td>\r\n      <td style=\"text-align:left;\" width=\"231\">EBIT i procent av nettooms\u00e4ttningen.<\/td>\r\n      <td style=\"text-align:left;\" width=\"283\">\r\n        BICO anser att r\u00f6relsemarginal (EBIT, %) \u00e4r ett anv\u00e4ndbart m\u00e5tt f\u00f6r att visa det\r\n        resultat som genereras i den l\u00f6pande verksamheten.\r\n      <\/td>\r\n    <\/tr>\r\n\r\n    <tr>\r\n      <td style=\"text-align:left;\" width=\"147\"><strong>Organisk oms\u00e4ttningstillv\u00e4xt<\/strong><\/td>\r\n      <td style=\"text-align:left;\" width=\"231\">\r\n        Tillv\u00e4xt skapad fr\u00e5n verksamhet i bolag som fanns i koncernen under motsvarande\r\n        j\u00e4mf\u00f6relseperiod i konstant valuta.\r\n      <\/td>\r\n      <td style=\"text-align:left;\" width=\"283\">\r\n        Nyckeltalet visar tillv\u00e4xten i den befintliga verksamheten rensat f\u00f6r f\u00f6rv\u00e4rv,\r\n        avyttringar och valutaeffekter de senaste 12 m\u00e5naderna.\r\n      <\/td>\r\n    <\/tr>\r\n  <\/tbody>\r\n<\/table>\t\t\t\t<\/div>\n\t\t\t\t<\/div>\n\t\t\t\t\t<\/div>\n\t\t<\/div>\n\t\t\t\t\t<\/div>\n\t\t<\/section>\n\t\t\t\t<\/div>\n\t\t","protected":false},"excerpt":{"rendered":"<p>I denna bokslutskommunik\u00e9 f\u00f6rekommer h\u00e4nvisningar till ett antal alternativa nyckeltal som kompletterar de m\u00e5tt som definieras eller specificeras i till\u00e4mpliga regler f\u00f6r finansiell rapportering. Vissa av dessa m\u00e5tt definieras i IFRS, medan andra \u00e4r alternativa m\u00e5tt som inte redovisas i enlighet med till\u00e4mpliga ramverk f\u00f6r finansiell rapportering eller \u00f6vrig lagstiftning. De alternativa nyckeltalen h\u00e4rleds fr\u00e5n [&hellip;]<\/p>\n","protected":false},"author":20,"featured_media":0,"parent":1416,"menu_order":0,"comment_status":"closed","ping_status":"closed","template":"","meta":{"_acf_changed":false,"content-type":"","footnotes":""},"class_list":["post-7976","page","type-page","status-publish","hentry"],"acf":[],"yoast_head":"<!-- This site is optimized with the Yoast SEO Premium plugin v19.3 (Yoast SEO v24.8.1) - https:\/\/yoast.com\/wordpress\/plugins\/seo\/ -->\n<title>Alternativa nyckeltal - BICO Sverige<\/title>\n<meta name=\"robots\" content=\"index, follow, max-snippet:-1, max-image-preview:large, max-video-preview:-1\" \/>\n<link rel=\"canonical\" href=\"https:\/\/bico.com\/se\/investerare\/alternativa-nyckeltal\/\" \/>\n<meta property=\"og:locale\" content=\"sv_SE\" \/>\n<meta property=\"og:type\" content=\"article\" \/>\n<meta property=\"og:title\" content=\"Alternativa nyckeltal\" \/>\n<meta property=\"og:description\" content=\"I denna bokslutskommunik\u00e9 f\u00f6rekommer h\u00e4nvisningar till ett antal alternativa nyckeltal som kompletterar de m\u00e5tt som definieras eller specificeras i till\u00e4mpliga regler f\u00f6r finansiell rapportering. Vissa av dessa m\u00e5tt definieras i IFRS, medan andra \u00e4r alternativa m\u00e5tt som inte redovisas i enlighet med till\u00e4mpliga ramverk f\u00f6r finansiell rapportering eller \u00f6vrig lagstiftning. De alternativa nyckeltalen h\u00e4rleds fr\u00e5n [&hellip;]\" \/>\n<meta property=\"og:url\" content=\"https:\/\/bico.com\/se\/investerare\/alternativa-nyckeltal\/\" \/>\n<meta property=\"og:site_name\" content=\"BICO Sverige\" \/>\n<meta property=\"article:publisher\" content=\"https:\/\/www.facebook.com\/bico.group.ab\" \/>\n<meta property=\"article:modified_time\" content=\"2026-04-22T11:47:38+00:00\" \/>\n<meta name=\"twitter:card\" content=\"summary_large_image\" \/>\n<meta name=\"twitter:site\" content=\"@theBICOgroup\" \/>\n<meta name=\"twitter:label1\" content=\"Ber\u00e4knad l\u00e4stid\" \/>\n\t<meta name=\"twitter:data1\" content=\"3 minuter\" \/>\n<script type=\"application\/ld+json\" class=\"yoast-schema-graph\">{\"@context\":\"https:\/\/schema.org\",\"@graph\":[{\"@type\":\"WebPage\",\"@id\":\"https:\/\/bico.com\/se\/investerare\/alternativa-nyckeltal\/\",\"url\":\"https:\/\/bico.com\/se\/investerare\/alternativa-nyckeltal\/\",\"name\":\"Alternativa nyckeltal - BICO Sverige\",\"isPartOf\":{\"@id\":\"https:\/\/bico.com\/se\/#website\"},\"datePublished\":\"2026-04-22T11:46:00+00:00\",\"dateModified\":\"2026-04-22T11:47:38+00:00\",\"breadcrumb\":{\"@id\":\"https:\/\/bico.com\/se\/investerare\/alternativa-nyckeltal\/#breadcrumb\"},\"inLanguage\":\"sv-SE\",\"potentialAction\":[{\"@type\":\"ReadAction\",\"target\":[\"https:\/\/bico.com\/se\/investerare\/alternativa-nyckeltal\/\"]}]},{\"@type\":\"BreadcrumbList\",\"@id\":\"https:\/\/bico.com\/se\/investerare\/alternativa-nyckeltal\/#breadcrumb\",\"itemListElement\":[{\"@type\":\"ListItem\",\"position\":1,\"name\":\"Hem\",\"item\":\"https:\/\/bico.com\/se\/\"},{\"@type\":\"ListItem\",\"position\":2,\"name\":\"Investerare\",\"item\":\"https:\/\/bico.com\/se\/investerare\/\"},{\"@type\":\"ListItem\",\"position\":3,\"name\":\"Alternativa nyckeltal\"}]},{\"@type\":\"WebSite\",\"@id\":\"https:\/\/bico.com\/se\/#website\",\"url\":\"https:\/\/bico.com\/se\/\",\"name\":\"BICO Sverige\",\"description\":\"Vi m\u00f6jligg\u00f6r och automatiserar framtidens life-science lab\",\"publisher\":{\"@id\":\"https:\/\/bico.com\/se\/#organization\"},\"potentialAction\":[{\"@type\":\"SearchAction\",\"target\":{\"@type\":\"EntryPoint\",\"urlTemplate\":\"https:\/\/bico.com\/se\/?s={search_term_string}\"},\"query-input\":{\"@type\":\"PropertyValueSpecification\",\"valueRequired\":true,\"valueName\":\"search_term_string\"}}],\"inLanguage\":\"sv-SE\"},{\"@type\":\"Organization\",\"@id\":\"https:\/\/bico.com\/se\/#organization\",\"name\":\"BICO Group AB\",\"url\":\"https:\/\/bico.com\/se\/\",\"logo\":{\"@type\":\"ImageObject\",\"inLanguage\":\"sv-SE\",\"@id\":\"https:\/\/bico.com\/se\/#\/schema\/logo\/image\/\",\"url\":\"https:\/\/bico.com\/se\/wp-content\/uploads\/sites\/2\/2021\/07\/press-bico-logo.png\",\"contentUrl\":\"https:\/\/bico.com\/se\/wp-content\/uploads\/sites\/2\/2021\/07\/press-bico-logo.png\",\"width\":1920,\"height\":1280,\"caption\":\"BICO Group AB\"},\"image\":{\"@id\":\"https:\/\/bico.com\/se\/#\/schema\/logo\/image\/\"},\"sameAs\":[\"https:\/\/www.facebook.com\/bico.group.ab\",\"https:\/\/x.com\/theBICOgroup\",\"https:\/\/www.instagram.com\/bicogroup_\/\",\"https:\/\/www.linkedin.com\/company\/bico\/\"]}]}<\/script>\n<!-- \/ Yoast SEO Premium plugin. -->","yoast_head_json":{"title":"Alternativa nyckeltal - BICO Sverige","robots":{"index":"index","follow":"follow","max-snippet":"max-snippet:-1","max-image-preview":"max-image-preview:large","max-video-preview":"max-video-preview:-1"},"canonical":"https:\/\/bico.com\/se\/investerare\/alternativa-nyckeltal\/","og_locale":"sv_SE","og_type":"article","og_title":"Alternativa nyckeltal","og_description":"I denna bokslutskommunik\u00e9 f\u00f6rekommer h\u00e4nvisningar till ett antal alternativa nyckeltal som kompletterar de m\u00e5tt som definieras eller specificeras i till\u00e4mpliga regler f\u00f6r finansiell rapportering. Vissa av dessa m\u00e5tt definieras i IFRS, medan andra \u00e4r alternativa m\u00e5tt som inte redovisas i enlighet med till\u00e4mpliga ramverk f\u00f6r finansiell rapportering eller \u00f6vrig lagstiftning. De alternativa nyckeltalen h\u00e4rleds fr\u00e5n [&hellip;]","og_url":"https:\/\/bico.com\/se\/investerare\/alternativa-nyckeltal\/","og_site_name":"BICO Sverige","article_publisher":"https:\/\/www.facebook.com\/bico.group.ab","article_modified_time":"2026-04-22T11:47:38+00:00","twitter_card":"summary_large_image","twitter_site":"@theBICOgroup","twitter_misc":{"Ber\u00e4knad l\u00e4stid":"3 minuter"},"schema":{"@context":"https:\/\/schema.org","@graph":[{"@type":"WebPage","@id":"https:\/\/bico.com\/se\/investerare\/alternativa-nyckeltal\/","url":"https:\/\/bico.com\/se\/investerare\/alternativa-nyckeltal\/","name":"Alternativa nyckeltal - BICO Sverige","isPartOf":{"@id":"https:\/\/bico.com\/se\/#website"},"datePublished":"2026-04-22T11:46:00+00:00","dateModified":"2026-04-22T11:47:38+00:00","breadcrumb":{"@id":"https:\/\/bico.com\/se\/investerare\/alternativa-nyckeltal\/#breadcrumb"},"inLanguage":"sv-SE","potentialAction":[{"@type":"ReadAction","target":["https:\/\/bico.com\/se\/investerare\/alternativa-nyckeltal\/"]}]},{"@type":"BreadcrumbList","@id":"https:\/\/bico.com\/se\/investerare\/alternativa-nyckeltal\/#breadcrumb","itemListElement":[{"@type":"ListItem","position":1,"name":"Hem","item":"https:\/\/bico.com\/se\/"},{"@type":"ListItem","position":2,"name":"Investerare","item":"https:\/\/bico.com\/se\/investerare\/"},{"@type":"ListItem","position":3,"name":"Alternativa nyckeltal"}]},{"@type":"WebSite","@id":"https:\/\/bico.com\/se\/#website","url":"https:\/\/bico.com\/se\/","name":"BICO Sverige","description":"Vi m\u00f6jligg\u00f6r och automatiserar framtidens life-science lab","publisher":{"@id":"https:\/\/bico.com\/se\/#organization"},"potentialAction":[{"@type":"SearchAction","target":{"@type":"EntryPoint","urlTemplate":"https:\/\/bico.com\/se\/?s={search_term_string}"},"query-input":{"@type":"PropertyValueSpecification","valueRequired":true,"valueName":"search_term_string"}}],"inLanguage":"sv-SE"},{"@type":"Organization","@id":"https:\/\/bico.com\/se\/#organization","name":"BICO Group AB","url":"https:\/\/bico.com\/se\/","logo":{"@type":"ImageObject","inLanguage":"sv-SE","@id":"https:\/\/bico.com\/se\/#\/schema\/logo\/image\/","url":"https:\/\/bico.com\/se\/wp-content\/uploads\/sites\/2\/2021\/07\/press-bico-logo.png","contentUrl":"https:\/\/bico.com\/se\/wp-content\/uploads\/sites\/2\/2021\/07\/press-bico-logo.png","width":1920,"height":1280,"caption":"BICO Group AB"},"image":{"@id":"https:\/\/bico.com\/se\/#\/schema\/logo\/image\/"},"sameAs":["https:\/\/www.facebook.com\/bico.group.ab","https:\/\/x.com\/theBICOgroup","https:\/\/www.instagram.com\/bicogroup_\/","https:\/\/www.linkedin.com\/company\/bico\/"]}]}},"_links":{"self":[{"href":"https:\/\/bico.com\/se\/wp-json\/wp\/v2\/pages\/7976","targetHints":{"allow":["GET"]}}],"collection":[{"href":"https:\/\/bico.com\/se\/wp-json\/wp\/v2\/pages"}],"about":[{"href":"https:\/\/bico.com\/se\/wp-json\/wp\/v2\/types\/page"}],"author":[{"embeddable":true,"href":"https:\/\/bico.com\/se\/wp-json\/wp\/v2\/users\/20"}],"replies":[{"embeddable":true,"href":"https:\/\/bico.com\/se\/wp-json\/wp\/v2\/comments?post=7976"}],"version-history":[{"count":0,"href":"https:\/\/bico.com\/se\/wp-json\/wp\/v2\/pages\/7976\/revisions"}],"up":[{"embeddable":true,"href":"https:\/\/bico.com\/se\/wp-json\/wp\/v2\/pages\/1416"}],"wp:attachment":[{"href":"https:\/\/bico.com\/se\/wp-json\/wp\/v2\/media?parent=7976"}],"curies":[{"name":"wp","href":"https:\/\/api.w.org\/{rel}","templated":true}]}}